{"id":13,"date":"2024-08-12T09:54:46","date_gmt":"2024-08-12T09:54:46","guid":{"rendered":"https:\/\/nutreact.eu\/?page_id=13"},"modified":"2025-02-05T09:56:36","modified_gmt":"2025-02-05T09:56:36","slug":"was-ist-nutreact","status":"publish","type":"page","link":"https:\/\/nutreact.eu\/de\/was-ist-nutreact\/","title":{"rendered":"Was ist Nutreact"},"content":{"rendered":"<div data-elementor-type=\"wp-page\" data-elementor-id=\"13\" class=\"elementor elementor-13\" data-elementor-post-type=\"page\">\n\t\t\t\t<div class=\"elementor-element elementor-element-fc5b535 e-con-full e-flex e-con e-parent\" data-id=\"fc5b535\" data-element_type=\"container\" data-settings=\"{&quot;background_background&quot;:&quot;classic&quot;}\">\n\t\t\t\t<div class=\"elementor-element elementor-element-f690c8b elementor-icon-list--layout-inline elementor-list-item-link-full_width elementor-widget elementor-widget-icon-list\" data-id=\"f690c8b\" data-element_type=\"widget\" data-widget_type=\"icon-list.default\">\n\t\t\t\t<div class=\"elementor-widget-container\">\n\t\t\t\t\t\t\t<ul class=\"elementor-icon-list-items elementor-inline-items\">\n\t\t\t\t\t\t\t<li class=\"elementor-icon-list-item elementor-inline-item\">\n\t\t\t\t\t\t\t\t\t\t\t<a href=\"https:\/\/nutreact.eu\/de\">\n\n\t\t\t\t\t\t\t\t\t\t\t<span class=\"elementor-icon-list-text\">Home<\/span>\n\t\t\t\t\t\t\t\t\t\t\t<\/a>\n\t\t\t\t\t\t\t\t\t<\/li>\n\t\t\t\t\t\t\t\t<li class=\"elementor-icon-list-item elementor-inline-item\">\n\t\t\t\t\t\t\t\t\t\t\t<span class=\"elementor-icon-list-icon\">\n\t\t\t\t\t\t\t<svg aria-hidden=\"true\" class=\"e-font-icon-svg e-fas-slash\" viewbox=\"0 0 640 512\" xmlns=\"http:\/\/www.w3.org\/2000\/svg\"><path d=\"M594.53 508.63L6.18 53.9c-6.97-5.42-8.23-15.47-2.81-22.45L23.01 6.18C28.43-.8 38.49-2.06 45.47 3.37L633.82 458.1c6.97 5.42 8.23 15.47 2.81 22.45l-19.64 25.27c-5.42 6.98-15.48 8.23-22.46 2.81z\"><\/path><\/svg>\t\t\t\t\t\t<\/span>\n\t\t\t\t\t\t\t\t\t\t<span class=\"elementor-icon-list-text\">Was ist Nutreact<\/span>\n\t\t\t\t\t\t\t\t\t<\/li>\n\t\t\t\t\t\t<\/ul>\n\t\t\t\t\t\t<\/div>\n\t\t\t\t<\/div>\n\t\t\t\t<div class=\"elementor-element elementor-element-36c9bc8 elementor-widget elementor-widget-heading\" data-id=\"36c9bc8\" data-element_type=\"widget\" data-widget_type=\"heading.default\">\n\t\t\t\t<div class=\"elementor-widget-container\">\n\t\t\t\t\t<h1 class=\"elementor-heading-title elementor-size-default\">Was ist Nutreact<\/h1>\t\t\t\t<\/div>\n\t\t\t\t<\/div>\n\t\t\t\t<\/div>\n\t\t<div class=\"elementor-element elementor-element-4f0f2b0 e-flex e-con-boxed e-con e-parent\" data-id=\"4f0f2b0\" data-element_type=\"container\">\n\t\t\t\t\t<div class=\"e-con-inner\">\n\t\t<div class=\"elementor-element elementor-element-0f3eb02 e-con-full e-flex e-con e-child\" data-id=\"0f3eb02\" data-element_type=\"container\">\n\t\t<div class=\"elementor-element elementor-element-e8f3cd2 e-con-full e-flex e-con e-child\" data-id=\"e8f3cd2\" data-element_type=\"container\">\n\t\t\t\t<div class=\"elementor-element elementor-element-051bcea elementor-widget elementor-widget-heading\" data-id=\"051bcea\" data-element_type=\"widget\" data-widget_type=\"heading.default\">\n\t\t\t\t<div class=\"elementor-widget-container\">\n\t\t\t\t\t<h2 class=\"elementor-heading-title elementor-size-default\">Vision<\/h2>\t\t\t\t<\/div>\n\t\t\t\t<\/div>\n\t\t\t\t<div class=\"elementor-element elementor-element-fbc347a elementor-widget elementor-widget-text-editor\" data-id=\"fbc347a\" data-element_type=\"widget\" data-widget_type=\"text-editor.default\">\n\t\t\t\t<div class=\"elementor-widget-container\">\n\t\t\t\t\t\t\t\t\t<p>Niederl\u00e4ndische und belgische Seen, Oberfl\u00e4chengew\u00e4sser und Teiche waren urspr\u00fcnglich klare und pflanzenreiche Systeme mit einer gro\u00dfen Vielfalt an Fauna und Flora. Durch den st\u00e4ndigen Anstieg der Stickstoff- und Phosphorbelastung (in Form von Phosphat) sind diese Wasserl\u00e4ufe in der Vergangenheit tr\u00fcbe geworden und weisen eine geringere Artenvielfalt auf.\u00a0<\/p>\t\t\t\t\t\t\t\t<\/div>\n\t\t\t\t<\/div>\n\t\t\t\t<\/div>\n\t\t\t\t<\/div>\n\t\t\t\t\t<\/div>\n\t\t\t\t<\/div>\n\t\t<div class=\"elementor-element elementor-element-74e4f5a e-flex e-con-boxed e-con e-parent\" data-id=\"74e4f5a\" data-element_type=\"container\">\n\t\t\t\t\t<div class=\"e-con-inner\">\n\t\t<div class=\"elementor-element elementor-element-f1ecfc6 e-flex e-con-boxed e-con e-child\" data-id=\"f1ecfc6\" data-element_type=\"container\">\n\t\t\t\t\t<div class=\"e-con-inner\">\n\t\t\t\t<div class=\"elementor-element elementor-element-3169b52 elementor-widget elementor-widget-video\" data-id=\"3169b52\" data-element_type=\"widget\" data-settings=\"{&quot;youtube_url&quot;:&quot;https:\\\/\\\/youtu.be\\\/-rELmtPK98A?si=VUjmcEKq7D8jYy_N&quot;,&quot;lazy_load&quot;:&quot;yes&quot;,&quot;video_type&quot;:&quot;youtube&quot;,&quot;controls&quot;:&quot;yes&quot;}\" data-widget_type=\"video.default\">\n\t\t\t\t<div class=\"elementor-widget-container\">\n\t\t\t\t\t\t\t<div class=\"elementor-wrapper elementor-open-inline\">\n\t\t\t<div class=\"elementor-video\"><\/div>\t\t<\/div>\n\t\t\t\t\t\t<\/div>\n\t\t\t\t<\/div>\n\t\t\t\t\t<\/div>\n\t\t\t\t<\/div>\n\t\t<div class=\"elementor-element elementor-element-d3e810d e-flex e-con-boxed e-con e-child\" data-id=\"d3e810d\" data-element_type=\"container\">\n\t\t\t\t\t<div class=\"e-con-inner\">\n\t\t\t\t<div class=\"elementor-element elementor-element-2d0f2ae elementor-widget elementor-widget-heading\" data-id=\"2d0f2ae\" data-element_type=\"widget\" data-widget_type=\"heading.default\">\n\t\t\t\t<div class=\"elementor-widget-container\">\n\t\t\t\t\t<h2 class=\"elementor-heading-title elementor-size-default\">Als Hauptursachen f\u00fcr die Eutrophierung werden h\u00e4ufig folgende Gr\u00fcnde genannt:<\/h2>\t\t\t\t<\/div>\n\t\t\t\t<\/div>\n\t\t\t\t<div class=\"elementor-element elementor-element-b9f775b elementor-icon-list--layout-traditional elementor-list-item-link-full_width elementor-widget elementor-widget-icon-list\" data-id=\"b9f775b\" data-element_type=\"widget\" data-widget_type=\"icon-list.default\">\n\t\t\t\t<div class=\"elementor-widget-container\">\n\t\t\t\t\t\t\t<ul class=\"elementor-icon-list-items\">\n\t\t\t\t\t\t\t<li class=\"elementor-icon-list-item\">\n\t\t\t\t\t\t\t\t\t\t\t<span class=\"elementor-icon-list-icon\">\n\t\t\t\t\t\t\t<svg aria-hidden=\"true\" class=\"e-font-icon-svg e-fas-circle\" viewbox=\"0 0 512 512\" xmlns=\"http:\/\/www.w3.org\/2000\/svg\"><path d=\"M256 8C119 8 8 119 8 256s111 248 248 248 248-111 248-248S393 8 256 8z\"><\/path><\/svg>\t\t\t\t\t\t<\/span>\n\t\t\t\t\t\t\t\t\t\t<span class=\"elementor-icon-list-text\">Externe Belastung: Auswaschung und Abfluss von D\u00fcngemitteln<\/span>\n\t\t\t\t\t\t\t\t\t<\/li>\n\t\t\t\t\t\t\t\t<li class=\"elementor-icon-list-item\">\n\t\t\t\t\t\t\t\t\t\t\t<span class=\"elementor-icon-list-icon\">\n\t\t\t\t\t\t\t<svg aria-hidden=\"true\" class=\"e-font-icon-svg e-fas-circle\" viewbox=\"0 0 512 512\" xmlns=\"http:\/\/www.w3.org\/2000\/svg\"><path d=\"M256 8C119 8 8 119 8 256s111 248 248 248 248-111 248-248S393 8 256 8z\"><\/path><\/svg>\t\t\t\t\t\t<\/span>\n\t\t\t\t\t\t\t\t\t\t<span class=\"elementor-icon-list-text\">Zunahme der internen Belastung: Zersetzung organischer Stoffe<\/span>\n\t\t\t\t\t\t\t\t\t<\/li>\n\t\t\t\t\t\t\t\t<li class=\"elementor-icon-list-item\">\n\t\t\t\t\t\t\t\t\t\t\t<span class=\"elementor-icon-list-icon\">\n\t\t\t\t\t\t\t<svg aria-hidden=\"true\" class=\"e-font-icon-svg e-fas-circle\" viewbox=\"0 0 512 512\" xmlns=\"http:\/\/www.w3.org\/2000\/svg\"><path d=\"M256 8C119 8 8 119 8 256s111 248 248 248 248-111 248-248S393 8 256 8z\"><\/path><\/svg>\t\t\t\t\t\t<\/span>\n\t\t\t\t\t\t\t\t\t\t<span class=\"elementor-icon-list-text\">Verringerung kritischer Lasten: feste Messger\u00e4te<\/span>\n\t\t\t\t\t\t\t\t\t<\/li>\n\t\t\t\t\t\t\t\t<li class=\"elementor-icon-list-item\">\n\t\t\t\t\t\t\t\t\t\t\t<span class=\"elementor-icon-list-icon\">\n\t\t\t\t\t\t\t<svg aria-hidden=\"true\" class=\"e-font-icon-svg e-fas-circle\" viewbox=\"0 0 512 512\" xmlns=\"http:\/\/www.w3.org\/2000\/svg\"><path d=\"M256 8C119 8 8 119 8 256s111 248 248 248 248-111 248-248S393 8 256 8z\"><\/path><\/svg>\t\t\t\t\t\t<\/span>\n\t\t\t\t\t\t\t\t\t\t<span class=\"elementor-icon-list-text\">Zunehmende interne Belastung: durch Befreiung vom historischen Boden\u00a0<\/span>\n\t\t\t\t\t\t\t\t\t<\/li>\n\t\t\t\t\t\t<\/ul>\n\t\t\t\t\t\t<\/div>\n\t\t\t\t<\/div>\n\t\t\t\t\t<\/div>\n\t\t\t\t<\/div>\n\t\t\t\t\t<\/div>\n\t\t\t\t<\/div>\n\t\t<div class=\"elementor-element elementor-element-c806257 e-flex e-con-boxed e-con e-parent\" data-id=\"c806257\" data-element_type=\"container\">\n\t\t\t\t\t<div class=\"e-con-inner\">\n\t\t\t\t<div class=\"elementor-element elementor-element-6b2f0ee elementor-widget elementor-widget-heading\" data-id=\"6b2f0ee\" data-element_type=\"widget\" data-widget_type=\"heading.default\">\n\t\t\t\t<div class=\"elementor-widget-container\">\n\t\t\t\t\t<h2 class=\"elementor-heading-title elementor-size-default\">Problemstellung<\/h2>\t\t\t\t<\/div>\n\t\t\t\t<\/div>\n\t\t\t\t<div class=\"elementor-element elementor-element-868e254 elementor-widget elementor-widget-text-editor\" data-id=\"868e254\" data-element_type=\"widget\" data-widget_type=\"text-editor.default\">\n\t\t\t\t<div class=\"elementor-widget-container\">\n\t\t\t\t\t\t\t\t\t<p><span style=\"color: #000000;\">Phosphat wird als Hauptfaktor der Eutrophierung angesehen, da es sich leicht an organische\/anorganische Medien bindet und daher jederzeit freigesetzt werden kann. Stickstoff spielt dabei weniger eine Rolle und kann \u201eleichter\u201c aus der Wassers\u00e4ule entfernt werden. Stickstoff kann u. a. auch von Blaualgen biologisch gebunden werden.  Es ist klar, dass sich Phosphor in Form von Phosphat nur dann auf die durch Algenbl\u00fcten verursachte Tr\u00fcbung auswirken kann, wenn er in die Wassers\u00e4ule gelangt.<\/span><\/p><p><span style=\"color: #000000;\">Die N\u00e4hrstoffzufuhr kann, wie oben beschrieben, auf unterschiedliche Weise erfolgen. Die externe Belastung wird mehr oder weniger konstant sein, mit Schwankungen im Laufe der Jahreszeiten. Die interne Belastung sollte in einem Teichsystem ziemlich ausgeglichen sein, ohne dass es zu Kalamit\u00e4ten kommt. Der Wasserstand wird (gr\u00f6\u00dftenteils) durch menschliche Eingriffe bestimmt und ist daher ebenfalls kontrollierbar. Ein letzter Faktor, der lange Zeit vernachl\u00e4ssigt wurde, ist die Nachlieferung aus dem Boden aufgrund der historischen Phosphatspeicherung in der Mineralschicht. Da dieses haupts\u00e4chlich physikalisch-chemisch fixiert ist, wird es also freigesetzt, wenn die Konzentration im Grundwasserleiter sinkt. Dabei h\u00e4ngt die Nachlieferung vor allem davon ab, welche Form der Sequestrierung und welches Redoxpotential im Boden vorliegt. Je nach der Menge des gebundenen Phosphats kann die anschlie\u00dfende Freisetzung aus dem Boden mehrere Jahre dauern. Aber auch hier gilt, wie bereits erw\u00e4hnt, dass es immer wieder in die Wasserschicht abgegeben wird, um von Algen, Bakterien und Pflanzen aufgenommen zu werden.<\/span><\/p><p><span style=\"color: #000000;\">\u00dcbersch\u00fcssiges Phosphat f\u00fchrt schlie\u00dflich zu Problemen im Wasserk\u00f6rper. Algen und Blaualgen sind sehr schnell wachsende Organismen. Sie wachsen schneller als Wasserpflanzen und konkurrieren um das Phosphat. Wenn viele Algen im Wasser sind, entziehen sie den Wasserpflanzen das notwendige Licht. Infolgedessen wachsen die Wasserpflanzen weniger, was ihre F\u00e4higkeit verringert, mit den Algen um Phosphat zu konkurrieren. Dieser Schneeballeffekt f\u00fchrt dazu, dass die Algen zur Bl\u00fcte kommen k\u00f6nnen. Vor allem f\u00fcr Blaualgen ist diese Bl\u00fcte ein Problem, da sie oft mit zu vielen Giftstoffen im Wasser einhergeht.<\/span><\/p><h4 style=\"font-family: var( --e-global-typography-83682a1-font-family ), Sans-serif; font-weight: var( --e-global-typography-83682a1-font-weight ); line-height: var( --e-global-typography-83682a1-line-height ); font-size: var( --e-global-typography-83682a1-font-size ); letter-spacing: normal; word-spacing: 0px;\"><span style=\"color: #000000;\">Zielsetzung<\/span><\/h4><p><span style=\"color: #000000;\">Nutreact schafft die Voraussetzungen f\u00fcr eine \u00f6kologische Erholung, indem es \u00fcbersch\u00fcssiges Phosphat (und Nitrat) aus dem Wasser entfernt. Es wird sozusagen der Reset-Knopf gedr\u00fcckt. Interessanterweise kann Nutreact auch zur Bek\u00e4mpfung des Blaualgenproblems eingesetzt werden. Nutreact geht den Weg, eine Blaualgenbl\u00fcte einfach zu verhindern, indem es das Phosphat tats\u00e4chlich aus der Wassers\u00e4ule entfernt. Ohne jegliche Zus\u00e4tze f\u00fcr das Wasser. Auf nachhaltige Weise.<\/span><\/p><p><span style=\"color: #000000;\">Die Nutreact-Technologie konzentriert sich auf die Entfernung bioverf\u00fcgbarer N\u00e4hrstoffe auf sehr niedrige Restkonzentrationen.  Bei dieser Technologie werden spezifische P-akkumulierende Mikroorganismen eingesetzt, die dazu angeregt werden, N\u00e4hrstoffe bis zu sehr niedrigen Restkonzentrationen zu entfernen. Im Nutreact-Reaktor wird eine Gesamt-N-Konzentration von &lt;0,1mg N\/L und eine Gesamt-P-Konzentration von 0,01mg P\/L kontrolliert.<\/span><\/p><h4 style=\"font-family: var( --e-global-typography-83682a1-font-family ), Sans-serif; font-weight: var( --e-global-typography-83682a1-font-weight ); line-height: var( --e-global-typography-83682a1-line-height ); font-size: var( --e-global-typography-83682a1-font-size ); letter-spacing: normal; word-spacing: 0px;\">Validierung<\/h4><p><span style=\"color: #000000;\">Die Nutreact-Technologie hat sich sowohl im Laborma\u00dfstab als auch in kleineren Gew\u00e4ssern bew\u00e4hrt.\u00a0<\/span><\/p><p><span style=\"color: #000000;\">Ein gro\u00df angelegter Pilotversuch auf der Binnenschelde in Bergen op Zoom soll im Juni 2024 gestartet werden.\u00a0<\/span><\/p><p><span style=\"color: #000000;\">Sie k\u00f6nnen dar\u00fcber lesen unter <a href=\"https:\/\/nutreact.eu\/de\/pilot-blaualgen-binnenschelde\/\">diese Seite<\/a> mehr lesen.\u00a0<\/span><\/p><p><span style=\"color: #000000;\">F\u00fcr weitere Informationen \u00fcber Nutreact, kontaktieren Sie uns bitte!<\/span><\/p>\t\t\t\t\t\t\t\t<\/div>\n\t\t\t\t<\/div>\n\t\t\t\t\t<\/div>\n\t\t\t\t<\/div>\n\t\t\t\t<\/div>","protected":false},"excerpt":{"rendered":"<p>Home Wat is Nutreact Wat is Nutreact? Visie De Nederlandse en Belgische meren, oppervlaktewateren en vijvers waren van oorsprong heldere en plantenrijke systemen, met een hoge diversiteit aan fauna en flora. Door de constante toename van belasting met stikstof en fosfor (in de vorm van fosfaat), zijn deze waterlopen historisch overgegaan naar troebelheid en minder [&hellip;]<\/p>","protected":false},"author":1,"featured_media":0,"parent":0,"menu_order":0,"comment_status":"closed","ping_status":"closed","template":"elementor_header_footer","meta":{"iawp_total_views":89,"footnotes":""},"class_list":["post-13","page","type-page","status-publish","hentry"],"yoast_head":"<!-- This site is optimized with the Yoast SEO plugin v26.6 - https:\/\/yoast.com\/wordpress\/plugins\/seo\/ -->\n<title>Wat is Nutreact - Nutreact<\/title>\n<meta name=\"description\" content=\"Wat is Nutreact? Innovatieve technologie voor ecologisch waterherstel. Verwijdert overtollig fosfaat en pakt blauwalgbloei aan.\" \/>\n<meta name=\"robots\" content=\"index, follow, max-snippet:-1, max-image-preview:large, max-video-preview:-1\" \/>\n<link rel=\"canonical\" href=\"https:\/\/nutreact.eu\/de\/was-ist-nutreact\/\" \/>\n<meta property=\"og:locale\" content=\"de_DE\" \/>\n<meta property=\"og:type\" content=\"article\" \/>\n<meta property=\"og:title\" content=\"Wat is Nutreact - Nutreact\" \/>\n<meta property=\"og:description\" content=\"Wat is Nutreact? Innovatieve technologie voor ecologisch waterherstel. Verwijdert overtollig fosfaat en pakt blauwalgbloei aan.\" \/>\n<meta property=\"og:url\" content=\"https:\/\/nutreact.eu\/de\/was-ist-nutreact\/\" \/>\n<meta property=\"og:site_name\" content=\"Nutreact\" \/>\n<meta property=\"article:modified_time\" content=\"2025-02-05T09:56:36+00:00\" \/>\n<meta name=\"twitter:card\" content=\"summary_large_image\" \/>\n<meta name=\"twitter:label1\" content=\"Gesch\u00e4tzte Lesezeit\" \/>\n\t<meta name=\"twitter:data1\" content=\"3\u00a0Minuten\" \/>\n<script type=\"application\/ld+json\" class=\"yoast-schema-graph\">{\"@context\":\"https:\/\/schema.org\",\"@graph\":[{\"@type\":\"WebPage\",\"@id\":\"https:\/\/nutreact.eu\/wat-is-nutreact\/\",\"url\":\"https:\/\/nutreact.eu\/wat-is-nutreact\/\",\"name\":\"Wat is Nutreact - Nutreact\",\"isPartOf\":{\"@id\":\"https:\/\/nutreact.eu\/#website\"},\"datePublished\":\"2024-08-12T09:54:46+00:00\",\"dateModified\":\"2025-02-05T09:56:36+00:00\",\"description\":\"Wat is Nutreact? Innovatieve technologie voor ecologisch waterherstel. Verwijdert overtollig fosfaat en pakt blauwalgbloei aan.\",\"breadcrumb\":{\"@id\":\"https:\/\/nutreact.eu\/wat-is-nutreact\/#breadcrumb\"},\"inLanguage\":\"de\",\"potentialAction\":[{\"@type\":\"ReadAction\",\"target\":[\"https:\/\/nutreact.eu\/wat-is-nutreact\/\"]}]},{\"@type\":\"BreadcrumbList\",\"@id\":\"https:\/\/nutreact.eu\/wat-is-nutreact\/#breadcrumb\",\"itemListElement\":[{\"@type\":\"ListItem\",\"position\":1,\"name\":\"Home\",\"item\":\"https:\/\/nutreact.eu\/\"},{\"@type\":\"ListItem\",\"position\":2,\"name\":\"Wat is Nutreact\"}]},{\"@type\":\"WebSite\",\"@id\":\"https:\/\/nutreact.eu\/#website\",\"url\":\"https:\/\/nutreact.eu\/\",\"name\":\"Nutreact\",\"description\":\"Eutrofi&euml;ring Aangepakt met Nutreact Technologie\",\"potentialAction\":[{\"@type\":\"SearchAction\",\"target\":{\"@type\":\"EntryPoint\",\"urlTemplate\":\"https:\/\/nutreact.eu\/?s={search_term_string}\"},\"query-input\":{\"@type\":\"PropertyValueSpecification\",\"valueRequired\":true,\"valueName\":\"search_term_string\"}}],\"inLanguage\":\"de\"}]}<\/script>\n<!-- \/ Yoast SEO plugin. -->","yoast_head_json":{"title":"Was ist Nutreact","description":"Was ist Nutreact? Innovative Technologie zur \u00f6kologischen Gew\u00e4ssersanierung. Entfernt \u00fcbersch\u00fcssiges Phosphat und bek\u00e4mpft Blaualgenbl\u00fcten.","robots":{"index":"index","follow":"follow","max-snippet":"max-snippet:-1","max-image-preview":"max-image-preview:large","max-video-preview":"max-video-preview:-1"},"canonical":"https:\/\/nutreact.eu\/de\/was-ist-nutreact\/","og_locale":"de_DE","og_type":"article","og_title":"Wat is Nutreact - Nutreact","og_description":"Wat is Nutreact? Innovatieve technologie voor ecologisch waterherstel. Verwijdert overtollig fosfaat en pakt blauwalgbloei aan.","og_url":"https:\/\/nutreact.eu\/de\/was-ist-nutreact\/","og_site_name":"Nutreact","article_modified_time":"2025-02-05T09:56:36+00:00","twitter_card":"summary_large_image","twitter_misc":{"Gesch\u00e4tzte Lesezeit":"3\u00a0Minuten"},"schema":{"@context":"https:\/\/schema.org","@graph":[{"@type":"WebPage","@id":"https:\/\/nutreact.eu\/wat-is-nutreact\/","url":"https:\/\/nutreact.eu\/wat-is-nutreact\/","name":"Was ist Nutreact","isPartOf":{"@id":"https:\/\/nutreact.eu\/#website"},"datePublished":"2024-08-12T09:54:46+00:00","dateModified":"2025-02-05T09:56:36+00:00","description":"Was ist Nutreact? Innovative Technologie zur \u00f6kologischen Gew\u00e4ssersanierung. Entfernt \u00fcbersch\u00fcssiges Phosphat und bek\u00e4mpft Blaualgenbl\u00fcten.","breadcrumb":{"@id":"https:\/\/nutreact.eu\/wat-is-nutreact\/#breadcrumb"},"inLanguage":"de","potentialAction":[{"@type":"ReadAction","target":["https:\/\/nutreact.eu\/wat-is-nutreact\/"]}]},{"@type":"BreadcrumbList","@id":"https:\/\/nutreact.eu\/wat-is-nutreact\/#breadcrumb","itemListElement":[{"@type":"ListItem","position":1,"name":"Home","item":"https:\/\/nutreact.eu\/"},{"@type":"ListItem","position":2,"name":"Wat is Nutreact"}]},{"@type":"WebSite","@id":"https:\/\/nutreact.eu\/#website","url":"https:\/\/nutreact.eu\/","name":"Nutreact","description":"Eutrofi&euml;ring Aangepakt met Nutreact Technologie","potentialAction":[{"@type":"SearchAction","target":{"@type":"EntryPoint","urlTemplate":"https:\/\/nutreact.eu\/?s={search_term_string}"},"query-input":{"@type":"PropertyValueSpecification","valueRequired":true,"valueName":"search_term_string"}}],"inLanguage":"de"}]}},"_links":{"self":[{"href":"https:\/\/nutreact.eu\/de\/wp-json\/wp\/v2\/pages\/13","targetHints":{"allow":["GET"]}}],"collection":[{"href":"https:\/\/nutreact.eu\/de\/wp-json\/wp\/v2\/pages"}],"about":[{"href":"https:\/\/nutreact.eu\/de\/wp-json\/wp\/v2\/types\/page"}],"author":[{"embeddable":true,"href":"https:\/\/nutreact.eu\/de\/wp-json\/wp\/v2\/users\/1"}],"replies":[{"embeddable":true,"href":"https:\/\/nutreact.eu\/de\/wp-json\/wp\/v2\/comments?post=13"}],"version-history":[{"count":19,"href":"https:\/\/nutreact.eu\/de\/wp-json\/wp\/v2\/pages\/13\/revisions"}],"predecessor-version":[{"id":264,"href":"https:\/\/nutreact.eu\/de\/wp-json\/wp\/v2\/pages\/13\/revisions\/264"}],"wp:attachment":[{"href":"https:\/\/nutreact.eu\/de\/wp-json\/wp\/v2\/media?parent=13"}],"curies":[{"name":"wp","href":"https:\/\/api.w.org\/{rel}","templated":true}]}}