{"id":20,"date":"2024-08-12T09:56:29","date_gmt":"2024-08-12T09:56:29","guid":{"rendered":"https:\/\/nutreact.eu\/?page_id=20"},"modified":"2024-10-04T13:53:59","modified_gmt":"2024-10-04T13:53:59","slug":"pilot-blaualgen-binnenschelde","status":"publish","type":"page","link":"https:\/\/nutreact.eu\/de\/pilot-blaualgen-binnenschelde\/","title":{"rendered":"Blaualgen-Pilotprojekt Binnenschelde"},"content":{"rendered":"<div data-elementor-type=\"wp-page\" data-elementor-id=\"20\" class=\"elementor elementor-20\" data-elementor-post-type=\"page\">\n\t\t\t\t<div class=\"elementor-element elementor-element-a93a93e e-con-full e-flex e-con e-parent\" data-id=\"a93a93e\" data-element_type=\"container\" data-settings=\"{&quot;background_background&quot;:&quot;classic&quot;}\">\n\t\t\t\t<div class=\"elementor-element elementor-element-cb5e1d9 elementor-icon-list--layout-inline elementor-list-item-link-full_width elementor-widget elementor-widget-icon-list\" data-id=\"cb5e1d9\" data-element_type=\"widget\" data-widget_type=\"icon-list.default\">\n\t\t\t\t<div class=\"elementor-widget-container\">\n\t\t\t\t\t\t\t<ul class=\"elementor-icon-list-items elementor-inline-items\">\n\t\t\t\t\t\t\t<li class=\"elementor-icon-list-item elementor-inline-item\">\n\t\t\t\t\t\t\t\t\t\t\t<a href=\"https:\/\/nutreact.eu\/de\">\n\n\t\t\t\t\t\t\t\t\t\t\t<span class=\"elementor-icon-list-text\">Home<\/span>\n\t\t\t\t\t\t\t\t\t\t\t<\/a>\n\t\t\t\t\t\t\t\t\t<\/li>\n\t\t\t\t\t\t\t\t<li class=\"elementor-icon-list-item elementor-inline-item\">\n\t\t\t\t\t\t\t\t\t\t\t<span class=\"elementor-icon-list-icon\">\n\t\t\t\t\t\t\t<svg aria-hidden=\"true\" class=\"e-font-icon-svg e-fas-slash\" viewbox=\"0 0 640 512\" xmlns=\"http:\/\/www.w3.org\/2000\/svg\"><path d=\"M594.53 508.63L6.18 53.9c-6.97-5.42-8.23-15.47-2.81-22.45L23.01 6.18C28.43-.8 38.49-2.06 45.47 3.37L633.82 458.1c6.97 5.42 8.23 15.47 2.81 22.45l-19.64 25.27c-5.42 6.98-15.48 8.23-22.46 2.81z\"><\/path><\/svg>\t\t\t\t\t\t<\/span>\n\t\t\t\t\t\t\t\t\t\t<span class=\"elementor-icon-list-text\">Blaualgen-Pilotprojekt Binnenschelde<\/span>\n\t\t\t\t\t\t\t\t\t<\/li>\n\t\t\t\t\t\t<\/ul>\n\t\t\t\t\t\t<\/div>\n\t\t\t\t<\/div>\n\t\t\t\t<div class=\"elementor-element elementor-element-15ae08e elementor-widget elementor-widget-heading\" data-id=\"15ae08e\" data-element_type=\"widget\" data-widget_type=\"heading.default\">\n\t\t\t\t<div class=\"elementor-widget-container\">\n\t\t\t\t\t<h1 class=\"elementor-heading-title elementor-size-default\">Blaualgen-Pilotprojekt Binnenschelde<\/h1>\t\t\t\t<\/div>\n\t\t\t\t<\/div>\n\t\t\t\t<\/div>\n\t\t<div class=\"elementor-element elementor-element-9b40429 e-flex e-con-boxed e-con e-parent\" data-id=\"9b40429\" data-element_type=\"container\">\n\t\t\t\t\t<div class=\"e-con-inner\">\n\t\t<div class=\"elementor-element elementor-element-fd53596 e-con-full e-flex e-con e-child\" data-id=\"fd53596\" data-element_type=\"container\">\n\t\t\t\t<div class=\"elementor-element elementor-element-13f318e elementor-widget elementor-widget-heading\" data-id=\"13f318e\" data-element_type=\"widget\" data-widget_type=\"heading.default\">\n\t\t\t\t<div class=\"elementor-widget-container\">\n\t\t\t\t\t<h2 class=\"elementor-heading-title elementor-size-default\">Blaualgen-Pilotprojekt Binnenschelde<\/h2>\t\t\t\t<\/div>\n\t\t\t\t<\/div>\n\t\t\t\t<div class=\"elementor-element elementor-element-1d457fe elementor-widget elementor-widget-text-editor\" data-id=\"1d457fe\" data-element_type=\"widget\" data-widget_type=\"text-editor.default\">\n\t\t\t\t<div class=\"elementor-widget-container\">\n\t\t\t\t\t\t\t\t\t<p><span style=\"color: #000000;\">Im Auftrag der Gemeinde Bergen op Zoom, des Wasserverbandes Brabantse Delta und der Provinz Noord-Brabant wird im Juni 2024 ein Pilotprojekt in der Binnenschelde und dem Zoommeer in Bergen op Zoom beginnen. Es werden umfangreiche Probenahmen und Wasseranalysen durchgef\u00fchrt. Die Nutreact-Anlage wird nach dem Sommer installiert.\u00a0<\/span><\/p><p><span style=\"color: #000000;\">Das Ziel des Pilotprojekts ist es, die Nutreact-Technologie zu erweitern. Dies sowohl auf dem Wasser des Zoommeers als auch auf dem der Binnenschelde. Die Platzierung am \u201eKopf des Kopfes\u201c bietet diese M\u00f6glichkeit. Denn auf der einen Seite des Deichs liegt die Binnenschelde und auf der anderen Seite das Zoommeer. Die Illustration zeigt dies deutlich.<\/span><\/p><p><span style=\"color: #000000;\">\u00a0<\/span><\/p><p><span style=\"color: #000000;\">Update oktober 2024: De pilot is geplaatst en wordt opgestart. Op 7 oktober is de offici\u00eble opening.\u00a0<\/span><\/p>\t\t\t\t\t\t\t\t<\/div>\n\t\t\t\t<\/div>\n\t\t<div class=\"elementor-element elementor-element-5b15a2a e-con-full e-flex e-con e-child\" data-id=\"5b15a2a\" data-element_type=\"container\">\n\t\t<div class=\"elementor-element elementor-element-f7a75d6 e-con-full e-flex e-con e-child\" data-id=\"f7a75d6\" data-element_type=\"container\">\n\t\t\t\t<div class=\"elementor-element elementor-element-db44c8e elementor-widget elementor-widget-image\" data-id=\"db44c8e\" data-element_type=\"widget\" data-widget_type=\"image.default\">\n\t\t\t\t<div class=\"elementor-widget-container\">\n\t\t\t\t\t\t\t\t\t\t\t\t\t\t\t<img fetchpriority=\"high\" decoding=\"async\" width=\"800\" height=\"547\" src=\"https:\/\/nutreact.eu\/wp-content\/uploads\/2024\/08\/Nutreact-locatie-2.jpg\" class=\"attachment-large size-large wp-image-32\" alt=\"\" srcset=\"https:\/\/nutreact.eu\/wp-content\/uploads\/2024\/08\/Nutreact-locatie-2.jpg 950w, https:\/\/nutreact.eu\/wp-content\/uploads\/2024\/08\/Nutreact-locatie-2-300x205.jpg 300w, https:\/\/nutreact.eu\/wp-content\/uploads\/2024\/08\/Nutreact-locatie-2-768x525.jpg 768w\" sizes=\"(max-width: 800px) 100vw, 800px\" \/>\t\t\t\t\t\t\t\t\t\t\t\t\t\t\t<\/div>\n\t\t\t\t<\/div>\n\t\t\t\t<\/div>\n\t\t<div class=\"elementor-element elementor-element-9a031a9 e-con-full e-flex e-con e-child\" data-id=\"9a031a9\" data-element_type=\"container\">\n\t\t\t\t<div class=\"elementor-element elementor-element-b9d6bed elementor-widget elementor-widget-text-editor\" data-id=\"b9d6bed\" data-element_type=\"widget\" data-widget_type=\"text-editor.default\">\n\t\t\t\t<div class=\"elementor-widget-container\">\n\t\t\t\t\t\t\t\t\t<p><span style=\"color: #000000;\">Wenn das Pilotprojekt erfolgreich ist, k\u00f6nnte dies eine gute Nachricht f\u00fcr die Binnenschelde sein. Die sehr umfassende Systemanalyse zeigt, dass die<span style=\"text-align: var(--text-align); font-family: var( --e-global-typography-b2ce6af-font-family ), Sans-serif; font-size: var( --e-global-typography-b2ce6af-font-size ); letter-spacing: var( --e-global-typography-b2ce6af-letter-spacing ); word-spacing: var( --e-global-typography-b2ce6af-word-spacing );\"> Die Beseitigung der \u00fcbersch\u00fcssigen N\u00e4hrstoffe in der Wassers\u00e4ule der inneren Schelde ist der Schl\u00fcssel zur Beseitigung des Blaualgenproblems.\u00a0<\/span><\/span><\/p>\t\t\t\t\t\t\t\t<\/div>\n\t\t\t\t<\/div>\n\t\t\t\t<\/div>\n\t\t\t\t<\/div>\n\t\t\t\t<div class=\"elementor-element elementor-element-de4a58c elementor-widget elementor-widget-text-editor\" data-id=\"de4a58c\" data-element_type=\"widget\" data-widget_type=\"text-editor.default\">\n\t\t\t\t<div class=\"elementor-widget-container\">\n\t\t\t\t\t\t\t\t\t<p><span style=\"color: #000000;\">Das Pilotprojekt wird etwa ein Jahr dauern.\u00a0<\/span><\/p><p><span style=\"color: #000000;\">F\u00fcr weitere Informationen \u00fcber Nutreact, kontaktieren Sie uns bitte!<\/span><\/p><p><span style=\"color: #000000;\">In den Medien:\u00a0<\/span><\/p><p><a href=\"https:\/\/www.bndestem.nl\/bergen-op-zoom\/gaat-deze-nieuwe-techniek-voor-eens-en-voor-altijd-afrekenen-met-blauwalg-in-de-binnenschelde~a0e4e0b5\/\">BN de stem.<\/a>\u00a0<\/p><p><a href=\"https:\/\/www.linkedin.com\/posts\/simon-hofstra-47594a1b_we-staan-in-de-startblokken-waterschap-brabantse-activity-7199700826100051968-MYtB\/?originalSubdomain=nl\"><span style=\"color: #000000;\">LinkedIn Simon Hofstra (Brabantse Delta)\u00a0<\/span><\/a><\/p>\t\t\t\t\t\t\t\t<\/div>\n\t\t\t\t<\/div>\n\t\t\t\t<\/div>\n\t\t<div class=\"elementor-element elementor-element-19fe4b8 e-con-full elementor-hidden-tablet elementor-hidden-mobile e-flex e-con e-child\" data-id=\"19fe4b8\" data-element_type=\"container\">\n\t\t<div class=\"elementor-element elementor-element-e049584 e-con-full e-flex e-con e-child\" data-id=\"e049584\" data-element_type=\"container\" data-settings=\"{&quot;background_background&quot;:&quot;classic&quot;}\">\n\t\t\t\t<div class=\"elementor-element elementor-element-d10d585 elementor-widget elementor-widget-text-editor\" data-id=\"d10d585\" data-element_type=\"widget\" data-widget_type=\"text-editor.default\">\n\t\t\t\t<div class=\"elementor-widget-container\">\n\t\t\t\t\t\t\t\t\t<p>Nachhaltige Wasseraufbereitung f\u00fcr klares und gesundes Wasser. Entfernt Phosphor und Stickstoff effektiv ohne Chemikalien.<\/p>\t\t\t\t\t\t\t\t<\/div>\n\t\t\t\t<\/div>\n\t\t\t\t<div class=\"elementor-element elementor-element-3e7b0e1 elementor-widget-divider--view-line elementor-widget elementor-widget-divider\" data-id=\"3e7b0e1\" data-element_type=\"widget\" data-widget_type=\"divider.default\">\n\t\t\t\t<div class=\"elementor-widget-container\">\n\t\t\t\t\t\t\t<div class=\"elementor-divider\">\n\t\t\t<span class=\"elementor-divider-separator\">\n\t\t\t\t\t\t<\/span>\n\t\t<\/div>\n\t\t\t\t\t\t<\/div>\n\t\t\t\t<\/div>\n\t\t\t\t<div class=\"elementor-element elementor-element-77189f3 elementor-view-framed elementor-position-left elementor-shape-circle elementor-mobile-position-top elementor-widget elementor-widget-icon-box\" data-id=\"77189f3\" data-element_type=\"widget\" data-widget_type=\"icon-box.default\">\n\t\t\t\t<div class=\"elementor-widget-container\">\n\t\t\t\t\t\t\t<div class=\"elementor-icon-box-wrapper\">\n\n\t\t\t\t\t\t<div class=\"elementor-icon-box-icon\">\n\t\t\t\t<a href=\"https:\/\/nutreact.eu\/de\/kontakt\/\" class=\"elementor-icon\" tabindex=\"-1\" aria-label=\"Kontakt aufnehmen\">\n\t\t\t\t<svg aria-hidden=\"true\" class=\"e-font-icon-svg e-fas-phone-alt\" viewbox=\"0 0 512 512\" xmlns=\"http:\/\/www.w3.org\/2000\/svg\"><path d=\"M497.39 361.8l-112-48a24 24 0 0 0-28 6.9l-49.6 60.6A370.66 370.66 0 0 1 130.6 204.11l60.6-49.6a23.94 23.94 0 0 0 6.9-28l-48-112A24.16 24.16 0 0 0 122.6.61l-104 24A24 24 0 0 0 0 48c0 256.5 207.9 464 464 464a24 24 0 0 0 23.4-18.6l24-104a24.29 24.29 0 0 0-14.01-27.6z\"><\/path><\/svg>\t\t\t\t<\/a>\n\t\t\t<\/div>\n\t\t\t\n\t\t\t\t\t\t<div class=\"elementor-icon-box-content\">\n\n\t\t\t\t\t\t\t\t\t<h3 class=\"elementor-icon-box-title\">\n\t\t\t\t\t\t<a href=\"https:\/\/nutreact.eu\/de\/kontakt\/\" >\n\t\t\t\t\t\t\tKontakt aufnehmen\t\t\t\t\t\t<\/a>\n\t\t\t\t\t<\/h3>\n\t\t\t\t\n\t\t\t\t\t\t\t\t\t<p class=\"elementor-icon-box-description\">\n\t\t\t\t\t\tBrauchen Sie Hilfe?\t\t\t\t\t<\/p>\n\t\t\t\t\n\t\t\t<\/div>\n\t\t\t\n\t\t<\/div>\n\t\t\t\t\t\t<\/div>\n\t\t\t\t<\/div>\n\t\t\t\t<\/div>\n\t\t\t\t<\/div>\n\t\t\t\t\t<\/div>\n\t\t\t\t<\/div>\n\t\t<div class=\"elementor-element elementor-element-c3de2f8 e-flex e-con-boxed e-con e-parent\" data-id=\"c3de2f8\" data-element_type=\"container\">\n\t\t\t\t\t<div class=\"e-con-inner\">\n\t\t<div class=\"elementor-element elementor-element-df38885 e-con-full e-flex e-con e-child\" data-id=\"df38885\" data-element_type=\"container\">\n\t\t\t\t<div class=\"elementor-element elementor-element-306fd28 elementor-widget elementor-widget-text-editor\" data-id=\"306fd28\" data-element_type=\"widget\" data-widget_type=\"text-editor.default\">\n\t\t\t\t<div class=\"elementor-widget-container\">\n\t\t\t\t\t\t\t\t\t<p>Afbeelding:<\/p><p>De pilot is inmiddels geplaatst en wordt opgestart.\u00a0<\/p>\t\t\t\t\t\t\t\t<\/div>\n\t\t\t\t<\/div>\n\t\t\t\t<\/div>\n\t\t<div class=\"elementor-element elementor-element-b5c3075 e-con-full e-flex e-con e-child\" data-id=\"b5c3075\" data-element_type=\"container\">\n\t\t\t\t<div class=\"elementor-element elementor-element-7adc49c elementor-widget elementor-widget-image\" data-id=\"7adc49c\" data-element_type=\"widget\" data-widget_type=\"image.default\">\n\t\t\t\t<div class=\"elementor-widget-container\">\n\t\t\t\t\t\t\t\t\t\t\t\t\t\t\t<img decoding=\"async\" width=\"800\" height=\"602\" src=\"https:\/\/nutreact.eu\/wp-content\/uploads\/2024\/10\/Nutreact-pilot-binnenschelde-1024x771.jpeg\" class=\"attachment-large size-large wp-image-246\" alt=\"Nutreact pilot binnenschelde\" srcset=\"https:\/\/nutreact.eu\/wp-content\/uploads\/2024\/10\/Nutreact-pilot-binnenschelde-1024x771.jpeg 1024w, https:\/\/nutreact.eu\/wp-content\/uploads\/2024\/10\/Nutreact-pilot-binnenschelde-300x226.jpeg 300w, https:\/\/nutreact.eu\/wp-content\/uploads\/2024\/10\/Nutreact-pilot-binnenschelde-768x578.jpeg 768w, https:\/\/nutreact.eu\/wp-content\/uploads\/2024\/10\/Nutreact-pilot-binnenschelde-1536x1157.jpeg 1536w, https:\/\/nutreact.eu\/wp-content\/uploads\/2024\/10\/Nutreact-pilot-binnenschelde-16x12.jpeg 16w, https:\/\/nutreact.eu\/wp-content\/uploads\/2024\/10\/Nutreact-pilot-binnenschelde.jpeg 2040w\" sizes=\"(max-width: 800px) 100vw, 800px\" \/>\t\t\t\t\t\t\t\t\t\t\t\t\t\t\t<\/div>\n\t\t\t\t<\/div>\n\t\t\t\t<\/div>\n\t\t\t\t\t<\/div>\n\t\t\t\t<\/div>\n\t\t\t\t<\/div>","protected":false},"excerpt":{"rendered":"<p>Home In opdracht van Gemeente Bergen op Zoom, Waterschap Brabantse Delta en Provincie Noord-Brabant start in juni 2024 een pilot op de Binnenschelde en het Zoommeer te Bergen op Zoom. Er zal gestart worden met uitgebreide monsternames en wateranalyses. Na de zomer zal overgegaan worden tot het plaatsen van de Nutreact installatie.\u00a0 Het doel van [&hellip;]<\/p>","protected":false},"author":1,"featured_media":0,"parent":0,"menu_order":0,"comment_status":"closed","ping_status":"closed","template":"elementor_header_footer","meta":{"iawp_total_views":98,"footnotes":""},"class_list":["post-20","page","type-page","status-publish","hentry"],"yoast_head":"<!-- This site is optimized with the Yoast SEO plugin v26.6 - https:\/\/yoast.com\/wordpress\/plugins\/seo\/ -->\n<title>Pilot blauwalg Binnenschelde - Nutreact<\/title>\n<meta name=\"description\" content=\"Pilot blauwalg Binnenschelde start juni 2024. Innovatieve Nutreact-technologie test oplossing voor blauwalgprobleem. Ontdek de potenti\u00eble doorbraak voor schoner water.\" \/>\n<meta name=\"robots\" content=\"index, follow, max-snippet:-1, max-image-preview:large, max-video-preview:-1\" \/>\n<link rel=\"canonical\" href=\"https:\/\/nutreact.eu\/de\/pilot-blaualgen-binnenschelde\/\" \/>\n<meta property=\"og:locale\" content=\"de_DE\" \/>\n<meta property=\"og:type\" content=\"article\" \/>\n<meta property=\"og:title\" content=\"Pilot blauwalg Binnenschelde - Nutreact\" \/>\n<meta property=\"og:description\" content=\"Pilot blauwalg Binnenschelde start juni 2024. Innovatieve Nutreact-technologie test oplossing voor blauwalgprobleem. Ontdek de potenti\u00eble doorbraak voor schoner water.\" \/>\n<meta property=\"og:url\" content=\"https:\/\/nutreact.eu\/de\/pilot-blaualgen-binnenschelde\/\" \/>\n<meta property=\"og:site_name\" content=\"Nutreact\" \/>\n<meta property=\"article:modified_time\" content=\"2024-10-04T13:53:59+00:00\" \/>\n<meta property=\"og:image\" content=\"https:\/\/nutreact.eu\/wp-content\/uploads\/2024\/08\/Nutreact-locatie-2.jpg\" \/>\n<meta name=\"twitter:card\" content=\"summary_large_image\" \/>\n<meta name=\"twitter:label1\" content=\"Gesch\u00e4tzte Lesezeit\" \/>\n\t<meta name=\"twitter:data1\" content=\"2\u00a0Minuten\" \/>\n<script type=\"application\/ld+json\" class=\"yoast-schema-graph\">{\"@context\":\"https:\/\/schema.org\",\"@graph\":[{\"@type\":\"WebPage\",\"@id\":\"https:\/\/nutreact.eu\/pilot-blauwalg-binnenschelde\/\",\"url\":\"https:\/\/nutreact.eu\/pilot-blauwalg-binnenschelde\/\",\"name\":\"Pilot blauwalg Binnenschelde - Nutreact\",\"isPartOf\":{\"@id\":\"https:\/\/nutreact.eu\/#website\"},\"primaryImageOfPage\":{\"@id\":\"https:\/\/nutreact.eu\/pilot-blauwalg-binnenschelde\/#primaryimage\"},\"image\":{\"@id\":\"https:\/\/nutreact.eu\/pilot-blauwalg-binnenschelde\/#primaryimage\"},\"thumbnailUrl\":\"https:\/\/nutreact.eu\/wp-content\/uploads\/2024\/08\/Nutreact-locatie-2.jpg\",\"datePublished\":\"2024-08-12T09:56:29+00:00\",\"dateModified\":\"2024-10-04T13:53:59+00:00\",\"description\":\"Pilot blauwalg Binnenschelde start juni 2024. Innovatieve Nutreact-technologie test oplossing voor blauwalgprobleem. Ontdek de potenti\u00eble doorbraak voor schoner water.\",\"breadcrumb\":{\"@id\":\"https:\/\/nutreact.eu\/pilot-blauwalg-binnenschelde\/#breadcrumb\"},\"inLanguage\":\"de\",\"potentialAction\":[{\"@type\":\"ReadAction\",\"target\":[\"https:\/\/nutreact.eu\/pilot-blauwalg-binnenschelde\/\"]}]},{\"@type\":\"ImageObject\",\"inLanguage\":\"de\",\"@id\":\"https:\/\/nutreact.eu\/pilot-blauwalg-binnenschelde\/#primaryimage\",\"url\":\"https:\/\/nutreact.eu\/wp-content\/uploads\/2024\/08\/Nutreact-locatie-2.jpg\",\"contentUrl\":\"https:\/\/nutreact.eu\/wp-content\/uploads\/2024\/08\/Nutreact-locatie-2.jpg\"},{\"@type\":\"BreadcrumbList\",\"@id\":\"https:\/\/nutreact.eu\/pilot-blauwalg-binnenschelde\/#breadcrumb\",\"itemListElement\":[{\"@type\":\"ListItem\",\"position\":1,\"name\":\"Home\",\"item\":\"https:\/\/nutreact.eu\/\"},{\"@type\":\"ListItem\",\"position\":2,\"name\":\"Pilot blauwalg Binnenschelde\"}]},{\"@type\":\"WebSite\",\"@id\":\"https:\/\/nutreact.eu\/#website\",\"url\":\"https:\/\/nutreact.eu\/\",\"name\":\"Nutreact\",\"description\":\"Eutrofi&euml;ring Aangepakt met Nutreact Technologie\",\"potentialAction\":[{\"@type\":\"SearchAction\",\"target\":{\"@type\":\"EntryPoint\",\"urlTemplate\":\"https:\/\/nutreact.eu\/?s={search_term_string}\"},\"query-input\":{\"@type\":\"PropertyValueSpecification\",\"valueRequired\":true,\"valueName\":\"search_term_string\"}}],\"inLanguage\":\"de\"}]}<\/script>\n<!-- \/ Yoast SEO plugin. -->","yoast_head_json":{"title":"Blaualgen-Pilotprojekt Binnenschelde","description":"Pilotprojekt Blaualgen Innere Schelde startet im Juni 2024. Innovative Nutreact-Technologie testet L\u00f6sung f\u00fcr Blaualgenproblem. Entdecken Sie den potenziellen Durchbruch f\u00fcr saubereres Wasser.","robots":{"index":"index","follow":"follow","max-snippet":"max-snippet:-1","max-image-preview":"max-image-preview:large","max-video-preview":"max-video-preview:-1"},"canonical":"https:\/\/nutreact.eu\/de\/pilot-blaualgen-binnenschelde\/","og_locale":"de_DE","og_type":"article","og_title":"Pilot blauwalg Binnenschelde - Nutreact","og_description":"Pilot blauwalg Binnenschelde start juni 2024. Innovatieve Nutreact-technologie test oplossing voor blauwalgprobleem. Ontdek de potenti\u00eble doorbraak voor schoner water.","og_url":"https:\/\/nutreact.eu\/de\/pilot-blaualgen-binnenschelde\/","og_site_name":"Nutreact","article_modified_time":"2024-10-04T13:53:59+00:00","og_image":[{"url":"https:\/\/nutreact.eu\/wp-content\/uploads\/2024\/08\/Nutreact-locatie-2.jpg","type":"","width":"","height":""}],"twitter_card":"summary_large_image","twitter_misc":{"Gesch\u00e4tzte Lesezeit":"2\u00a0Minuten"},"schema":{"@context":"https:\/\/schema.org","@graph":[{"@type":"WebPage","@id":"https:\/\/nutreact.eu\/pilot-blauwalg-binnenschelde\/","url":"https:\/\/nutreact.eu\/pilot-blauwalg-binnenschelde\/","name":"Blaualgen-Pilotprojekt Binnenschelde","isPartOf":{"@id":"https:\/\/nutreact.eu\/#website"},"primaryImageOfPage":{"@id":"https:\/\/nutreact.eu\/pilot-blauwalg-binnenschelde\/#primaryimage"},"image":{"@id":"https:\/\/nutreact.eu\/pilot-blauwalg-binnenschelde\/#primaryimage"},"thumbnailUrl":"https:\/\/nutreact.eu\/wp-content\/uploads\/2024\/08\/Nutreact-locatie-2.jpg","datePublished":"2024-08-12T09:56:29+00:00","dateModified":"2024-10-04T13:53:59+00:00","description":"Pilotprojekt Blaualgen Innere Schelde startet im Juni 2024. Innovative Nutreact-Technologie testet L\u00f6sung f\u00fcr Blaualgenproblem. Entdecken Sie den potenziellen Durchbruch f\u00fcr saubereres Wasser.","breadcrumb":{"@id":"https:\/\/nutreact.eu\/pilot-blauwalg-binnenschelde\/#breadcrumb"},"inLanguage":"de","potentialAction":[{"@type":"ReadAction","target":["https:\/\/nutreact.eu\/pilot-blauwalg-binnenschelde\/"]}]},{"@type":"ImageObject","inLanguage":"de","@id":"https:\/\/nutreact.eu\/pilot-blauwalg-binnenschelde\/#primaryimage","url":"https:\/\/nutreact.eu\/wp-content\/uploads\/2024\/08\/Nutreact-locatie-2.jpg","contentUrl":"https:\/\/nutreact.eu\/wp-content\/uploads\/2024\/08\/Nutreact-locatie-2.jpg"},{"@type":"BreadcrumbList","@id":"https:\/\/nutreact.eu\/pilot-blauwalg-binnenschelde\/#breadcrumb","itemListElement":[{"@type":"ListItem","position":1,"name":"Home","item":"https:\/\/nutreact.eu\/"},{"@type":"ListItem","position":2,"name":"Pilot blauwalg Binnenschelde"}]},{"@type":"WebSite","@id":"https:\/\/nutreact.eu\/#website","url":"https:\/\/nutreact.eu\/","name":"Nutreact","description":"Eutrofi&euml;ring Aangepakt met Nutreact Technologie","potentialAction":[{"@type":"SearchAction","target":{"@type":"EntryPoint","urlTemplate":"https:\/\/nutreact.eu\/?s={search_term_string}"},"query-input":{"@type":"PropertyValueSpecification","valueRequired":true,"valueName":"search_term_string"}}],"inLanguage":"de"}]}},"_links":{"self":[{"href":"https:\/\/nutreact.eu\/de\/wp-json\/wp\/v2\/pages\/20","targetHints":{"allow":["GET"]}}],"collection":[{"href":"https:\/\/nutreact.eu\/de\/wp-json\/wp\/v2\/pages"}],"about":[{"href":"https:\/\/nutreact.eu\/de\/wp-json\/wp\/v2\/types\/page"}],"author":[{"embeddable":true,"href":"https:\/\/nutreact.eu\/de\/wp-json\/wp\/v2\/users\/1"}],"replies":[{"embeddable":true,"href":"https:\/\/nutreact.eu\/de\/wp-json\/wp\/v2\/comments?post=20"}],"version-history":[{"count":16,"href":"https:\/\/nutreact.eu\/de\/wp-json\/wp\/v2\/pages\/20\/revisions"}],"predecessor-version":[{"id":249,"href":"https:\/\/nutreact.eu\/de\/wp-json\/wp\/v2\/pages\/20\/revisions\/249"}],"wp:attachment":[{"href":"https:\/\/nutreact.eu\/de\/wp-json\/wp\/v2\/media?parent=20"}],"curies":[{"name":"wp","href":"https:\/\/api.w.org\/{rel}","templated":true}]}}