{"id":21,"date":"2024-08-12T09:56:52","date_gmt":"2024-08-12T09:56:52","guid":{"rendered":"https:\/\/nutreact.eu\/?page_id=21"},"modified":"2024-10-02T08:31:17","modified_gmt":"2024-10-02T08:31:17","slug":"stowa-innovationspreis","status":"publish","type":"page","link":"https:\/\/nutreact.eu\/de\/stowa-innovationspreis\/","title":{"rendered":"STOWA-Innovationspreis"},"content":{"rendered":"<div data-elementor-type=\"wp-page\" data-elementor-id=\"21\" class=\"elementor elementor-21\" data-elementor-post-type=\"page\">\n\t\t\t\t<div class=\"elementor-element elementor-element-517f5e9 e-con-full e-flex e-con e-parent\" data-id=\"517f5e9\" data-element_type=\"container\" data-settings=\"{&quot;background_background&quot;:&quot;classic&quot;}\">\n\t\t\t\t<div class=\"elementor-element elementor-element-579d026 elementor-icon-list--layout-inline elementor-list-item-link-full_width elementor-widget elementor-widget-icon-list\" data-id=\"579d026\" data-element_type=\"widget\" data-widget_type=\"icon-list.default\">\n\t\t\t\t<div class=\"elementor-widget-container\">\n\t\t\t\t\t\t\t<ul class=\"elementor-icon-list-items elementor-inline-items\">\n\t\t\t\t\t\t\t<li class=\"elementor-icon-list-item elementor-inline-item\">\n\t\t\t\t\t\t\t\t\t\t\t<a href=\"https:\/\/nutreact.eu\/de\">\n\n\t\t\t\t\t\t\t\t\t\t\t<span class=\"elementor-icon-list-text\">Home<\/span>\n\t\t\t\t\t\t\t\t\t\t\t<\/a>\n\t\t\t\t\t\t\t\t\t<\/li>\n\t\t\t\t\t\t\t\t<li class=\"elementor-icon-list-item elementor-inline-item\">\n\t\t\t\t\t\t\t\t\t\t\t<span class=\"elementor-icon-list-icon\">\n\t\t\t\t\t\t\t<svg aria-hidden=\"true\" class=\"e-font-icon-svg e-fas-slash\" viewbox=\"0 0 640 512\" xmlns=\"http:\/\/www.w3.org\/2000\/svg\"><path d=\"M594.53 508.63L6.18 53.9c-6.97-5.42-8.23-15.47-2.81-22.45L23.01 6.18C28.43-.8 38.49-2.06 45.47 3.37L633.82 458.1c6.97 5.42 8.23 15.47 2.81 22.45l-19.64 25.27c-5.42 6.98-15.48 8.23-22.46 2.81z\"><\/path><\/svg>\t\t\t\t\t\t<\/span>\n\t\t\t\t\t\t\t\t\t\t<span class=\"elementor-icon-list-text\">STOWA-Innovationspreis<\/span>\n\t\t\t\t\t\t\t\t\t<\/li>\n\t\t\t\t\t\t<\/ul>\n\t\t\t\t\t\t<\/div>\n\t\t\t\t<\/div>\n\t\t\t\t<div class=\"elementor-element elementor-element-bfd9ab7 elementor-widget elementor-widget-heading\" data-id=\"bfd9ab7\" data-element_type=\"widget\" data-widget_type=\"heading.default\">\n\t\t\t\t<div class=\"elementor-widget-container\">\n\t\t\t\t\t<h1 class=\"elementor-heading-title elementor-size-default\">STOWA-Innovationspreis<\/h1>\t\t\t\t<\/div>\n\t\t\t\t<\/div>\n\t\t\t\t<\/div>\n\t\t<div class=\"elementor-element elementor-element-4a1c6af e-flex e-con-boxed e-con e-parent\" data-id=\"4a1c6af\" data-element_type=\"container\">\n\t\t\t\t\t<div class=\"e-con-inner\">\n\t\t<div class=\"elementor-element elementor-element-8a1f89f e-con-full e-flex e-con e-child\" data-id=\"8a1f89f\" data-element_type=\"container\">\n\t\t\t\t<div class=\"elementor-element elementor-element-9fc54dd elementor-widget elementor-widget-heading\" data-id=\"9fc54dd\" data-element_type=\"widget\" data-widget_type=\"heading.default\">\n\t\t\t\t<div class=\"elementor-widget-container\">\n\t\t\t\t\t<h2 class=\"elementor-heading-title elementor-size-default\">STOWA-Innovationspreis<\/h2>\t\t\t\t<\/div>\n\t\t\t\t<\/div>\n\t\t\t\t<div class=\"elementor-element elementor-element-dba0206 elementor-widget elementor-widget-text-editor\" data-id=\"dba0206\" data-element_type=\"widget\" data-widget_type=\"text-editor.default\">\n\t\t\t\t<div class=\"elementor-widget-container\">\n\t\t\t\t\t\t\t\t\t<p>Nutreact erreicht den gemeinsamen ersten Platz beim<\/p><p>STOWA ist das Wissenszentrum f\u00fcr regionale Wassermanager in den Niederlanden, haupts\u00e4chlich f\u00fcr die Wasserverb\u00e4nde. STOWA organisierte im Jahr 2021 einen Innovationswettbewerb. Dabei ging es um die Kombination von TEO (Energier\u00fcckgewinnung aus Oberfl\u00e4chenwasser) und die Bek\u00e4mpfung der Eutrophierung.\u00a0<\/p>\t\t\t\t\t\t\t\t<\/div>\n\t\t\t\t<\/div>\n\t\t<div class=\"elementor-element elementor-element-7eaa812 e-con-full e-flex e-con e-child\" data-id=\"7eaa812\" data-element_type=\"container\">\n\t\t<div class=\"elementor-element elementor-element-7f49635 e-con-full e-flex e-con e-child\" data-id=\"7f49635\" data-element_type=\"container\">\n\t\t\t\t<div class=\"elementor-element elementor-element-c30d300 elementor-widget elementor-widget-image\" data-id=\"c30d300\" data-element_type=\"widget\" data-widget_type=\"image.default\">\n\t\t\t\t<div class=\"elementor-widget-container\">\n\t\t\t\t\t\t\t\t\t\t\t\t\t\t\t<img fetchpriority=\"high\" decoding=\"async\" width=\"330\" height=\"273\" src=\"https:\/\/nutreact.eu\/wp-content\/uploads\/2024\/08\/20210709-STOWA-Winnovatie-Mark-den-Dubbelden.png\" class=\"attachment-large size-large wp-image-29\" alt=\"\" srcset=\"https:\/\/nutreact.eu\/wp-content\/uploads\/2024\/08\/20210709-STOWA-Winnovatie-Mark-den-Dubbelden.png 330w, https:\/\/nutreact.eu\/wp-content\/uploads\/2024\/08\/20210709-STOWA-Winnovatie-Mark-den-Dubbelden-300x248.png 300w\" sizes=\"(max-width: 330px) 100vw, 330px\" \/>\t\t\t\t\t\t\t\t\t\t\t\t\t\t\t<\/div>\n\t\t\t\t<\/div>\n\t\t\t\t<div class=\"elementor-element elementor-element-3e670a3 elementor-widget elementor-widget-text-editor\" data-id=\"3e670a3\" data-element_type=\"widget\" data-widget_type=\"text-editor.default\">\n\t\t\t\t<div class=\"elementor-widget-container\">\n\t\t\t\t\t\t\t\t\t<p><em>Der Wassermanagement-Student Chiel van de Voorde (r) reichte mit Unterst\u00fctzung von Mark den Dubbelden (l) von Dutch Water Tech eine Siegeridee ein<\/em><\/p><p>(Foto: STOWA)<\/p>\t\t\t\t\t\t\t\t<\/div>\n\t\t\t\t<\/div>\n\t\t\t\t<\/div>\n\t\t<div class=\"elementor-element elementor-element-b0a01ae e-con-full e-flex e-con e-child\" data-id=\"b0a01ae\" data-element_type=\"container\">\n\t\t\t\t<div class=\"elementor-element elementor-element-a8477b7 elementor-widget elementor-widget-text-editor\" data-id=\"a8477b7\" data-element_type=\"widget\" data-widget_type=\"text-editor.default\">\n\t\t\t\t<div class=\"elementor-widget-container\">\n\t\t\t\t\t\t\t\t\t<p>Chiel van de Voorde, damals Praktikant beim Brabantse Delta Water Board, brachte mit unserer Unterst\u00fctzung die Nutreact-Technologie ein. Dies f\u00fchrte zu einem gemeinsamen ersten Platz.\u00a0<\/p><p>STOWA und die Universit\u00e4t Wageningen haben dies genauer untersucht und einen umfangreichen Bericht erstellt. Im Vergleich zu den beiden anderen Teilnehmern schneidet Nutreact in der Studie sehr gut ab. Sie k\u00f6nnen diesen Bericht \u00fcber die unten stehende Schaltfl\u00e4che als pdf-Datei aufrufen.\u00a0<\/p>\t\t\t\t\t\t\t\t<\/div>\n\t\t\t\t<\/div>\n\t\t\t\t<div class=\"elementor-element elementor-element-001b416 elementor-align-center elementor-widget elementor-widget-button\" data-id=\"001b416\" data-element_type=\"widget\" data-widget_type=\"button.default\">\n\t\t\t\t<div class=\"elementor-widget-container\">\n\t\t\t\t\t\t\t\t\t<div class=\"elementor-button-wrapper\">\n\t\t\t\t\t<a class=\"elementor-button elementor-button-link elementor-size-md\" href=\"https:\/\/edepot.wur.nl\/577412\">\n\t\t\t\t\t\t<span class=\"elementor-button-content-wrapper\">\n\t\t\t\t\t\t\t\t\t<span class=\"elementor-button-text\">Klicken Sie hier, um den Bericht herunterzuladen<\/span>\n\t\t\t\t\t<\/span>\n\t\t\t\t\t<\/a>\n\t\t\t\t<\/div>\n\t\t\t\t\t\t\t\t<\/div>\n\t\t\t\t<\/div>\n\t\t\t\t<\/div>\n\t\t\t\t<\/div>\n\t\t\t\t<div class=\"elementor-element elementor-element-30947cd elementor-widget elementor-widget-text-editor\" data-id=\"30947cd\" data-element_type=\"widget\" data-widget_type=\"text-editor.default\">\n\t\t\t\t<div class=\"elementor-widget-container\">\n\t\t\t\t\t\t\t\t\t<p>M\u00f6chten Sie mehr \u00fcber Nutreact oder seine Kombination mit TEO erfahren? Bitte nehmen Sie <a href=\"https:\/\/nutreact.eu\/de\/kontakt\/\">Kontakt<\/a> mit uns.<\/p>\t\t\t\t\t\t\t\t<\/div>\n\t\t\t\t<\/div>\n\t\t\t\t<\/div>\n\t\t<div class=\"elementor-element elementor-element-7c88dfc e-con-full elementor-hidden-tablet elementor-hidden-mobile e-flex e-con e-child\" data-id=\"7c88dfc\" data-element_type=\"container\">\n\t\t<div class=\"elementor-element elementor-element-6a23cc0 e-con-full e-flex e-con e-child\" data-id=\"6a23cc0\" data-element_type=\"container\" data-settings=\"{&quot;background_background&quot;:&quot;classic&quot;}\">\n\t\t\t\t<div class=\"elementor-element elementor-element-ead2773 elementor-widget elementor-widget-text-editor\" data-id=\"ead2773\" data-element_type=\"widget\" data-widget_type=\"text-editor.default\">\n\t\t\t\t<div class=\"elementor-widget-container\">\n\t\t\t\t\t\t\t\t\t<p>Nachhaltige Wasseraufbereitung f\u00fcr klares und gesundes Wasser. Entfernt Phosphor und Stickstoff effektiv ohne Chemikalien.<\/p>\t\t\t\t\t\t\t\t<\/div>\n\t\t\t\t<\/div>\n\t\t\t\t<div class=\"elementor-element elementor-element-79156f4 elementor-widget-divider--view-line elementor-widget elementor-widget-divider\" data-id=\"79156f4\" data-element_type=\"widget\" data-widget_type=\"divider.default\">\n\t\t\t\t<div class=\"elementor-widget-container\">\n\t\t\t\t\t\t\t<div class=\"elementor-divider\">\n\t\t\t<span class=\"elementor-divider-separator\">\n\t\t\t\t\t\t<\/span>\n\t\t<\/div>\n\t\t\t\t\t\t<\/div>\n\t\t\t\t<\/div>\n\t\t\t\t<div class=\"elementor-element elementor-element-5067a19 elementor-view-framed elementor-position-left elementor-shape-circle elementor-mobile-position-top elementor-widget elementor-widget-icon-box\" data-id=\"5067a19\" data-element_type=\"widget\" data-widget_type=\"icon-box.default\">\n\t\t\t\t<div class=\"elementor-widget-container\">\n\t\t\t\t\t\t\t<div class=\"elementor-icon-box-wrapper\">\n\n\t\t\t\t\t\t<div class=\"elementor-icon-box-icon\">\n\t\t\t\t<a href=\"https:\/\/nutreact.eu\/de\/kontakt\/\" class=\"elementor-icon\" tabindex=\"-1\" aria-label=\"Kontakt aufnehmen\">\n\t\t\t\t<svg aria-hidden=\"true\" class=\"e-font-icon-svg e-fas-phone-alt\" viewbox=\"0 0 512 512\" xmlns=\"http:\/\/www.w3.org\/2000\/svg\"><path d=\"M497.39 361.8l-112-48a24 24 0 0 0-28 6.9l-49.6 60.6A370.66 370.66 0 0 1 130.6 204.11l60.6-49.6a23.94 23.94 0 0 0 6.9-28l-48-112A24.16 24.16 0 0 0 122.6.61l-104 24A24 24 0 0 0 0 48c0 256.5 207.9 464 464 464a24 24 0 0 0 23.4-18.6l24-104a24.29 24.29 0 0 0-14.01-27.6z\"><\/path><\/svg>\t\t\t\t<\/a>\n\t\t\t<\/div>\n\t\t\t\n\t\t\t\t\t\t<div class=\"elementor-icon-box-content\">\n\n\t\t\t\t\t\t\t\t\t<h3 class=\"elementor-icon-box-title\">\n\t\t\t\t\t\t<a href=\"https:\/\/nutreact.eu\/de\/kontakt\/\" >\n\t\t\t\t\t\t\tKontakt aufnehmen\t\t\t\t\t\t<\/a>\n\t\t\t\t\t<\/h3>\n\t\t\t\t\n\t\t\t\t\t\t\t\t\t<p class=\"elementor-icon-box-description\">\n\t\t\t\t\t\tBrauchen Sie Hilfe?\t\t\t\t\t<\/p>\n\t\t\t\t\n\t\t\t<\/div>\n\t\t\t\n\t\t<\/div>\n\t\t\t\t\t\t<\/div>\n\t\t\t\t<\/div>\n\t\t\t\t<\/div>\n\t\t\t\t<\/div>\n\t\t\t\t\t<\/div>\n\t\t\t\t<\/div>\n\t\t\t\t<\/div>","protected":false},"excerpt":{"rendered":"<p>Home Nutreact behaalt een gedeeld eerste plaats bij de STOWA Innovatieprijs! STOWA is het kenniscentrum voor de regionale waterbeheerders in Nederland, voornamelijk voor de waterschappen. STOWA heeft in 2021 een innovatiewedstrijd georganiseerd. Dit ging over de combinatie van TEO (energieterugwinning uit oppervlaktewater) en het tegengaan van eutrofi\u00ebring.\u00a0 Student Watermanagement Chiel van de Voorde (r) diende [&hellip;]<\/p>","protected":false},"author":1,"featured_media":0,"parent":0,"menu_order":0,"comment_status":"closed","ping_status":"closed","template":"elementor_header_footer","meta":{"iawp_total_views":19,"footnotes":""},"class_list":["post-21","page","type-page","status-publish","hentry"],"yoast_head":"<!-- This site is optimized with the Yoast SEO plugin v26.6 - https:\/\/yoast.com\/wordpress\/plugins\/seo\/ -->\n<title>STOWA innovatieprijs - Nutreact<\/title>\n<meta name=\"description\" content=\"STOWA innovatieprijs: Nutreact wint met innovatieve waterbehandeling. De combinatie van TEO en eutrofi\u00ebringbestrijding overtuigt jury.\" \/>\n<meta name=\"robots\" content=\"index, follow, max-snippet:-1, max-image-preview:large, max-video-preview:-1\" \/>\n<link rel=\"canonical\" href=\"https:\/\/nutreact.eu\/de\/stowa-innovationspreis\/\" \/>\n<meta property=\"og:locale\" content=\"de_DE\" \/>\n<meta property=\"og:type\" content=\"article\" \/>\n<meta property=\"og:title\" content=\"STOWA innovatieprijs - Nutreact\" \/>\n<meta property=\"og:description\" content=\"STOWA innovatieprijs: Nutreact wint met innovatieve waterbehandeling. De combinatie van TEO en eutrofi\u00ebringbestrijding overtuigt jury.\" \/>\n<meta property=\"og:url\" content=\"https:\/\/nutreact.eu\/de\/stowa-innovationspreis\/\" \/>\n<meta property=\"og:site_name\" content=\"Nutreact\" \/>\n<meta property=\"article:modified_time\" content=\"2024-10-02T08:31:17+00:00\" \/>\n<meta property=\"og:image\" content=\"https:\/\/nutreact.eu\/wp-content\/uploads\/2024\/08\/20210709-STOWA-Winnovatie-Mark-den-Dubbelden.png\" \/>\n<meta name=\"twitter:card\" content=\"summary_large_image\" \/>\n<meta name=\"twitter:label1\" content=\"Gesch\u00e4tzte Lesezeit\" \/>\n\t<meta name=\"twitter:data1\" content=\"2\u00a0Minuten\" \/>\n<script type=\"application\/ld+json\" class=\"yoast-schema-graph\">{\"@context\":\"https:\/\/schema.org\",\"@graph\":[{\"@type\":\"WebPage\",\"@id\":\"https:\/\/nutreact.eu\/stowa-innovatieprijs\/\",\"url\":\"https:\/\/nutreact.eu\/stowa-innovatieprijs\/\",\"name\":\"STOWA innovatieprijs - Nutreact\",\"isPartOf\":{\"@id\":\"https:\/\/nutreact.eu\/#website\"},\"primaryImageOfPage\":{\"@id\":\"https:\/\/nutreact.eu\/stowa-innovatieprijs\/#primaryimage\"},\"image\":{\"@id\":\"https:\/\/nutreact.eu\/stowa-innovatieprijs\/#primaryimage\"},\"thumbnailUrl\":\"https:\/\/nutreact.eu\/wp-content\/uploads\/2024\/08\/20210709-STOWA-Winnovatie-Mark-den-Dubbelden.png\",\"datePublished\":\"2024-08-12T09:56:52+00:00\",\"dateModified\":\"2024-10-02T08:31:17+00:00\",\"description\":\"STOWA innovatieprijs: Nutreact wint met innovatieve waterbehandeling. De combinatie van TEO en eutrofi\u00ebringbestrijding overtuigt jury.\",\"breadcrumb\":{\"@id\":\"https:\/\/nutreact.eu\/stowa-innovatieprijs\/#breadcrumb\"},\"inLanguage\":\"de\",\"potentialAction\":[{\"@type\":\"ReadAction\",\"target\":[\"https:\/\/nutreact.eu\/stowa-innovatieprijs\/\"]}]},{\"@type\":\"ImageObject\",\"inLanguage\":\"de\",\"@id\":\"https:\/\/nutreact.eu\/stowa-innovatieprijs\/#primaryimage\",\"url\":\"https:\/\/nutreact.eu\/wp-content\/uploads\/2024\/08\/20210709-STOWA-Winnovatie-Mark-den-Dubbelden.png\",\"contentUrl\":\"https:\/\/nutreact.eu\/wp-content\/uploads\/2024\/08\/20210709-STOWA-Winnovatie-Mark-den-Dubbelden.png\"},{\"@type\":\"BreadcrumbList\",\"@id\":\"https:\/\/nutreact.eu\/stowa-innovatieprijs\/#breadcrumb\",\"itemListElement\":[{\"@type\":\"ListItem\",\"position\":1,\"name\":\"Home\",\"item\":\"https:\/\/nutreact.eu\/\"},{\"@type\":\"ListItem\",\"position\":2,\"name\":\"STOWA innovatieprijs\"}]},{\"@type\":\"WebSite\",\"@id\":\"https:\/\/nutreact.eu\/#website\",\"url\":\"https:\/\/nutreact.eu\/\",\"name\":\"Nutreact\",\"description\":\"Eutrofi&euml;ring Aangepakt met Nutreact Technologie\",\"potentialAction\":[{\"@type\":\"SearchAction\",\"target\":{\"@type\":\"EntryPoint\",\"urlTemplate\":\"https:\/\/nutreact.eu\/?s={search_term_string}\"},\"query-input\":{\"@type\":\"PropertyValueSpecification\",\"valueRequired\":true,\"valueName\":\"search_term_string\"}}],\"inLanguage\":\"de\"}]}<\/script>\n<!-- \/ Yoast SEO plugin. -->","yoast_head_json":{"title":"STOWA-Innovationspreis","description":"STOWA-Innovationspreis: Nutreact gewinnt mit innovativer Wasseraufbereitung. Die Kombination aus TEO und Eutrophierungskontrolle \u00fcberzeugt die Jury.","robots":{"index":"index","follow":"follow","max-snippet":"max-snippet:-1","max-image-preview":"max-image-preview:large","max-video-preview":"max-video-preview:-1"},"canonical":"https:\/\/nutreact.eu\/de\/stowa-innovationspreis\/","og_locale":"de_DE","og_type":"article","og_title":"STOWA innovatieprijs - Nutreact","og_description":"STOWA innovatieprijs: Nutreact wint met innovatieve waterbehandeling. De combinatie van TEO en eutrofi\u00ebringbestrijding overtuigt jury.","og_url":"https:\/\/nutreact.eu\/de\/stowa-innovationspreis\/","og_site_name":"Nutreact","article_modified_time":"2024-10-02T08:31:17+00:00","og_image":[{"url":"https:\/\/nutreact.eu\/wp-content\/uploads\/2024\/08\/20210709-STOWA-Winnovatie-Mark-den-Dubbelden.png","type":"","width":"","height":""}],"twitter_card":"summary_large_image","twitter_misc":{"Gesch\u00e4tzte Lesezeit":"2\u00a0Minuten"},"schema":{"@context":"https:\/\/schema.org","@graph":[{"@type":"WebPage","@id":"https:\/\/nutreact.eu\/stowa-innovatieprijs\/","url":"https:\/\/nutreact.eu\/stowa-innovatieprijs\/","name":"STOWA-Innovationspreis","isPartOf":{"@id":"https:\/\/nutreact.eu\/#website"},"primaryImageOfPage":{"@id":"https:\/\/nutreact.eu\/stowa-innovatieprijs\/#primaryimage"},"image":{"@id":"https:\/\/nutreact.eu\/stowa-innovatieprijs\/#primaryimage"},"thumbnailUrl":"https:\/\/nutreact.eu\/wp-content\/uploads\/2024\/08\/20210709-STOWA-Winnovatie-Mark-den-Dubbelden.png","datePublished":"2024-08-12T09:56:52+00:00","dateModified":"2024-10-02T08:31:17+00:00","description":"STOWA-Innovationspreis: Nutreact gewinnt mit innovativer Wasseraufbereitung. Die Kombination aus TEO und Eutrophierungskontrolle \u00fcberzeugt die Jury.","breadcrumb":{"@id":"https:\/\/nutreact.eu\/stowa-innovatieprijs\/#breadcrumb"},"inLanguage":"de","potentialAction":[{"@type":"ReadAction","target":["https:\/\/nutreact.eu\/stowa-innovatieprijs\/"]}]},{"@type":"ImageObject","inLanguage":"de","@id":"https:\/\/nutreact.eu\/stowa-innovatieprijs\/#primaryimage","url":"https:\/\/nutreact.eu\/wp-content\/uploads\/2024\/08\/20210709-STOWA-Winnovatie-Mark-den-Dubbelden.png","contentUrl":"https:\/\/nutreact.eu\/wp-content\/uploads\/2024\/08\/20210709-STOWA-Winnovatie-Mark-den-Dubbelden.png"},{"@type":"BreadcrumbList","@id":"https:\/\/nutreact.eu\/stowa-innovatieprijs\/#breadcrumb","itemListElement":[{"@type":"ListItem","position":1,"name":"Home","item":"https:\/\/nutreact.eu\/"},{"@type":"ListItem","position":2,"name":"STOWA innovatieprijs"}]},{"@type":"WebSite","@id":"https:\/\/nutreact.eu\/#website","url":"https:\/\/nutreact.eu\/","name":"Nutreact","description":"Eutrofi&euml;ring Aangepakt met Nutreact Technologie","potentialAction":[{"@type":"SearchAction","target":{"@type":"EntryPoint","urlTemplate":"https:\/\/nutreact.eu\/?s={search_term_string}"},"query-input":{"@type":"PropertyValueSpecification","valueRequired":true,"valueName":"search_term_string"}}],"inLanguage":"de"}]}},"_links":{"self":[{"href":"https:\/\/nutreact.eu\/de\/wp-json\/wp\/v2\/pages\/21","targetHints":{"allow":["GET"]}}],"collection":[{"href":"https:\/\/nutreact.eu\/de\/wp-json\/wp\/v2\/pages"}],"about":[{"href":"https:\/\/nutreact.eu\/de\/wp-json\/wp\/v2\/types\/page"}],"author":[{"embeddable":true,"href":"https:\/\/nutreact.eu\/de\/wp-json\/wp\/v2\/users\/1"}],"replies":[{"embeddable":true,"href":"https:\/\/nutreact.eu\/de\/wp-json\/wp\/v2\/comments?post=21"}],"version-history":[{"count":13,"href":"https:\/\/nutreact.eu\/de\/wp-json\/wp\/v2\/pages\/21\/revisions"}],"predecessor-version":[{"id":125,"href":"https:\/\/nutreact.eu\/de\/wp-json\/wp\/v2\/pages\/21\/revisions\/125"}],"wp:attachment":[{"href":"https:\/\/nutreact.eu\/de\/wp-json\/wp\/v2\/media?parent=21"}],"curies":[{"name":"wp","href":"https:\/\/api.w.org\/{rel}","templated":true}]}}