{"id":13,"date":"2024-08-12T09:54:46","date_gmt":"2024-08-12T09:54:46","guid":{"rendered":"https:\/\/nutreact.eu\/?page_id=13"},"modified":"2025-02-05T09:56:36","modified_gmt":"2025-02-05T09:56:36","slug":"que-es-nutreact","status":"publish","type":"page","link":"https:\/\/nutreact.eu\/es\/que-es-nutreact\/","title":{"rendered":"Qu\u00e9 es Nutreact"},"content":{"rendered":"<div data-elementor-type=\"wp-page\" data-elementor-id=\"13\" class=\"elementor elementor-13\" data-elementor-post-type=\"page\">\n\t\t\t\t<div class=\"elementor-element elementor-element-fc5b535 e-con-full e-flex e-con e-parent\" data-id=\"fc5b535\" data-element_type=\"container\" data-settings=\"{&quot;background_background&quot;:&quot;classic&quot;}\">\n\t\t\t\t<div class=\"elementor-element elementor-element-f690c8b elementor-icon-list--layout-inline elementor-list-item-link-full_width elementor-widget elementor-widget-icon-list\" data-id=\"f690c8b\" data-element_type=\"widget\" data-widget_type=\"icon-list.default\">\n\t\t\t\t<div class=\"elementor-widget-container\">\n\t\t\t\t\t\t\t<ul class=\"elementor-icon-list-items elementor-inline-items\">\n\t\t\t\t\t\t\t<li class=\"elementor-icon-list-item elementor-inline-item\">\n\t\t\t\t\t\t\t\t\t\t\t<a href=\"https:\/\/nutreact.eu\/es\">\n\n\t\t\t\t\t\t\t\t\t\t\t<span class=\"elementor-icon-list-text\">Home<\/span>\n\t\t\t\t\t\t\t\t\t\t\t<\/a>\n\t\t\t\t\t\t\t\t\t<\/li>\n\t\t\t\t\t\t\t\t<li class=\"elementor-icon-list-item elementor-inline-item\">\n\t\t\t\t\t\t\t\t\t\t\t<span class=\"elementor-icon-list-icon\">\n\t\t\t\t\t\t\t<svg aria-hidden=\"true\" class=\"e-font-icon-svg e-fas-slash\" viewbox=\"0 0 640 512\" xmlns=\"http:\/\/www.w3.org\/2000\/svg\"><path d=\"M594.53 508.63L6.18 53.9c-6.97-5.42-8.23-15.47-2.81-22.45L23.01 6.18C28.43-.8 38.49-2.06 45.47 3.37L633.82 458.1c6.97 5.42 8.23 15.47 2.81 22.45l-19.64 25.27c-5.42 6.98-15.48 8.23-22.46 2.81z\"><\/path><\/svg>\t\t\t\t\t\t<\/span>\n\t\t\t\t\t\t\t\t\t\t<span class=\"elementor-icon-list-text\">Qu\u00e9 es Nutreact<\/span>\n\t\t\t\t\t\t\t\t\t<\/li>\n\t\t\t\t\t\t<\/ul>\n\t\t\t\t\t\t<\/div>\n\t\t\t\t<\/div>\n\t\t\t\t<div class=\"elementor-element elementor-element-36c9bc8 elementor-widget elementor-widget-heading\" data-id=\"36c9bc8\" data-element_type=\"widget\" data-widget_type=\"heading.default\">\n\t\t\t\t<div class=\"elementor-widget-container\">\n\t\t\t\t\t<h1 class=\"elementor-heading-title elementor-size-default\">Qu\u00e9 es Nutreact<\/h1>\t\t\t\t<\/div>\n\t\t\t\t<\/div>\n\t\t\t\t<\/div>\n\t\t<div class=\"elementor-element elementor-element-4f0f2b0 e-flex e-con-boxed e-con e-parent\" data-id=\"4f0f2b0\" data-element_type=\"container\">\n\t\t\t\t\t<div class=\"e-con-inner\">\n\t\t<div class=\"elementor-element elementor-element-0f3eb02 e-con-full e-flex e-con e-child\" data-id=\"0f3eb02\" data-element_type=\"container\">\n\t\t<div class=\"elementor-element elementor-element-e8f3cd2 e-con-full e-flex e-con e-child\" data-id=\"e8f3cd2\" data-element_type=\"container\">\n\t\t\t\t<div class=\"elementor-element elementor-element-051bcea elementor-widget elementor-widget-heading\" data-id=\"051bcea\" data-element_type=\"widget\" data-widget_type=\"heading.default\">\n\t\t\t\t<div class=\"elementor-widget-container\">\n\t\t\t\t\t<h2 class=\"elementor-heading-title elementor-size-default\">Visi\u00f3n<\/h2>\t\t\t\t<\/div>\n\t\t\t\t<\/div>\n\t\t\t\t<div class=\"elementor-element elementor-element-fbc347a elementor-widget elementor-widget-text-editor\" data-id=\"fbc347a\" data-element_type=\"widget\" data-widget_type=\"text-editor.default\">\n\t\t\t\t<div class=\"elementor-widget-container\">\n\t\t\t\t\t\t\t\t\t<p>Los lagos, aguas superficiales y estanques neerlandeses y belgas eran originalmente sistemas claros y ricos en plantas, con una gran diversidad de fauna y flora. Debido al aumento constante de la carga de nitr\u00f3geno y f\u00f3sforo (en forma de fosfato), estos cursos de agua han pasado hist\u00f3ricamente a la turbidez y a una menor biodiversidad.\u00a0<\/p>\t\t\t\t\t\t\t\t<\/div>\n\t\t\t\t<\/div>\n\t\t\t\t<\/div>\n\t\t\t\t<\/div>\n\t\t\t\t\t<\/div>\n\t\t\t\t<\/div>\n\t\t<div class=\"elementor-element elementor-element-74e4f5a e-flex e-con-boxed e-con e-parent\" data-id=\"74e4f5a\" data-element_type=\"container\">\n\t\t\t\t\t<div class=\"e-con-inner\">\n\t\t<div class=\"elementor-element elementor-element-f1ecfc6 e-flex e-con-boxed e-con e-child\" data-id=\"f1ecfc6\" data-element_type=\"container\">\n\t\t\t\t\t<div class=\"e-con-inner\">\n\t\t\t\t<div class=\"elementor-element elementor-element-3169b52 elementor-widget elementor-widget-video\" data-id=\"3169b52\" data-element_type=\"widget\" data-settings=\"{&quot;youtube_url&quot;:&quot;https:\\\/\\\/youtu.be\\\/-rELmtPK98A?si=VUjmcEKq7D8jYy_N&quot;,&quot;lazy_load&quot;:&quot;yes&quot;,&quot;video_type&quot;:&quot;youtube&quot;,&quot;controls&quot;:&quot;yes&quot;}\" data-widget_type=\"video.default\">\n\t\t\t\t<div class=\"elementor-widget-container\">\n\t\t\t\t\t\t\t<div class=\"elementor-wrapper elementor-open-inline\">\n\t\t\t<div class=\"elementor-video\"><\/div>\t\t<\/div>\n\t\t\t\t\t\t<\/div>\n\t\t\t\t<\/div>\n\t\t\t\t\t<\/div>\n\t\t\t\t<\/div>\n\t\t<div class=\"elementor-element elementor-element-d3e810d e-flex e-con-boxed e-con e-child\" data-id=\"d3e810d\" data-element_type=\"container\">\n\t\t\t\t\t<div class=\"e-con-inner\">\n\t\t\t\t<div class=\"elementor-element elementor-element-2d0f2ae elementor-widget elementor-widget-heading\" data-id=\"2d0f2ae\" data-element_type=\"widget\" data-widget_type=\"heading.default\">\n\t\t\t\t<div class=\"elementor-widget-container\">\n\t\t\t\t\t<h2 class=\"elementor-heading-title elementor-size-default\">A menudo se citan como principales causas de la eutrofizaci\u00f3n las siguientes:<\/h2>\t\t\t\t<\/div>\n\t\t\t\t<\/div>\n\t\t\t\t<div class=\"elementor-element elementor-element-b9f775b elementor-icon-list--layout-traditional elementor-list-item-link-full_width elementor-widget elementor-widget-icon-list\" data-id=\"b9f775b\" data-element_type=\"widget\" data-widget_type=\"icon-list.default\">\n\t\t\t\t<div class=\"elementor-widget-container\">\n\t\t\t\t\t\t\t<ul class=\"elementor-icon-list-items\">\n\t\t\t\t\t\t\t<li class=\"elementor-icon-list-item\">\n\t\t\t\t\t\t\t\t\t\t\t<span class=\"elementor-icon-list-icon\">\n\t\t\t\t\t\t\t<svg aria-hidden=\"true\" class=\"e-font-icon-svg e-fas-circle\" viewbox=\"0 0 512 512\" xmlns=\"http:\/\/www.w3.org\/2000\/svg\"><path d=\"M256 8C119 8 8 119 8 256s111 248 248 248 248-111 248-248S393 8 256 8z\"><\/path><\/svg>\t\t\t\t\t\t<\/span>\n\t\t\t\t\t\t\t\t\t\t<span class=\"elementor-icon-list-text\">Carga externa: lixiviaci\u00f3n de fertilizantes y escorrent\u00eda<\/span>\n\t\t\t\t\t\t\t\t\t<\/li>\n\t\t\t\t\t\t\t\t<li class=\"elementor-icon-list-item\">\n\t\t\t\t\t\t\t\t\t\t\t<span class=\"elementor-icon-list-icon\">\n\t\t\t\t\t\t\t<svg aria-hidden=\"true\" class=\"e-font-icon-svg e-fas-circle\" viewbox=\"0 0 512 512\" xmlns=\"http:\/\/www.w3.org\/2000\/svg\"><path d=\"M256 8C119 8 8 119 8 256s111 248 248 248 248-111 248-248S393 8 256 8z\"><\/path><\/svg>\t\t\t\t\t\t<\/span>\n\t\t\t\t\t\t\t\t\t\t<span class=\"elementor-icon-list-text\">Aumento de la carga interna: descomposici\u00f3n de la materia org\u00e1nica<\/span>\n\t\t\t\t\t\t\t\t\t<\/li>\n\t\t\t\t\t\t\t\t<li class=\"elementor-icon-list-item\">\n\t\t\t\t\t\t\t\t\t\t\t<span class=\"elementor-icon-list-icon\">\n\t\t\t\t\t\t\t<svg aria-hidden=\"true\" class=\"e-font-icon-svg e-fas-circle\" viewbox=\"0 0 512 512\" xmlns=\"http:\/\/www.w3.org\/2000\/svg\"><path d=\"M256 8C119 8 8 119 8 256s111 248 248 248 248-111 248-248S393 8 256 8z\"><\/path><\/svg>\t\t\t\t\t\t<\/span>\n\t\t\t\t\t\t\t\t\t\t<span class=\"elementor-icon-list-text\">Reducci\u00f3n de las cargas cr\u00edticas: calibres fijos<\/span>\n\t\t\t\t\t\t\t\t\t<\/li>\n\t\t\t\t\t\t\t\t<li class=\"elementor-icon-list-item\">\n\t\t\t\t\t\t\t\t\t\t\t<span class=\"elementor-icon-list-icon\">\n\t\t\t\t\t\t\t<svg aria-hidden=\"true\" class=\"e-font-icon-svg e-fas-circle\" viewbox=\"0 0 512 512\" xmlns=\"http:\/\/www.w3.org\/2000\/svg\"><path d=\"M256 8C119 8 8 119 8 256s111 248 248 248 248-111 248-248S393 8 256 8z\"><\/path><\/svg>\t\t\t\t\t\t<\/span>\n\t\t\t\t\t\t\t\t\t\t<span class=\"elementor-icon-list-text\">Aumento de la carga interna: por la exenci\u00f3n del suelo hist\u00f3rico\u00a0<\/span>\n\t\t\t\t\t\t\t\t\t<\/li>\n\t\t\t\t\t\t<\/ul>\n\t\t\t\t\t\t<\/div>\n\t\t\t\t<\/div>\n\t\t\t\t\t<\/div>\n\t\t\t\t<\/div>\n\t\t\t\t\t<\/div>\n\t\t\t\t<\/div>\n\t\t<div class=\"elementor-element elementor-element-c806257 e-flex e-con-boxed e-con e-parent\" data-id=\"c806257\" data-element_type=\"container\">\n\t\t\t\t\t<div class=\"e-con-inner\">\n\t\t\t\t<div class=\"elementor-element elementor-element-6b2f0ee elementor-widget elementor-widget-heading\" data-id=\"6b2f0ee\" data-element_type=\"widget\" data-widget_type=\"heading.default\">\n\t\t\t\t<div class=\"elementor-widget-container\">\n\t\t\t\t\t<h2 class=\"elementor-heading-title elementor-size-default\">Planteamiento del problema<\/h2>\t\t\t\t<\/div>\n\t\t\t\t<\/div>\n\t\t\t\t<div class=\"elementor-element elementor-element-868e254 elementor-widget elementor-widget-text-editor\" data-id=\"868e254\" data-element_type=\"widget\" data-widget_type=\"text-editor.default\">\n\t\t\t\t<div class=\"elementor-widget-container\">\n\t\t\t\t\t\t\t\t\t<p><span style=\"color: #000000;\">El fosfato se considera el principal factor de eutrofizaci\u00f3n, ya que se une f\u00e1cilmente a los medios org\u00e1nicos\/inorg\u00e1nicos y, por tanto, puede liberarse en cualquier momento. El nitr\u00f3geno desempe\u00f1a un papel menos importante y puede eliminarse \u00abm\u00e1s f\u00e1cilmente\u00bb de la columna de agua. El nitr\u00f3geno tambi\u00e9n puede ser fijado biol\u00f3gicamente por las algas verdeazuladas, entre otras.  Est\u00e1 claro que el f\u00f3sforo, en forma de fosfato, s\u00f3lo puede tener un efecto sobre la turbidez causada por la proliferaci\u00f3n de algas cuando acaba en la columna de agua.<\/span><\/p><p><span style=\"color: #000000;\">El aporte de nutrientes, como se ha descrito anteriormente, puede producirse de diferentes maneras. La carga externa ser\u00e1 m\u00e1s o menos constante, con fluctuaciones durante las estaciones. La carga interna deber\u00eda estar bastante equilibrada en un sistema de estanques, sin calamidades. El nivel del agua viene determinado (en su mayor parte) por la intervenci\u00f3n humana y, por tanto, tambi\u00e9n es controlable. Un \u00faltimo factor que se ha ignorado durante mucho tiempo es el suministro posterior desde el suelo debido al almacenamiento hist\u00f3rico de fosfato en la capa mineral. Dado que \u00e9ste se fija principalmente de forma fisicoqu\u00edmica, se liberar\u00e1 cuando descienda la concentraci\u00f3n en el acu\u00edfero. En este caso, el suministro posterior depende principalmente de la forma de secuestro y del potencial redox del suelo. Dependiendo de la cantidad de fosfato secuestrado, la entrega posterior desde el suelo puede tardar varios a\u00f1os. Pero, como ya se ha dicho, siempre se libera a la capa de agua para ser absorbido por algas, bacterias y plantas.<\/span><\/p><p><span style=\"color: #000000;\">El exceso de fosfato acabar\u00e1 causando problemas en la masa de agua. Las algas y las algas verdiazules son organismos de crecimiento muy r\u00e1pido. Crecen m\u00e1s r\u00e1pido que las plantas acu\u00e1ticas compitiendo por el fosfato. Muchas algas en el agua hacen que priven de la luz esencial a las plantas acu\u00e1ticas. Como resultado, las plantas acu\u00e1ticas crecen menos, reduciendo su capacidad de competir por el fosfato con las algas. Este efecto de bola de nieve hace que las algas puedan florecer. Para las algas verdeazuladas en particular, esta floraci\u00f3n es un problema, ya que suele ir acompa\u00f1ada de demasiadas toxinas en el agua.<\/span><\/p><h4 style=\"font-family: var( --e-global-typography-83682a1-font-family ), Sans-serif; font-weight: var( --e-global-typography-83682a1-font-weight ); line-height: var( --e-global-typography-83682a1-line-height ); font-size: var( --e-global-typography-83682a1-font-size ); letter-spacing: normal; word-spacing: 0px;\"><span style=\"color: #000000;\">Objetivo<\/span><\/h4><p><span style=\"color: #000000;\">Nutreact pone al alcance de la mano las condiciones para la recuperaci\u00f3n ecol\u00f3gica eliminando el exceso de fosfato (y nitrato) del agua. Por as\u00ed decirlo, se pulsa el bot\u00f3n de reinicio. Curiosamente, Nutreact tambi\u00e9n puede utilizarse para atajar el problema de las algas verdeazuladas. Nutreact se limita a prevenir la proliferaci\u00f3n de algas verdiazules eliminando el fosfato de la columna de agua. Sin aditivos en el agua. De forma sostenible.<\/span><\/p><p><span style=\"color: #000000;\">La tecnolog\u00eda Nutreact se centra en la eliminaci\u00f3n de nutrientes biodisponibles hasta niveles residuales muy bajos.  Para ello, la tecnolog\u00eda utiliza microorganismos espec\u00edficos que acumulan P y que son estimulados para eliminar nutrientes hasta concentraciones residuales muy bajas. En el reactor Nutreact se controla una concentraci\u00f3n total de N de &lt;0,1 mg N\/L y una concentraci\u00f3n total de P de 0,01 mg P\/L.<\/span><\/p><h4 style=\"font-family: var( --e-global-typography-83682a1-font-family ), Sans-serif; font-weight: var( --e-global-typography-83682a1-font-weight ); line-height: var( --e-global-typography-83682a1-line-height ); font-size: var( --e-global-typography-83682a1-font-size ); letter-spacing: normal; word-spacing: 0px;\">Validaci\u00f3n<\/h4><p><span style=\"color: #000000;\">La tecnolog\u00eda Nutreact ha demostrado su eficacia tanto a escala de laboratorio como en masas de agua m\u00e1s peque\u00f1as.\u00a0<\/span><\/p><p><span style=\"color: #000000;\">En junio de 2024 se pondr\u00e1 en marcha un proyecto piloto a escala real en el Binnenschelde, en Bergen op Zoom.\u00a0<\/span><\/p><p><span style=\"color: #000000;\">Puede leer sobre ello en <a href=\"https:\/\/nutreact.eu\/es\/piloto-algas-azules-binnenschelde\/\">esta p\u00e1gina<\/a> leer m\u00e1s.\u00a0<\/span><\/p><p><span style=\"color: #000000;\">Si desea m\u00e1s informaci\u00f3n sobre Nutreact, p\u00f3ngase en contacto con nosotros.<\/span><\/p>\t\t\t\t\t\t\t\t<\/div>\n\t\t\t\t<\/div>\n\t\t\t\t\t<\/div>\n\t\t\t\t<\/div>\n\t\t\t\t<\/div>","protected":false},"excerpt":{"rendered":"<p>Home Wat is Nutreact Wat is Nutreact? Visie De Nederlandse en Belgische meren, oppervlaktewateren en vijvers waren van oorsprong heldere en plantenrijke systemen, met een hoge diversiteit aan fauna en flora. Door de constante toename van belasting met stikstof en fosfor (in de vorm van fosfaat), zijn deze waterlopen historisch overgegaan naar troebelheid en minder [&hellip;]<\/p>","protected":false},"author":1,"featured_media":0,"parent":0,"menu_order":0,"comment_status":"closed","ping_status":"closed","template":"elementor_header_footer","meta":{"iawp_total_views":89,"footnotes":""},"class_list":["post-13","page","type-page","status-publish","hentry"],"yoast_head":"<!-- This site is optimized with the Yoast SEO plugin v26.6 - https:\/\/yoast.com\/wordpress\/plugins\/seo\/ -->\n<title>Wat is Nutreact - Nutreact<\/title>\n<meta name=\"description\" content=\"Wat is Nutreact? Innovatieve technologie voor ecologisch waterherstel. Verwijdert overtollig fosfaat en pakt blauwalgbloei aan.\" \/>\n<meta name=\"robots\" content=\"index, follow, max-snippet:-1, max-image-preview:large, max-video-preview:-1\" \/>\n<link rel=\"canonical\" href=\"https:\/\/nutreact.eu\/es\/que-es-nutreact\/\" \/>\n<meta property=\"og:locale\" content=\"es_ES\" \/>\n<meta property=\"og:type\" content=\"article\" \/>\n<meta property=\"og:title\" content=\"Wat is Nutreact - Nutreact\" \/>\n<meta property=\"og:description\" content=\"Wat is Nutreact? Innovatieve technologie voor ecologisch waterherstel. Verwijdert overtollig fosfaat en pakt blauwalgbloei aan.\" \/>\n<meta property=\"og:url\" content=\"https:\/\/nutreact.eu\/es\/que-es-nutreact\/\" \/>\n<meta property=\"og:site_name\" content=\"Nutreact\" \/>\n<meta property=\"article:modified_time\" content=\"2025-02-05T09:56:36+00:00\" \/>\n<meta name=\"twitter:card\" content=\"summary_large_image\" \/>\n<meta name=\"twitter:label1\" content=\"Tiempo de lectura\" \/>\n\t<meta name=\"twitter:data1\" content=\"3 minutos\" \/>\n<script type=\"application\/ld+json\" class=\"yoast-schema-graph\">{\"@context\":\"https:\/\/schema.org\",\"@graph\":[{\"@type\":\"WebPage\",\"@id\":\"https:\/\/nutreact.eu\/wat-is-nutreact\/\",\"url\":\"https:\/\/nutreact.eu\/wat-is-nutreact\/\",\"name\":\"Wat is Nutreact - Nutreact\",\"isPartOf\":{\"@id\":\"https:\/\/nutreact.eu\/#website\"},\"datePublished\":\"2024-08-12T09:54:46+00:00\",\"dateModified\":\"2025-02-05T09:56:36+00:00\",\"description\":\"Wat is Nutreact? Innovatieve technologie voor ecologisch waterherstel. Verwijdert overtollig fosfaat en pakt blauwalgbloei aan.\",\"breadcrumb\":{\"@id\":\"https:\/\/nutreact.eu\/wat-is-nutreact\/#breadcrumb\"},\"inLanguage\":\"es\",\"potentialAction\":[{\"@type\":\"ReadAction\",\"target\":[\"https:\/\/nutreact.eu\/wat-is-nutreact\/\"]}]},{\"@type\":\"BreadcrumbList\",\"@id\":\"https:\/\/nutreact.eu\/wat-is-nutreact\/#breadcrumb\",\"itemListElement\":[{\"@type\":\"ListItem\",\"position\":1,\"name\":\"Home\",\"item\":\"https:\/\/nutreact.eu\/\"},{\"@type\":\"ListItem\",\"position\":2,\"name\":\"Wat is Nutreact\"}]},{\"@type\":\"WebSite\",\"@id\":\"https:\/\/nutreact.eu\/#website\",\"url\":\"https:\/\/nutreact.eu\/\",\"name\":\"Nutreact\",\"description\":\"Eutrofi&euml;ring Aangepakt met Nutreact Technologie\",\"potentialAction\":[{\"@type\":\"SearchAction\",\"target\":{\"@type\":\"EntryPoint\",\"urlTemplate\":\"https:\/\/nutreact.eu\/?s={search_term_string}\"},\"query-input\":{\"@type\":\"PropertyValueSpecification\",\"valueRequired\":true,\"valueName\":\"search_term_string\"}}],\"inLanguage\":\"es\"}]}<\/script>\n<!-- \/ Yoast SEO plugin. -->","yoast_head_json":{"title":"Qu\u00e9 es Nutreact","description":"\u00bfQu\u00e9 es Nutreact? Tecnolog\u00eda innovadora para la restauraci\u00f3n ecol\u00f3gica del agua. Elimina el exceso de fosfato y combate la proliferaci\u00f3n de algas verdeazuladas.","robots":{"index":"index","follow":"follow","max-snippet":"max-snippet:-1","max-image-preview":"max-image-preview:large","max-video-preview":"max-video-preview:-1"},"canonical":"https:\/\/nutreact.eu\/es\/que-es-nutreact\/","og_locale":"es_ES","og_type":"article","og_title":"Wat is Nutreact - Nutreact","og_description":"Wat is Nutreact? Innovatieve technologie voor ecologisch waterherstel. Verwijdert overtollig fosfaat en pakt blauwalgbloei aan.","og_url":"https:\/\/nutreact.eu\/es\/que-es-nutreact\/","og_site_name":"Nutreact","article_modified_time":"2025-02-05T09:56:36+00:00","twitter_card":"summary_large_image","twitter_misc":{"Tiempo de lectura":"3 minutos"},"schema":{"@context":"https:\/\/schema.org","@graph":[{"@type":"WebPage","@id":"https:\/\/nutreact.eu\/wat-is-nutreact\/","url":"https:\/\/nutreact.eu\/wat-is-nutreact\/","name":"Qu\u00e9 es Nutreact","isPartOf":{"@id":"https:\/\/nutreact.eu\/#website"},"datePublished":"2024-08-12T09:54:46+00:00","dateModified":"2025-02-05T09:56:36+00:00","description":"\u00bfQu\u00e9 es Nutreact? Tecnolog\u00eda innovadora para la restauraci\u00f3n ecol\u00f3gica del agua. Elimina el exceso de fosfato y combate la proliferaci\u00f3n de algas verdeazuladas.","breadcrumb":{"@id":"https:\/\/nutreact.eu\/wat-is-nutreact\/#breadcrumb"},"inLanguage":"es","potentialAction":[{"@type":"ReadAction","target":["https:\/\/nutreact.eu\/wat-is-nutreact\/"]}]},{"@type":"BreadcrumbList","@id":"https:\/\/nutreact.eu\/wat-is-nutreact\/#breadcrumb","itemListElement":[{"@type":"ListItem","position":1,"name":"Home","item":"https:\/\/nutreact.eu\/"},{"@type":"ListItem","position":2,"name":"Wat is Nutreact"}]},{"@type":"WebSite","@id":"https:\/\/nutreact.eu\/#website","url":"https:\/\/nutreact.eu\/","name":"Nutreact","description":"Eutrofi&euml;ring Aangepakt met Nutreact Technologie","potentialAction":[{"@type":"SearchAction","target":{"@type":"EntryPoint","urlTemplate":"https:\/\/nutreact.eu\/?s={search_term_string}"},"query-input":{"@type":"PropertyValueSpecification","valueRequired":true,"valueName":"search_term_string"}}],"inLanguage":"es"}]}},"_links":{"self":[{"href":"https:\/\/nutreact.eu\/es\/wp-json\/wp\/v2\/pages\/13","targetHints":{"allow":["GET"]}}],"collection":[{"href":"https:\/\/nutreact.eu\/es\/wp-json\/wp\/v2\/pages"}],"about":[{"href":"https:\/\/nutreact.eu\/es\/wp-json\/wp\/v2\/types\/page"}],"author":[{"embeddable":true,"href":"https:\/\/nutreact.eu\/es\/wp-json\/wp\/v2\/users\/1"}],"replies":[{"embeddable":true,"href":"https:\/\/nutreact.eu\/es\/wp-json\/wp\/v2\/comments?post=13"}],"version-history":[{"count":19,"href":"https:\/\/nutreact.eu\/es\/wp-json\/wp\/v2\/pages\/13\/revisions"}],"predecessor-version":[{"id":264,"href":"https:\/\/nutreact.eu\/es\/wp-json\/wp\/v2\/pages\/13\/revisions\/264"}],"wp:attachment":[{"href":"https:\/\/nutreact.eu\/es\/wp-json\/wp\/v2\/media?parent=13"}],"curies":[{"name":"wp","href":"https:\/\/api.w.org\/{rel}","templated":true}]}}