{"id":11,"date":"2024-08-12T09:54:35","date_gmt":"2024-08-12T09:54:35","guid":{"rendered":"https:\/\/nutreact.eu\/?page_id=11"},"modified":"2024-08-14T08:35:25","modified_gmt":"2024-08-14T08:35:25","slug":"a-notre-sujet","status":"publish","type":"page","link":"https:\/\/nutreact.eu\/fr\/a-notre-sujet\/","title":{"rendered":"A propos de nous"},"content":{"rendered":"<div data-elementor-type=\"wp-page\" data-elementor-id=\"11\" class=\"elementor elementor-11\" data-elementor-post-type=\"page\">\n\t\t\t\t<div class=\"elementor-element elementor-element-cccee02 e-con-full e-flex e-con e-parent\" data-id=\"cccee02\" data-element_type=\"container\" data-settings=\"{&quot;background_background&quot;:&quot;classic&quot;}\">\n\t\t\t\t<div class=\"elementor-element elementor-element-9328488 elementor-icon-list--layout-inline elementor-list-item-link-full_width elementor-widget elementor-widget-icon-list\" data-id=\"9328488\" data-element_type=\"widget\" data-widget_type=\"icon-list.default\">\n\t\t\t\t<div class=\"elementor-widget-container\">\n\t\t\t\t\t\t\t<ul class=\"elementor-icon-list-items elementor-inline-items\">\n\t\t\t\t\t\t\t<li class=\"elementor-icon-list-item elementor-inline-item\">\n\t\t\t\t\t\t\t\t\t\t\t<a href=\"https:\/\/nutreact.eu\/fr\">\n\n\t\t\t\t\t\t\t\t\t\t\t<span class=\"elementor-icon-list-text\">Home<\/span>\n\t\t\t\t\t\t\t\t\t\t\t<\/a>\n\t\t\t\t\t\t\t\t\t<\/li>\n\t\t\t\t\t\t\t\t<li class=\"elementor-icon-list-item elementor-inline-item\">\n\t\t\t\t\t\t\t\t\t\t\t<span class=\"elementor-icon-list-icon\">\n\t\t\t\t\t\t\t<svg aria-hidden=\"true\" class=\"e-font-icon-svg e-fas-slash\" viewbox=\"0 0 640 512\" xmlns=\"http:\/\/www.w3.org\/2000\/svg\"><path d=\"M594.53 508.63L6.18 53.9c-6.97-5.42-8.23-15.47-2.81-22.45L23.01 6.18C28.43-.8 38.49-2.06 45.47 3.37L633.82 458.1c6.97 5.42 8.23 15.47 2.81 22.45l-19.64 25.27c-5.42 6.98-15.48 8.23-22.46 2.81z\"><\/path><\/svg>\t\t\t\t\t\t<\/span>\n\t\t\t\t\t\t\t\t\t\t<span class=\"elementor-icon-list-text\">A propos de nous<\/span>\n\t\t\t\t\t\t\t\t\t<\/li>\n\t\t\t\t\t\t<\/ul>\n\t\t\t\t\t\t<\/div>\n\t\t\t\t<\/div>\n\t\t\t\t<div class=\"elementor-element elementor-element-c38d273 elementor-widget elementor-widget-heading\" data-id=\"c38d273\" data-element_type=\"widget\" data-widget_type=\"heading.default\">\n\t\t\t\t<div class=\"elementor-widget-container\">\n\t\t\t\t\t<h1 class=\"elementor-heading-title elementor-size-default\">A propos de nous<\/h1>\t\t\t\t<\/div>\n\t\t\t\t<\/div>\n\t\t\t\t<\/div>\n\t\t<div class=\"elementor-element elementor-element-cd740f6 e-flex e-con-boxed e-con e-parent\" data-id=\"cd740f6\" data-element_type=\"container\">\n\t\t\t\t\t<div class=\"e-con-inner\">\n\t\t<div class=\"elementor-element elementor-element-1e4e89d e-con-full e-flex e-con e-child\" data-id=\"1e4e89d\" data-element_type=\"container\" data-settings=\"{&quot;background_background&quot;:&quot;classic&quot;}\">\n\t\t<div class=\"elementor-element elementor-element-72f9859 e-con-full e-flex e-con e-child\" data-id=\"72f9859\" data-element_type=\"container\">\n\t\t\t\t<div class=\"elementor-element elementor-element-2c81e38 elementor-widget elementor-widget-heading\" data-id=\"2c81e38\" data-element_type=\"widget\" data-widget_type=\"heading.default\">\n\t\t\t\t<div class=\"elementor-widget-container\">\n\t\t\t\t\t<h2 class=\"elementor-heading-title elementor-size-default\">En savoir plus sur Nutreact<\/h2>\t\t\t\t<\/div>\n\t\t\t\t<\/div>\n\t\t\t\t<div class=\"elementor-element elementor-element-bbeaca2 elementor-widget elementor-widget-text-editor\" data-id=\"bbeaca2\" data-element_type=\"widget\" data-widget_type=\"text-editor.default\">\n\t\t\t\t<div class=\"elementor-widget-container\">\n\t\t\t\t\t\t\t\t\t<p><span style=\"color: #000000;\">Nutreact est le fruit de la collaboration de deux entreprises : Avecom NV de Gand et Dutch Water Tech BV de Bergen op Zoom.\u00a0<\/span><\/p><p><span style=\"color: #000000;\">Le d\u00e9nominateur commun de cette coop\u00e9ration internationale est le traitement de l'eau par des techniques durables.<\/span><\/p><p><span style=\"color: #000000;\">Avecom est sp\u00e9cialis\u00e9e dans les solutions scientifiques durables et rentables pour l'assainissement de l'environnement, la fermentation de la biomasse et le traitement de l'eau.<\/span><\/p><p><span style=\"color: #000000;\">Dutch Water Tech BV d\u00e9veloppe et commercialise des technologies durables pour am\u00e9liorer la qualit\u00e9 de l'eau et la biodiversit\u00e9 dans les eaux urbaines.<\/span><\/p><p><span style=\"color: #000000;\">Vous pouvez en savoir plus sur les personnes \u00e0 l'origine de Nutreact ci-dessous.<\/span><\/p>\t\t\t\t\t\t\t\t<\/div>\n\t\t\t\t<\/div>\n\t\t\t\t<div class=\"elementor-element elementor-element-e671d10 elementor-widget elementor-widget-button\" data-id=\"e671d10\" data-element_type=\"widget\" data-widget_type=\"button.default\">\n\t\t\t\t<div class=\"elementor-widget-container\">\n\t\t\t\t\t\t\t\t\t<div class=\"elementor-button-wrapper\">\n\t\t\t\t\t<a class=\"elementor-button elementor-button-link elementor-size-sm elementor-animation-grow\" href=\"https:\/\/nutreact.eu\/fr\/contact\/\">\n\t\t\t\t\t\t<span class=\"elementor-button-content-wrapper\">\n\t\t\t\t\t\t\t\t\t<span class=\"elementor-button-text\">Contactez nous<\/span>\n\t\t\t\t\t<\/span>\n\t\t\t\t\t<\/a>\n\t\t\t\t<\/div>\n\t\t\t\t\t\t\t\t<\/div>\n\t\t\t\t<\/div>\n\t\t\t\t<\/div>\n\t\t<div class=\"elementor-element elementor-element-f984488 e-con-full e-flex e-con e-child\" data-id=\"f984488\" data-element_type=\"container\">\n\t\t\t\t<\/div>\n\t\t\t\t<\/div>\n\t\t\t\t\t<\/div>\n\t\t\t\t<\/div>\n\t\t\t\t<\/div>","protected":false},"excerpt":{"rendered":"<p>Home Over Ons Meer over Nutreact Nutreact is een samenwerking van twee bedrijven: Avecom NV uit Gent en Dutch Water Tech BV uit Bergen op Zoom.\u00a0 De gemene deler in deze internationale samenwerking is waterbehandeling middels duurzame technieken. Avecom is gespecialiseerd in duurzame en kosteneffectieve, op wetenschap gebaseerde oplossingen voor milieusanering, biomassa fermentatie en waterbehandeling. [&hellip;]<\/p>","protected":false},"author":1,"featured_media":0,"parent":0,"menu_order":0,"comment_status":"closed","ping_status":"closed","template":"elementor_header_footer","meta":{"iawp_total_views":47,"footnotes":""},"class_list":["post-11","page","type-page","status-publish","hentry"],"yoast_head":"<!-- This site is optimized with the Yoast SEO plugin v26.6 - https:\/\/yoast.com\/wordpress\/plugins\/seo\/ -->\n<title>Over Ons - Nutreact<\/title>\n<meta name=\"robots\" content=\"index, follow, max-snippet:-1, max-image-preview:large, max-video-preview:-1\" \/>\n<link rel=\"canonical\" href=\"https:\/\/nutreact.eu\/fr\/a-notre-sujet\/\" \/>\n<meta property=\"og:locale\" content=\"fr_FR\" \/>\n<meta property=\"og:type\" content=\"article\" \/>\n<meta property=\"og:title\" content=\"Over Ons - Nutreact\" \/>\n<meta property=\"og:description\" content=\"Home Over Ons Meer over Nutreact Nutreact is een samenwerking van twee bedrijven: Avecom NV uit Gent en Dutch Water Tech BV uit Bergen op Zoom.\u00a0 De gemene deler in deze internationale samenwerking is waterbehandeling middels duurzame technieken. Avecom is gespecialiseerd in duurzame en kosteneffectieve, op wetenschap gebaseerde oplossingen voor milieusanering, biomassa fermentatie en waterbehandeling. [&hellip;]\" \/>\n<meta property=\"og:url\" content=\"https:\/\/nutreact.eu\/fr\/a-notre-sujet\/\" \/>\n<meta property=\"og:site_name\" content=\"Nutreact\" \/>\n<meta property=\"article:modified_time\" content=\"2024-08-14T08:35:25+00:00\" \/>\n<meta name=\"twitter:card\" content=\"summary_large_image\" \/>\n<script type=\"application\/ld+json\" class=\"yoast-schema-graph\">{\"@context\":\"https:\/\/schema.org\",\"@graph\":[{\"@type\":\"WebPage\",\"@id\":\"https:\/\/nutreact.eu\/over-ons\/\",\"url\":\"https:\/\/nutreact.eu\/over-ons\/\",\"name\":\"Over Ons - Nutreact\",\"isPartOf\":{\"@id\":\"https:\/\/nutreact.eu\/#website\"},\"datePublished\":\"2024-08-12T09:54:35+00:00\",\"dateModified\":\"2024-08-14T08:35:25+00:00\",\"breadcrumb\":{\"@id\":\"https:\/\/nutreact.eu\/over-ons\/#breadcrumb\"},\"inLanguage\":\"fr-FR\",\"potentialAction\":[{\"@type\":\"ReadAction\",\"target\":[\"https:\/\/nutreact.eu\/over-ons\/\"]}]},{\"@type\":\"BreadcrumbList\",\"@id\":\"https:\/\/nutreact.eu\/over-ons\/#breadcrumb\",\"itemListElement\":[{\"@type\":\"ListItem\",\"position\":1,\"name\":\"Home\",\"item\":\"https:\/\/nutreact.eu\/\"},{\"@type\":\"ListItem\",\"position\":2,\"name\":\"Over Ons\"}]},{\"@type\":\"WebSite\",\"@id\":\"https:\/\/nutreact.eu\/#website\",\"url\":\"https:\/\/nutreact.eu\/\",\"name\":\"Nutreact\",\"description\":\"Eutrofi&euml;ring Aangepakt met Nutreact Technologie\",\"potentialAction\":[{\"@type\":\"SearchAction\",\"target\":{\"@type\":\"EntryPoint\",\"urlTemplate\":\"https:\/\/nutreact.eu\/?s={search_term_string}\"},\"query-input\":{\"@type\":\"PropertyValueSpecification\",\"valueRequired\":true,\"valueName\":\"search_term_string\"}}],\"inLanguage\":\"fr-FR\"}]}<\/script>\n<!-- \/ Yoast SEO plugin. -->","yoast_head_json":{"title":"\u00c0 propos de nous - Nutreact","robots":{"index":"index","follow":"follow","max-snippet":"max-snippet:-1","max-image-preview":"max-image-preview:large","max-video-preview":"max-video-preview:-1"},"canonical":"https:\/\/nutreact.eu\/fr\/a-notre-sujet\/","og_locale":"fr_FR","og_type":"article","og_title":"Over Ons - Nutreact","og_description":"Home Over Ons Meer over Nutreact Nutreact is een samenwerking van twee bedrijven: Avecom NV uit Gent en Dutch Water Tech BV uit Bergen op Zoom.\u00a0 De gemene deler in deze internationale samenwerking is waterbehandeling middels duurzame technieken. Avecom is gespecialiseerd in duurzame en kosteneffectieve, op wetenschap gebaseerde oplossingen voor milieusanering, biomassa fermentatie en waterbehandeling. [&hellip;]","og_url":"https:\/\/nutreact.eu\/fr\/a-notre-sujet\/","og_site_name":"Nutreact","article_modified_time":"2024-08-14T08:35:25+00:00","twitter_card":"summary_large_image","schema":{"@context":"https:\/\/schema.org","@graph":[{"@type":"WebPage","@id":"https:\/\/nutreact.eu\/over-ons\/","url":"https:\/\/nutreact.eu\/over-ons\/","name":"\u00c0 propos de nous - Nutreact","isPartOf":{"@id":"https:\/\/nutreact.eu\/#website"},"datePublished":"2024-08-12T09:54:35+00:00","dateModified":"2024-08-14T08:35:25+00:00","breadcrumb":{"@id":"https:\/\/nutreact.eu\/over-ons\/#breadcrumb"},"inLanguage":"fr-FR","potentialAction":[{"@type":"ReadAction","target":["https:\/\/nutreact.eu\/over-ons\/"]}]},{"@type":"BreadcrumbList","@id":"https:\/\/nutreact.eu\/over-ons\/#breadcrumb","itemListElement":[{"@type":"ListItem","position":1,"name":"Home","item":"https:\/\/nutreact.eu\/"},{"@type":"ListItem","position":2,"name":"Over Ons"}]},{"@type":"WebSite","@id":"https:\/\/nutreact.eu\/#website","url":"https:\/\/nutreact.eu\/","name":"Nutreact","description":"Eutrofi&euml;ring Aangepakt met Nutreact Technologie","potentialAction":[{"@type":"SearchAction","target":{"@type":"EntryPoint","urlTemplate":"https:\/\/nutreact.eu\/?s={search_term_string}"},"query-input":{"@type":"PropertyValueSpecification","valueRequired":true,"valueName":"search_term_string"}}],"inLanguage":"fr-FR"}]}},"_links":{"self":[{"href":"https:\/\/nutreact.eu\/fr\/wp-json\/wp\/v2\/pages\/11","targetHints":{"allow":["GET"]}}],"collection":[{"href":"https:\/\/nutreact.eu\/fr\/wp-json\/wp\/v2\/pages"}],"about":[{"href":"https:\/\/nutreact.eu\/fr\/wp-json\/wp\/v2\/types\/page"}],"author":[{"embeddable":true,"href":"https:\/\/nutreact.eu\/fr\/wp-json\/wp\/v2\/users\/1"}],"replies":[{"embeddable":true,"href":"https:\/\/nutreact.eu\/fr\/wp-json\/wp\/v2\/comments?post=11"}],"version-history":[{"count":10,"href":"https:\/\/nutreact.eu\/fr\/wp-json\/wp\/v2\/pages\/11\/revisions"}],"predecessor-version":[{"id":122,"href":"https:\/\/nutreact.eu\/fr\/wp-json\/wp\/v2\/pages\/11\/revisions\/122"}],"wp:attachment":[{"href":"https:\/\/nutreact.eu\/fr\/wp-json\/wp\/v2\/media?parent=11"}],"curies":[{"name":"wp","href":"https:\/\/api.w.org\/{rel}","templated":true}]}}