{"id":13,"date":"2024-08-12T09:54:46","date_gmt":"2024-08-12T09:54:46","guid":{"rendered":"https:\/\/nutreact.eu\/?page_id=13"},"modified":"2025-02-05T09:56:36","modified_gmt":"2025-02-05T09:56:36","slug":"quest-ce-que-nutreact","status":"publish","type":"page","link":"https:\/\/nutreact.eu\/fr\/quest-ce-que-nutreact\/","title":{"rendered":"Qu'est-ce que Nutreact ?"},"content":{"rendered":"<div data-elementor-type=\"wp-page\" data-elementor-id=\"13\" class=\"elementor elementor-13\" data-elementor-post-type=\"page\">\n\t\t\t\t<div class=\"elementor-element elementor-element-fc5b535 e-con-full e-flex e-con e-parent\" data-id=\"fc5b535\" data-element_type=\"container\" data-settings=\"{&quot;background_background&quot;:&quot;classic&quot;}\">\n\t\t\t\t<div class=\"elementor-element elementor-element-f690c8b elementor-icon-list--layout-inline elementor-list-item-link-full_width elementor-widget elementor-widget-icon-list\" data-id=\"f690c8b\" data-element_type=\"widget\" data-widget_type=\"icon-list.default\">\n\t\t\t\t<div class=\"elementor-widget-container\">\n\t\t\t\t\t\t\t<ul class=\"elementor-icon-list-items elementor-inline-items\">\n\t\t\t\t\t\t\t<li class=\"elementor-icon-list-item elementor-inline-item\">\n\t\t\t\t\t\t\t\t\t\t\t<a href=\"https:\/\/nutreact.eu\/fr\">\n\n\t\t\t\t\t\t\t\t\t\t\t<span class=\"elementor-icon-list-text\">Home<\/span>\n\t\t\t\t\t\t\t\t\t\t\t<\/a>\n\t\t\t\t\t\t\t\t\t<\/li>\n\t\t\t\t\t\t\t\t<li class=\"elementor-icon-list-item elementor-inline-item\">\n\t\t\t\t\t\t\t\t\t\t\t<span class=\"elementor-icon-list-icon\">\n\t\t\t\t\t\t\t<svg aria-hidden=\"true\" class=\"e-font-icon-svg e-fas-slash\" viewbox=\"0 0 640 512\" xmlns=\"http:\/\/www.w3.org\/2000\/svg\"><path d=\"M594.53 508.63L6.18 53.9c-6.97-5.42-8.23-15.47-2.81-22.45L23.01 6.18C28.43-.8 38.49-2.06 45.47 3.37L633.82 458.1c6.97 5.42 8.23 15.47 2.81 22.45l-19.64 25.27c-5.42 6.98-15.48 8.23-22.46 2.81z\"><\/path><\/svg>\t\t\t\t\t\t<\/span>\n\t\t\t\t\t\t\t\t\t\t<span class=\"elementor-icon-list-text\">Qu'est-ce que Nutreact ?<\/span>\n\t\t\t\t\t\t\t\t\t<\/li>\n\t\t\t\t\t\t<\/ul>\n\t\t\t\t\t\t<\/div>\n\t\t\t\t<\/div>\n\t\t\t\t<div class=\"elementor-element elementor-element-36c9bc8 elementor-widget elementor-widget-heading\" data-id=\"36c9bc8\" data-element_type=\"widget\" data-widget_type=\"heading.default\">\n\t\t\t\t<div class=\"elementor-widget-container\">\n\t\t\t\t\t<h1 class=\"elementor-heading-title elementor-size-default\">Qu'est-ce que Nutreact ?<\/h1>\t\t\t\t<\/div>\n\t\t\t\t<\/div>\n\t\t\t\t<\/div>\n\t\t<div class=\"elementor-element elementor-element-4f0f2b0 e-flex e-con-boxed e-con e-parent\" data-id=\"4f0f2b0\" data-element_type=\"container\">\n\t\t\t\t\t<div class=\"e-con-inner\">\n\t\t<div class=\"elementor-element elementor-element-0f3eb02 e-con-full e-flex e-con e-child\" data-id=\"0f3eb02\" data-element_type=\"container\">\n\t\t<div class=\"elementor-element elementor-element-e8f3cd2 e-con-full e-flex e-con e-child\" data-id=\"e8f3cd2\" data-element_type=\"container\">\n\t\t\t\t<div class=\"elementor-element elementor-element-051bcea elementor-widget elementor-widget-heading\" data-id=\"051bcea\" data-element_type=\"widget\" data-widget_type=\"heading.default\">\n\t\t\t\t<div class=\"elementor-widget-container\">\n\t\t\t\t\t<h2 class=\"elementor-heading-title elementor-size-default\">Vision<\/h2>\t\t\t\t<\/div>\n\t\t\t\t<\/div>\n\t\t\t\t<div class=\"elementor-element elementor-element-fbc347a elementor-widget elementor-widget-text-editor\" data-id=\"fbc347a\" data-element_type=\"widget\" data-widget_type=\"text-editor.default\">\n\t\t\t\t<div class=\"elementor-widget-container\">\n\t\t\t\t\t\t\t\t\t<p>Les lacs, les eaux de surface et les \u00e9tangs n\u00e9erlandais et belges \u00e9taient \u00e0 l'origine des syst\u00e8mes clairs et riches en plantes, avec une grande diversit\u00e9 de faune et de flore. En raison de l'augmentation constante de la charge en azote et en phosphore (sous forme de phosphate), ces cours d'eau ont historiquement \u00e9volu\u00e9 vers une turbidit\u00e9 et une diminution de la biodiversit\u00e9.\u00a0<\/p>\t\t\t\t\t\t\t\t<\/div>\n\t\t\t\t<\/div>\n\t\t\t\t<\/div>\n\t\t\t\t<\/div>\n\t\t\t\t\t<\/div>\n\t\t\t\t<\/div>\n\t\t<div class=\"elementor-element elementor-element-74e4f5a e-flex e-con-boxed e-con e-parent\" data-id=\"74e4f5a\" data-element_type=\"container\">\n\t\t\t\t\t<div class=\"e-con-inner\">\n\t\t<div class=\"elementor-element elementor-element-f1ecfc6 e-flex e-con-boxed e-con e-child\" data-id=\"f1ecfc6\" data-element_type=\"container\">\n\t\t\t\t\t<div class=\"e-con-inner\">\n\t\t\t\t<div class=\"elementor-element elementor-element-3169b52 elementor-widget elementor-widget-video\" data-id=\"3169b52\" data-element_type=\"widget\" data-settings=\"{&quot;youtube_url&quot;:&quot;https:\\\/\\\/youtu.be\\\/-rELmtPK98A?si=VUjmcEKq7D8jYy_N&quot;,&quot;lazy_load&quot;:&quot;yes&quot;,&quot;video_type&quot;:&quot;youtube&quot;,&quot;controls&quot;:&quot;yes&quot;}\" data-widget_type=\"video.default\">\n\t\t\t\t<div class=\"elementor-widget-container\">\n\t\t\t\t\t\t\t<div class=\"elementor-wrapper elementor-open-inline\">\n\t\t\t<div class=\"elementor-video\"><\/div>\t\t<\/div>\n\t\t\t\t\t\t<\/div>\n\t\t\t\t<\/div>\n\t\t\t\t\t<\/div>\n\t\t\t\t<\/div>\n\t\t<div class=\"elementor-element elementor-element-d3e810d e-flex e-con-boxed e-con e-child\" data-id=\"d3e810d\" data-element_type=\"container\">\n\t\t\t\t\t<div class=\"e-con-inner\">\n\t\t\t\t<div class=\"elementor-element elementor-element-2d0f2ae elementor-widget elementor-widget-heading\" data-id=\"2d0f2ae\" data-element_type=\"widget\" data-widget_type=\"heading.default\">\n\t\t\t\t<div class=\"elementor-widget-container\">\n\t\t\t\t\t<h2 class=\"elementor-heading-title elementor-size-default\">Les causes suivantes de l'eutrophisation sont souvent cit\u00e9es comme \u00e9tant les principales :<\/h2>\t\t\t\t<\/div>\n\t\t\t\t<\/div>\n\t\t\t\t<div class=\"elementor-element elementor-element-b9f775b elementor-icon-list--layout-traditional elementor-list-item-link-full_width elementor-widget elementor-widget-icon-list\" data-id=\"b9f775b\" data-element_type=\"widget\" data-widget_type=\"icon-list.default\">\n\t\t\t\t<div class=\"elementor-widget-container\">\n\t\t\t\t\t\t\t<ul class=\"elementor-icon-list-items\">\n\t\t\t\t\t\t\t<li class=\"elementor-icon-list-item\">\n\t\t\t\t\t\t\t\t\t\t\t<span class=\"elementor-icon-list-icon\">\n\t\t\t\t\t\t\t<svg aria-hidden=\"true\" class=\"e-font-icon-svg e-fas-circle\" viewbox=\"0 0 512 512\" xmlns=\"http:\/\/www.w3.org\/2000\/svg\"><path d=\"M256 8C119 8 8 119 8 256s111 248 248 248 248-111 248-248S393 8 256 8z\"><\/path><\/svg>\t\t\t\t\t\t<\/span>\n\t\t\t\t\t\t\t\t\t\t<span class=\"elementor-icon-list-text\">Charge externe : lessivage des engrais et ruissellement<\/span>\n\t\t\t\t\t\t\t\t\t<\/li>\n\t\t\t\t\t\t\t\t<li class=\"elementor-icon-list-item\">\n\t\t\t\t\t\t\t\t\t\t\t<span class=\"elementor-icon-list-icon\">\n\t\t\t\t\t\t\t<svg aria-hidden=\"true\" class=\"e-font-icon-svg e-fas-circle\" viewbox=\"0 0 512 512\" xmlns=\"http:\/\/www.w3.org\/2000\/svg\"><path d=\"M256 8C119 8 8 119 8 256s111 248 248 248 248-111 248-248S393 8 256 8z\"><\/path><\/svg>\t\t\t\t\t\t<\/span>\n\t\t\t\t\t\t\t\t\t\t<span class=\"elementor-icon-list-text\">Augmentation de la charge interne : d\u00e9composition de la mati\u00e8re organique<\/span>\n\t\t\t\t\t\t\t\t\t<\/li>\n\t\t\t\t\t\t\t\t<li class=\"elementor-icon-list-item\">\n\t\t\t\t\t\t\t\t\t\t\t<span class=\"elementor-icon-list-icon\">\n\t\t\t\t\t\t\t<svg aria-hidden=\"true\" class=\"e-font-icon-svg e-fas-circle\" viewbox=\"0 0 512 512\" xmlns=\"http:\/\/www.w3.org\/2000\/svg\"><path d=\"M256 8C119 8 8 119 8 256s111 248 248 248 248-111 248-248S393 8 256 8z\"><\/path><\/svg>\t\t\t\t\t\t<\/span>\n\t\t\t\t\t\t\t\t\t\t<span class=\"elementor-icon-list-text\">R\u00e9duction des charges critiques : jauges fixes<\/span>\n\t\t\t\t\t\t\t\t\t<\/li>\n\t\t\t\t\t\t\t\t<li class=\"elementor-icon-list-item\">\n\t\t\t\t\t\t\t\t\t\t\t<span class=\"elementor-icon-list-icon\">\n\t\t\t\t\t\t\t<svg aria-hidden=\"true\" class=\"e-font-icon-svg e-fas-circle\" viewbox=\"0 0 512 512\" xmlns=\"http:\/\/www.w3.org\/2000\/svg\"><path d=\"M256 8C119 8 8 119 8 256s111 248 248 248 248-111 248-248S393 8 256 8z\"><\/path><\/svg>\t\t\t\t\t\t<\/span>\n\t\t\t\t\t\t\t\t\t\t<span class=\"elementor-icon-list-text\">Augmentation de la charge interne : par l'exemption du sol historique\u00a0<\/span>\n\t\t\t\t\t\t\t\t\t<\/li>\n\t\t\t\t\t\t<\/ul>\n\t\t\t\t\t\t<\/div>\n\t\t\t\t<\/div>\n\t\t\t\t\t<\/div>\n\t\t\t\t<\/div>\n\t\t\t\t\t<\/div>\n\t\t\t\t<\/div>\n\t\t<div class=\"elementor-element elementor-element-c806257 e-flex e-con-boxed e-con e-parent\" data-id=\"c806257\" data-element_type=\"container\">\n\t\t\t\t\t<div class=\"e-con-inner\">\n\t\t\t\t<div class=\"elementor-element elementor-element-6b2f0ee elementor-widget elementor-widget-heading\" data-id=\"6b2f0ee\" data-element_type=\"widget\" data-widget_type=\"heading.default\">\n\t\t\t\t<div class=\"elementor-widget-container\">\n\t\t\t\t\t<h2 class=\"elementor-heading-title elementor-size-default\">\u00c9nonc\u00e9 du probl\u00e8me<\/h2>\t\t\t\t<\/div>\n\t\t\t\t<\/div>\n\t\t\t\t<div class=\"elementor-element elementor-element-868e254 elementor-widget elementor-widget-text-editor\" data-id=\"868e254\" data-element_type=\"widget\" data-widget_type=\"text-editor.default\">\n\t\t\t\t<div class=\"elementor-widget-container\">\n\t\t\t\t\t\t\t\t\t<p><span style=\"color: #000000;\">Le phosphate est consid\u00e9r\u00e9 comme le principal facteur d'eutrophisation, car il se lie facilement aux milieux organiques\/inorganiques et peut donc \u00eatre lib\u00e9r\u00e9 \u00e0 tout moment. L'azote joue un r\u00f4le moins important \u00e0 cet \u00e9gard et peut \u00eatre \u00ab plus facilement \u00bb \u00e9limin\u00e9 de la colonne d'eau. L'azote peut \u00e9galement \u00eatre fix\u00e9 biologiquement par les algues bleues, entre autres.  Il est clair que le phosphore, sous forme de phosphate, ne peut avoir un effet sur la turbidit\u00e9 caus\u00e9e par la prolif\u00e9ration d'algues que lorsqu'il se retrouve dans la colonne d'eau.<\/span><\/p><p><span style=\"color: #000000;\">L'apport d'\u00e9l\u00e9ments nutritifs, tel que d\u00e9crit ci-dessus, peut se faire de diff\u00e9rentes mani\u00e8res. La charge externe sera plus ou moins constante, avec des fluctuations au cours des saisons. La charge interne devrait \u00eatre assez bien \u00e9quilibr\u00e9e dans un syst\u00e8me d'\u00e9tang, sans calamit\u00e9s. Le niveau de l'eau est (en grande partie) d\u00e9termin\u00e9 par l'intervention humaine et est donc \u00e9galement contr\u00f4lable. Un dernier facteur qui a longtemps \u00e9t\u00e9 ignor\u00e9 est l'apport ult\u00e9rieur du sol en raison du stockage historique du phosphate dans la couche min\u00e9rale. Comme ce phosphate est principalement fix\u00e9 par des moyens physico-chimiques, il sera lib\u00e9r\u00e9 lorsque la concentration dans l'aquif\u00e8re diminuera. Dans ce cas, l'apport ult\u00e9rieur d\u00e9pend principalement de la forme de s\u00e9questration et du potentiel d'oxydor\u00e9duction dans le sol. En fonction de la quantit\u00e9 de phosphate s\u00e9questr\u00e9, la lib\u00e9ration ult\u00e9rieure \u00e0 partir du sol peut prendre plusieurs ann\u00e9es. Mais, comme nous l'avons d\u00e9j\u00e0 dit, il est toujours lib\u00e9r\u00e9 dans la couche d'eau pour \u00eatre absorb\u00e9 par les algues, les bact\u00e9ries et les plantes.ont sur la turbidit\u00e9 due \u00e0 la prolif\u00e9ration des algues lorsqu'il se retrouve dans la colonne d'eau.<\/span><\/p><p><span style=\"color: #000000;\">L'exc\u00e8s de phosphate finira par causer des probl\u00e8mes dans la masse d'eau. Les algues et les algues bleues sont des organismes \u00e0 croissance tr\u00e8s rapide. Elles poussent plus vite que les plantes aquatiques qui se disputent le phosphate. La pr\u00e9sence d'une grande quantit\u00e9 d'algues dans l'eau prive les plantes aquatiques de la lumi\u00e8re dont elles ont besoin. En cons\u00e9quence, les plantes aquatiques poussent moins, ce qui r\u00e9duit leur capacit\u00e9 \u00e0 concurrencer les algues pour le phosphate. Cet effet boule de neige permet aux algues de prolif\u00e9rer. Pour les algues bleues en particulier, cette prolif\u00e9ration est un probl\u00e8me car elle s'accompagne souvent d'une trop grande quantit\u00e9 de toxines dans l'eau.<\/span><\/p><h4 style=\"font-family: var( --e-global-typography-83682a1-font-family ), Sans-serif; font-weight: var( --e-global-typography-83682a1-font-weight ); line-height: var( --e-global-typography-83682a1-line-height ); font-size: var( --e-global-typography-83682a1-font-size ); letter-spacing: normal; word-spacing: 0px;\"><span style=\"color: #000000;\">Objectif<\/span><\/h4><p><span style=\"color: #000000;\">Nutreact met en place les conditions d'un r\u00e9tablissement \u00e9cologique en \u00e9liminant l'exc\u00e8s de phosphate (et de nitrate) de l'eau. En quelque sorte, le bouton de r\u00e9initialisation est actionn\u00e9. Il est int\u00e9ressant de noter que Nutreact peut \u00e9galement \u00eatre utilis\u00e9 pour s'attaquer au probl\u00e8me des algues bleues. Nutreact suit la voie de la simple pr\u00e9vention de la prolif\u00e9ration des algues bleues en \u00e9liminant le phosphate de la colonne d'eau. Sans aucun additif dans l'eau. De mani\u00e8re durable.<\/span><\/p><p><span style=\"color: #000000;\">La technologie Nutreact se concentre sur l'\u00e9limination des nutriments biodisponibles \u00e0 des niveaux r\u00e9siduels tr\u00e8s faibles.  Cette technologie utilise des micro-organismes sp\u00e9cifiques accumulant le P qui sont stimul\u00e9s pour \u00e9liminer les nutriments jusqu'\u00e0 de tr\u00e8s faibles concentrations r\u00e9siduelles. Le r\u00e9acteur Nutreact contr\u00f4le une concentration totale d'azote inf\u00e9rieure \u00e0 0,1 mg N\/L et une concentration totale de phosphore inf\u00e9rieure \u00e0 0,01 mg P\/L.<\/span><\/p><h4 style=\"font-family: var( --e-global-typography-83682a1-font-family ), Sans-serif; font-weight: var( --e-global-typography-83682a1-font-weight ); line-height: var( --e-global-typography-83682a1-line-height ); font-size: var( --e-global-typography-83682a1-font-size ); letter-spacing: normal; word-spacing: 0px;\">Validation<\/h4><p><span style=\"color: #000000;\">La technologie Nutreact a fait ses preuves, tant \u00e0 l'\u00e9chelle du laboratoire que dans des plans d'eau plus petits.\u00a0<\/span><\/p><p><span style=\"color: #000000;\">Un projet pilote \u00e0 grande \u00e9chelle sur l'Escaut oriental \u00e0 Bergen op Zoom sera lanc\u00e9 en juin 2024.\u00a0<\/span><\/p><p><span style=\"color: #000000;\">Pour en savoir plus, consultez le site <a href=\"https:\/\/nutreact.eu\/fr\/pilote-algues-bleues-binnenschelde\/\">cette page<\/a> Lire la suite.\u00a0<\/span><\/p><p><span style=\"color: #000000;\">Pour plus d'informations sur Nutreact, n'h\u00e9sitez pas \u00e0 nous contacter !<\/span><\/p>\t\t\t\t\t\t\t\t<\/div>\n\t\t\t\t<\/div>\n\t\t\t\t\t<\/div>\n\t\t\t\t<\/div>\n\t\t\t\t<\/div>","protected":false},"excerpt":{"rendered":"<p>Home Wat is Nutreact Wat is Nutreact? Visie De Nederlandse en Belgische meren, oppervlaktewateren en vijvers waren van oorsprong heldere en plantenrijke systemen, met een hoge diversiteit aan fauna en flora. Door de constante toename van belasting met stikstof en fosfor (in de vorm van fosfaat), zijn deze waterlopen historisch overgegaan naar troebelheid en minder [&hellip;]<\/p>","protected":false},"author":1,"featured_media":0,"parent":0,"menu_order":0,"comment_status":"closed","ping_status":"closed","template":"elementor_header_footer","meta":{"iawp_total_views":89,"footnotes":""},"class_list":["post-13","page","type-page","status-publish","hentry"],"yoast_head":"<!-- This site is optimized with the Yoast SEO plugin v26.6 - https:\/\/yoast.com\/wordpress\/plugins\/seo\/ -->\n<title>Wat is Nutreact - Nutreact<\/title>\n<meta name=\"description\" content=\"Wat is Nutreact? Innovatieve technologie voor ecologisch waterherstel. Verwijdert overtollig fosfaat en pakt blauwalgbloei aan.\" \/>\n<meta name=\"robots\" content=\"index, follow, max-snippet:-1, max-image-preview:large, max-video-preview:-1\" \/>\n<link rel=\"canonical\" href=\"https:\/\/nutreact.eu\/fr\/quest-ce-que-nutreact\/\" \/>\n<meta property=\"og:locale\" content=\"fr_FR\" \/>\n<meta property=\"og:type\" content=\"article\" \/>\n<meta property=\"og:title\" content=\"Wat is Nutreact - Nutreact\" \/>\n<meta property=\"og:description\" content=\"Wat is Nutreact? Innovatieve technologie voor ecologisch waterherstel. Verwijdert overtollig fosfaat en pakt blauwalgbloei aan.\" \/>\n<meta property=\"og:url\" content=\"https:\/\/nutreact.eu\/fr\/quest-ce-que-nutreact\/\" \/>\n<meta property=\"og:site_name\" content=\"Nutreact\" \/>\n<meta property=\"article:modified_time\" content=\"2025-02-05T09:56:36+00:00\" \/>\n<meta name=\"twitter:card\" content=\"summary_large_image\" \/>\n<meta name=\"twitter:label1\" content=\"Dur\u00e9e de lecture estim\u00e9e\" \/>\n\t<meta name=\"twitter:data1\" content=\"3 minutes\" \/>\n<script type=\"application\/ld+json\" class=\"yoast-schema-graph\">{\"@context\":\"https:\/\/schema.org\",\"@graph\":[{\"@type\":\"WebPage\",\"@id\":\"https:\/\/nutreact.eu\/wat-is-nutreact\/\",\"url\":\"https:\/\/nutreact.eu\/wat-is-nutreact\/\",\"name\":\"Wat is Nutreact - Nutreact\",\"isPartOf\":{\"@id\":\"https:\/\/nutreact.eu\/#website\"},\"datePublished\":\"2024-08-12T09:54:46+00:00\",\"dateModified\":\"2025-02-05T09:56:36+00:00\",\"description\":\"Wat is Nutreact? Innovatieve technologie voor ecologisch waterherstel. Verwijdert overtollig fosfaat en pakt blauwalgbloei aan.\",\"breadcrumb\":{\"@id\":\"https:\/\/nutreact.eu\/wat-is-nutreact\/#breadcrumb\"},\"inLanguage\":\"fr-FR\",\"potentialAction\":[{\"@type\":\"ReadAction\",\"target\":[\"https:\/\/nutreact.eu\/wat-is-nutreact\/\"]}]},{\"@type\":\"BreadcrumbList\",\"@id\":\"https:\/\/nutreact.eu\/wat-is-nutreact\/#breadcrumb\",\"itemListElement\":[{\"@type\":\"ListItem\",\"position\":1,\"name\":\"Home\",\"item\":\"https:\/\/nutreact.eu\/\"},{\"@type\":\"ListItem\",\"position\":2,\"name\":\"Wat is Nutreact\"}]},{\"@type\":\"WebSite\",\"@id\":\"https:\/\/nutreact.eu\/#website\",\"url\":\"https:\/\/nutreact.eu\/\",\"name\":\"Nutreact\",\"description\":\"Eutrofi&euml;ring Aangepakt met Nutreact Technologie\",\"potentialAction\":[{\"@type\":\"SearchAction\",\"target\":{\"@type\":\"EntryPoint\",\"urlTemplate\":\"https:\/\/nutreact.eu\/?s={search_term_string}\"},\"query-input\":{\"@type\":\"PropertyValueSpecification\",\"valueRequired\":true,\"valueName\":\"search_term_string\"}}],\"inLanguage\":\"fr-FR\"}]}<\/script>\n<!-- \/ Yoast SEO plugin. -->","yoast_head_json":{"title":"Qu'est-ce que Nutreact ?","description":"Qu'est-ce que Nutreact ? Technologie innovante pour la restauration \u00e9cologique de l'eau. \u00c9limine l'exc\u00e8s de phosphate et s'attaque \u00e0 la prolif\u00e9ration des algues bleues.","robots":{"index":"index","follow":"follow","max-snippet":"max-snippet:-1","max-image-preview":"max-image-preview:large","max-video-preview":"max-video-preview:-1"},"canonical":"https:\/\/nutreact.eu\/fr\/quest-ce-que-nutreact\/","og_locale":"fr_FR","og_type":"article","og_title":"Wat is Nutreact - Nutreact","og_description":"Wat is Nutreact? Innovatieve technologie voor ecologisch waterherstel. Verwijdert overtollig fosfaat en pakt blauwalgbloei aan.","og_url":"https:\/\/nutreact.eu\/fr\/quest-ce-que-nutreact\/","og_site_name":"Nutreact","article_modified_time":"2025-02-05T09:56:36+00:00","twitter_card":"summary_large_image","twitter_misc":{"Dur\u00e9e de lecture estim\u00e9e":"3 minutes"},"schema":{"@context":"https:\/\/schema.org","@graph":[{"@type":"WebPage","@id":"https:\/\/nutreact.eu\/wat-is-nutreact\/","url":"https:\/\/nutreact.eu\/wat-is-nutreact\/","name":"Qu'est-ce que Nutreact ?","isPartOf":{"@id":"https:\/\/nutreact.eu\/#website"},"datePublished":"2024-08-12T09:54:46+00:00","dateModified":"2025-02-05T09:56:36+00:00","description":"Qu'est-ce que Nutreact ? Technologie innovante pour la restauration \u00e9cologique de l'eau. \u00c9limine l'exc\u00e8s de phosphate et s'attaque \u00e0 la prolif\u00e9ration des algues bleues.","breadcrumb":{"@id":"https:\/\/nutreact.eu\/wat-is-nutreact\/#breadcrumb"},"inLanguage":"fr-FR","potentialAction":[{"@type":"ReadAction","target":["https:\/\/nutreact.eu\/wat-is-nutreact\/"]}]},{"@type":"BreadcrumbList","@id":"https:\/\/nutreact.eu\/wat-is-nutreact\/#breadcrumb","itemListElement":[{"@type":"ListItem","position":1,"name":"Home","item":"https:\/\/nutreact.eu\/"},{"@type":"ListItem","position":2,"name":"Wat is Nutreact"}]},{"@type":"WebSite","@id":"https:\/\/nutreact.eu\/#website","url":"https:\/\/nutreact.eu\/","name":"Nutreact","description":"Eutrofi&euml;ring Aangepakt met Nutreact Technologie","potentialAction":[{"@type":"SearchAction","target":{"@type":"EntryPoint","urlTemplate":"https:\/\/nutreact.eu\/?s={search_term_string}"},"query-input":{"@type":"PropertyValueSpecification","valueRequired":true,"valueName":"search_term_string"}}],"inLanguage":"fr-FR"}]}},"_links":{"self":[{"href":"https:\/\/nutreact.eu\/fr\/wp-json\/wp\/v2\/pages\/13","targetHints":{"allow":["GET"]}}],"collection":[{"href":"https:\/\/nutreact.eu\/fr\/wp-json\/wp\/v2\/pages"}],"about":[{"href":"https:\/\/nutreact.eu\/fr\/wp-json\/wp\/v2\/types\/page"}],"author":[{"embeddable":true,"href":"https:\/\/nutreact.eu\/fr\/wp-json\/wp\/v2\/users\/1"}],"replies":[{"embeddable":true,"href":"https:\/\/nutreact.eu\/fr\/wp-json\/wp\/v2\/comments?post=13"}],"version-history":[{"count":19,"href":"https:\/\/nutreact.eu\/fr\/wp-json\/wp\/v2\/pages\/13\/revisions"}],"predecessor-version":[{"id":264,"href":"https:\/\/nutreact.eu\/fr\/wp-json\/wp\/v2\/pages\/13\/revisions\/264"}],"wp:attachment":[{"href":"https:\/\/nutreact.eu\/fr\/wp-json\/wp\/v2\/media?parent=13"}],"curies":[{"name":"wp","href":"https:\/\/api.w.org\/{rel}","templated":true}]}}