{"id":15,"date":"2024-08-12T09:54:59","date_gmt":"2024-08-12T09:54:59","guid":{"rendered":"https:\/\/nutreact.eu\/?page_id=15"},"modified":"2024-10-04T14:08:35","modified_gmt":"2024-10-04T14:08:35","slug":"centre-de-connaissance","status":"publish","type":"page","link":"https:\/\/nutreact.eu\/fr\/centre-de-connaissance\/","title":{"rendered":"Centre de connaissances"},"content":{"rendered":"<div data-elementor-type=\"wp-page\" data-elementor-id=\"15\" class=\"elementor elementor-15\" data-elementor-post-type=\"page\">\n\t\t\t\t\t\t<section class=\"elementor-section elementor-top-section elementor-element elementor-element-d4ac4cb elementor-section-boxed elementor-section-height-default elementor-section-height-default\" data-id=\"d4ac4cb\" data-element_type=\"section\">\n\t\t\t\t\t\t<div class=\"elementor-container elementor-column-gap-default\">\n\t\t\t\t\t<div class=\"elementor-column elementor-col-100 elementor-top-column elementor-element elementor-element-41d012a\" data-id=\"41d012a\" data-element_type=\"column\">\n\t\t\t<div class=\"elementor-widget-wrap elementor-element-populated\">\n\t\t\t\t\t\t<div class=\"elementor-element elementor-element-200bbd6 elementor-widget elementor-widget-text-editor\" data-id=\"200bbd6\" data-element_type=\"widget\" data-widget_type=\"text-editor.default\">\n\t\t\t\t<div class=\"elementor-widget-container\">\n\t\t\t\t\t\t\t\t\t<h1>Bienvenue dans la base de connaissances sur le traitement de l'eau<\/h1><p>Cliquez sur l'un des sujets ci-dessous pour trouver l'information que vous recherchez. Cette base de connaissances est constamment enrichie de nouvelles informations et de nouveaux articles. N'h\u00e9sitez donc pas \u00e0 revenir. Si vous avez des questions apr\u00e8s avoir lu notre base de connaissances, n'h\u00e9sitez pas \u00e0 nous envoyer un e-mail.<\/p>\t\t\t\t\t\t\t\t<\/div>\n\t\t\t\t<\/div>\n\t\t\t\t\t<\/div>\n\t\t<\/div>\n\t\t\t\t\t<\/div>\n\t\t<\/section>\n\t\t\t\t<section class=\"elementor-section elementor-top-section elementor-element elementor-element-055ed8b elementor-section-boxed elementor-section-height-default elementor-section-height-default\" data-id=\"055ed8b\" data-element_type=\"section\">\n\t\t\t\t\t\t<div class=\"elementor-container elementor-column-gap-default\">\n\t\t\t\t\t<div class=\"elementor-column elementor-col-50 elementor-top-column elementor-element elementor-element-356a329\" data-id=\"356a329\" data-element_type=\"column\">\n\t\t\t<div class=\"elementor-widget-wrap elementor-element-populated\">\n\t\t\t\t\t\t<div class=\"elementor-element elementor-element-1d26665 elementor-widget elementor-widget-image\" data-id=\"1d26665\" data-element_type=\"widget\" data-widget_type=\"image.default\">\n\t\t\t\t<div class=\"elementor-widget-container\">\n\t\t\t\t\t\t\t\t\t\t\t\t\t\t\t<img fetchpriority=\"high\" decoding=\"async\" width=\"1971\" height=\"1305\" src=\"https:\/\/nutreact.eu\/wp-content\/uploads\/2024\/08\/Nutreact-container-1.jpg\" class=\"attachment-full size-full wp-image-31\" alt=\"\" srcset=\"https:\/\/nutreact.eu\/wp-content\/uploads\/2024\/08\/Nutreact-container-1.jpg 1971w, https:\/\/nutreact.eu\/wp-content\/uploads\/2024\/08\/Nutreact-container-1-300x199.jpg 300w, https:\/\/nutreact.eu\/wp-content\/uploads\/2024\/08\/Nutreact-container-1-1024x678.jpg 1024w, https:\/\/nutreact.eu\/wp-content\/uploads\/2024\/08\/Nutreact-container-1-768x508.jpg 768w, https:\/\/nutreact.eu\/wp-content\/uploads\/2024\/08\/Nutreact-container-1-1536x1017.jpg 1536w\" sizes=\"(max-width: 1971px) 100vw, 1971px\" \/>\t\t\t\t\t\t\t\t\t\t\t\t\t\t\t<\/div>\n\t\t\t\t<\/div>\n\t\t\t\t<div class=\"elementor-element elementor-element-349b8e3 elementor-widget elementor-widget-text-editor\" data-id=\"349b8e3\" data-element_type=\"widget\" data-widget_type=\"text-editor.default\">\n\t\t\t\t<div class=\"elementor-widget-container\">\n\t\t\t\t\t\t\t\t\t<h4>Nutreact technologie<\/h4><p>En savoir plus sur notre m\u00e9thode innovante pour \u00e9liminer l'azote et le phosphore de l'eau.<\/p>\t\t\t\t\t\t\t\t<\/div>\n\t\t\t\t<\/div>\n\t\t\t\t\t<\/div>\n\t\t<\/div>\n\t\t\t\t<div class=\"elementor-column elementor-col-50 elementor-top-column elementor-element elementor-element-6709d92\" data-id=\"6709d92\" data-element_type=\"column\">\n\t\t\t<div class=\"elementor-widget-wrap elementor-element-populated\">\n\t\t\t\t\t\t<div class=\"elementor-element elementor-element-84f7744 elementor-widget elementor-widget-image\" data-id=\"84f7744\" data-element_type=\"widget\" data-widget_type=\"image.default\">\n\t\t\t\t<div class=\"elementor-widget-container\">\n\t\t\t\t\t\t\t\t\t\t\t\t\t\t\t<img decoding=\"async\" width=\"800\" height=\"533\" src=\"https:\/\/nutreact.eu\/wp-content\/uploads\/2024\/10\/Blauwalg-800-x-533.jpg\" class=\"attachment-full size-full wp-image-165\" alt=\"Algues bleues\" srcset=\"https:\/\/nutreact.eu\/wp-content\/uploads\/2024\/10\/Blauwalg-800-x-533.jpg 800w, https:\/\/nutreact.eu\/wp-content\/uploads\/2024\/10\/Blauwalg-800-x-533-300x200.jpg 300w, https:\/\/nutreact.eu\/wp-content\/uploads\/2024\/10\/Blauwalg-800-x-533-768x512.jpg 768w, https:\/\/nutreact.eu\/wp-content\/uploads\/2024\/10\/Blauwalg-800-x-533-18x12.jpg 18w\" sizes=\"(max-width: 800px) 100vw, 800px\" \/>\t\t\t\t\t\t\t\t\t\t\t\t\t\t\t<\/div>\n\t\t\t\t<\/div>\n\t\t\t\t<div class=\"elementor-element elementor-element-e57b4e0 elementor-widget elementor-widget-text-editor\" data-id=\"e57b4e0\" data-element_type=\"widget\" data-widget_type=\"text-editor.default\">\n\t\t\t\t<div class=\"elementor-widget-container\">\n\t\t\t\t\t\t\t\t\t<h4>Eutrophisation<\/h4><p>En savoir plus sur les causes, les cons\u00e9quences et les solutions en cas d'exc\u00e8s de nutriments dans l'eau<\/p>\t\t\t\t\t\t\t\t<\/div>\n\t\t\t\t<\/div>\n\t\t\t\t<div class=\"elementor-element elementor-element-5ffc753 elementor-widget elementor-widget-wp-widget-nav_menu\" data-id=\"5ffc753\" data-element_type=\"widget\" data-widget_type=\"wp-widget-nav_menu.default\">\n\t\t\t\t<div class=\"elementor-widget-container\">\n\t\t\t\t\t<nav class=\"menu-eutrofiering-kennisbank-container\" aria-label=\"Menu\"><ul id=\"menu-eutrofiering-kennisbank\" class=\"menu\"><li id=\"menu-item-232\" class=\"menu-item menu-item-type-post_type menu-item-object-post menu-item-232\"><a href=\"https:\/\/nutreact.eu\/fr\/eliminer-le-phosphate-et-le-nitrate-de-leau\/\">\u00c9limination des phosphates et des nitrates de l'eau<\/a><\/li>\n<\/ul><\/nav>\t\t\t\t<\/div>\n\t\t\t\t<\/div>\n\t\t\t\t\t<\/div>\n\t\t<\/div>\n\t\t\t\t\t<\/div>\n\t\t<\/section>\n\t\t\t\t<section class=\"elementor-section elementor-top-section elementor-element elementor-element-235fa64 elementor-section-boxed elementor-section-height-default elementor-section-height-default\" data-id=\"235fa64\" data-element_type=\"section\">\n\t\t\t\t\t\t<div class=\"elementor-container elementor-column-gap-default\">\n\t\t\t\t\t<div class=\"elementor-column elementor-col-50 elementor-top-column elementor-element elementor-element-21e9897\" data-id=\"21e9897\" data-element_type=\"column\">\n\t\t\t<div class=\"elementor-widget-wrap elementor-element-populated\">\n\t\t\t\t\t\t<div class=\"elementor-element elementor-element-55b62ea elementor-widget elementor-widget-image\" data-id=\"55b62ea\" data-element_type=\"widget\" data-widget_type=\"image.default\">\n\t\t\t\t<div class=\"elementor-widget-container\">\n\t\t\t\t\t\t\t\t\t\t\t\t\t\t\t<img decoding=\"async\" width=\"800\" height=\"533\" src=\"https:\/\/nutreact.eu\/wp-content\/uploads\/2024\/10\/Eutrofiering-800-x-533.jpg\" class=\"attachment-full size-full wp-image-166\" alt=\"Eutrophisation\" srcset=\"https:\/\/nutreact.eu\/wp-content\/uploads\/2024\/10\/Eutrofiering-800-x-533.jpg 800w, https:\/\/nutreact.eu\/wp-content\/uploads\/2024\/10\/Eutrofiering-800-x-533-300x200.jpg 300w, https:\/\/nutreact.eu\/wp-content\/uploads\/2024\/10\/Eutrofiering-800-x-533-768x512.jpg 768w, https:\/\/nutreact.eu\/wp-content\/uploads\/2024\/10\/Eutrofiering-800-x-533-18x12.jpg 18w\" sizes=\"(max-width: 800px) 100vw, 800px\" \/>\t\t\t\t\t\t\t\t\t\t\t\t\t\t\t<\/div>\n\t\t\t\t<\/div>\n\t\t\t\t<div class=\"elementor-element elementor-element-b955c39 elementor-widget elementor-widget-text-editor\" data-id=\"b955c39\" data-element_type=\"widget\" data-widget_type=\"text-editor.default\">\n\t\t\t\t<div class=\"elementor-widget-container\">\n\t\t\t\t\t\t\t\t\t<h4>Algues bleues<\/h4><p>D\u00e9couvrez comment Nutreact aide \u00e0 pr\u00e9venir et \u00e0 contr\u00f4ler la prolif\u00e9ration des algues bleues.<\/p>\t\t\t\t\t\t\t\t<\/div>\n\t\t\t\t<\/div>\n\t\t\t\t<div class=\"elementor-element elementor-element-4b03e74 elementor-widget elementor-widget-wp-widget-nav_menu\" data-id=\"4b03e74\" data-element_type=\"widget\" data-widget_type=\"wp-widget-nav_menu.default\">\n\t\t\t\t<div class=\"elementor-widget-container\">\n\t\t\t\t\t<nav class=\"menu-blauwalgen-kennisbank-container\" aria-label=\"Menu\"><ul id=\"menu-blauwalgen-kennisbank\" class=\"menu\"><li id=\"menu-item-230\" class=\"menu-item menu-item-type-post_type menu-item-object-post menu-item-230\"><a href=\"https:\/\/nutreact.eu\/fr\/radar-pour-les-algues-bleues\/\">Radar \u00e0 algues bleues<\/a><\/li>\n<li id=\"menu-item-231\" class=\"menu-item menu-item-type-post_type menu-item-object-post menu-item-231\"><a href=\"https:\/\/nutreact.eu\/fr\/qu-est-ce-que-les-algues-bleues\/\">Qu'est-ce que les algues bleues ?<\/a><\/li>\n<\/ul><\/nav>\t\t\t\t<\/div>\n\t\t\t\t<\/div>\n\t\t\t\t\t<\/div>\n\t\t<\/div>\n\t\t\t\t<div class=\"elementor-column elementor-col-50 elementor-top-column elementor-element elementor-element-9d88935\" data-id=\"9d88935\" data-element_type=\"column\">\n\t\t\t<div class=\"elementor-widget-wrap elementor-element-populated\">\n\t\t\t\t\t\t<div class=\"elementor-element elementor-element-e29297b elementor-widget elementor-widget-image\" data-id=\"e29297b\" data-element_type=\"widget\" data-widget_type=\"image.default\">\n\t\t\t\t<div class=\"elementor-widget-container\">\n\t\t\t\t\t\t\t\t\t\t\t\t\t\t\t<img loading=\"lazy\" decoding=\"async\" width=\"800\" height=\"533\" src=\"https:\/\/nutreact.eu\/wp-content\/uploads\/2024\/10\/Vraagteken-800-x-533.jpg\" class=\"attachment-full size-full wp-image-167\" alt=\"\" srcset=\"https:\/\/nutreact.eu\/wp-content\/uploads\/2024\/10\/Vraagteken-800-x-533.jpg 800w, https:\/\/nutreact.eu\/wp-content\/uploads\/2024\/10\/Vraagteken-800-x-533-300x200.jpg 300w, https:\/\/nutreact.eu\/wp-content\/uploads\/2024\/10\/Vraagteken-800-x-533-768x512.jpg 768w, https:\/\/nutreact.eu\/wp-content\/uploads\/2024\/10\/Vraagteken-800-x-533-18x12.jpg 18w\" sizes=\"(max-width: 800px) 100vw, 800px\" \/>\t\t\t\t\t\t\t\t\t\t\t\t\t\t\t<\/div>\n\t\t\t\t<\/div>\n\t\t\t\t<div class=\"elementor-element elementor-element-c2333f7 elementor-widget elementor-widget-text-editor\" data-id=\"c2333f7\" data-element_type=\"widget\" data-widget_type=\"text-editor.default\">\n\t\t\t\t<div class=\"elementor-widget-container\">\n\t\t\t\t\t\t\t\t\t<h4>Questions fr\u00e9quemment pos\u00e9es<\/h4><p>Nos clients nous posent de nombreuses questions sur la purification naturelle de l'eau, le traitement des eaux us\u00e9es, etc. Nous avons rassembl\u00e9 toutes ces questions.<\/p>\t\t\t\t\t\t\t\t<\/div>\n\t\t\t\t<\/div>\n\t\t\t\t\t<\/div>\n\t\t<\/div>\n\t\t\t\t\t<\/div>\n\t\t<\/section>\n\t\t\t\t<section class=\"elementor-section elementor-top-section elementor-element elementor-element-a5c8958 elementor-section-boxed elementor-section-height-default elementor-section-height-default\" data-id=\"a5c8958\" data-element_type=\"section\">\n\t\t\t\t\t\t<div class=\"elementor-container elementor-column-gap-default\">\n\t\t\t\t\t<div class=\"elementor-column elementor-col-100 elementor-top-column elementor-element elementor-element-dbb5b1b\" data-id=\"dbb5b1b\" data-element_type=\"column\">\n\t\t\t<div class=\"elementor-widget-wrap\">\n\t\t\t\t\t\t\t<\/div>\n\t\t<\/div>\n\t\t\t\t\t<\/div>\n\t\t<\/section>\n\t\t\t\t<\/div>","protected":false},"excerpt":{"rendered":"<p>Welkom bij de kennisbank over waterzuivering Klik op een van de onderstaande onderwerpen om de informatie te vinden die u zoekt. Deze kennisbank wordt voortdurend uitgebreid met nieuwe informatie en artikelen. Kom dus zeker terug. Als u na het lezen van onze kennisbank nog vragen heeft, kunt u ons gerust een e-mail sturen. Nutreact technologie [&hellip;]<\/p>","protected":false},"author":1,"featured_media":0,"parent":0,"menu_order":0,"comment_status":"closed","ping_status":"closed","template":"elementor_header_footer","meta":{"iawp_total_views":32,"footnotes":""},"class_list":["post-15","page","type-page","status-publish","hentry"],"yoast_head":"<!-- This site is optimized with the Yoast SEO plugin v26.6 - https:\/\/yoast.com\/wordpress\/plugins\/seo\/ -->\n<title>Kenniscentrum - Nutreact<\/title>\n<meta name=\"robots\" content=\"index, follow, max-snippet:-1, max-image-preview:large, max-video-preview:-1\" \/>\n<link rel=\"canonical\" href=\"https:\/\/nutreact.eu\/fr\/centre-de-connaissance\/\" \/>\n<meta property=\"og:locale\" content=\"fr_FR\" \/>\n<meta property=\"og:type\" content=\"article\" \/>\n<meta property=\"og:title\" content=\"Kenniscentrum - Nutreact\" \/>\n<meta property=\"og:description\" content=\"Welkom bij de kennisbank over waterzuivering Klik op een van de onderstaande onderwerpen om de informatie te vinden die u zoekt. Deze kennisbank wordt voortdurend uitgebreid met nieuwe informatie en artikelen. Kom dus zeker terug. Als u na het lezen van onze kennisbank nog vragen heeft, kunt u ons gerust een e-mail sturen. Nutreact technologie [&hellip;]\" \/>\n<meta property=\"og:url\" content=\"https:\/\/nutreact.eu\/fr\/centre-de-connaissance\/\" \/>\n<meta property=\"og:site_name\" content=\"Nutreact\" \/>\n<meta property=\"article:modified_time\" content=\"2024-10-04T14:08:35+00:00\" \/>\n<meta property=\"og:image\" content=\"https:\/\/nutreact.eu\/wp-content\/uploads\/2024\/08\/Nutreact-container-1.jpg\" \/>\n<meta name=\"twitter:card\" content=\"summary_large_image\" \/>\n<meta name=\"twitter:label1\" content=\"Dur\u00e9e de lecture estim\u00e9e\" \/>\n\t<meta name=\"twitter:data1\" content=\"2 minutes\" \/>\n<script type=\"application\/ld+json\" class=\"yoast-schema-graph\">{\"@context\":\"https:\/\/schema.org\",\"@graph\":[{\"@type\":\"WebPage\",\"@id\":\"https:\/\/nutreact.eu\/kenniscentrum\/\",\"url\":\"https:\/\/nutreact.eu\/kenniscentrum\/\",\"name\":\"Kenniscentrum - Nutreact\",\"isPartOf\":{\"@id\":\"https:\/\/nutreact.eu\/#website\"},\"primaryImageOfPage\":{\"@id\":\"https:\/\/nutreact.eu\/kenniscentrum\/#primaryimage\"},\"image\":{\"@id\":\"https:\/\/nutreact.eu\/kenniscentrum\/#primaryimage\"},\"thumbnailUrl\":\"https:\/\/nutreact.eu\/wp-content\/uploads\/2024\/08\/Nutreact-container-1.jpg\",\"datePublished\":\"2024-08-12T09:54:59+00:00\",\"dateModified\":\"2024-10-04T14:08:35+00:00\",\"breadcrumb\":{\"@id\":\"https:\/\/nutreact.eu\/kenniscentrum\/#breadcrumb\"},\"inLanguage\":\"fr-FR\",\"potentialAction\":[{\"@type\":\"ReadAction\",\"target\":[\"https:\/\/nutreact.eu\/kenniscentrum\/\"]}]},{\"@type\":\"ImageObject\",\"inLanguage\":\"fr-FR\",\"@id\":\"https:\/\/nutreact.eu\/kenniscentrum\/#primaryimage\",\"url\":\"https:\/\/nutreact.eu\/wp-content\/uploads\/2024\/08\/Nutreact-container-1.jpg\",\"contentUrl\":\"https:\/\/nutreact.eu\/wp-content\/uploads\/2024\/08\/Nutreact-container-1.jpg\"},{\"@type\":\"BreadcrumbList\",\"@id\":\"https:\/\/nutreact.eu\/kenniscentrum\/#breadcrumb\",\"itemListElement\":[{\"@type\":\"ListItem\",\"position\":1,\"name\":\"Home\",\"item\":\"https:\/\/nutreact.eu\/\"},{\"@type\":\"ListItem\",\"position\":2,\"name\":\"Kenniscentrum\"}]},{\"@type\":\"WebSite\",\"@id\":\"https:\/\/nutreact.eu\/#website\",\"url\":\"https:\/\/nutreact.eu\/\",\"name\":\"Nutreact\",\"description\":\"Eutrofi&euml;ring Aangepakt met Nutreact Technologie\",\"potentialAction\":[{\"@type\":\"SearchAction\",\"target\":{\"@type\":\"EntryPoint\",\"urlTemplate\":\"https:\/\/nutreact.eu\/?s={search_term_string}\"},\"query-input\":{\"@type\":\"PropertyValueSpecification\",\"valueRequired\":true,\"valueName\":\"search_term_string\"}}],\"inLanguage\":\"fr-FR\"}]}<\/script>\n<!-- \/ Yoast SEO plugin. -->","yoast_head_json":{"title":"Centre de connaissances - Nutreact","robots":{"index":"index","follow":"follow","max-snippet":"max-snippet:-1","max-image-preview":"max-image-preview:large","max-video-preview":"max-video-preview:-1"},"canonical":"https:\/\/nutreact.eu\/fr\/centre-de-connaissance\/","og_locale":"fr_FR","og_type":"article","og_title":"Kenniscentrum - Nutreact","og_description":"Welkom bij de kennisbank over waterzuivering Klik op een van de onderstaande onderwerpen om de informatie te vinden die u zoekt. Deze kennisbank wordt voortdurend uitgebreid met nieuwe informatie en artikelen. Kom dus zeker terug. Als u na het lezen van onze kennisbank nog vragen heeft, kunt u ons gerust een e-mail sturen. Nutreact technologie [&hellip;]","og_url":"https:\/\/nutreact.eu\/fr\/centre-de-connaissance\/","og_site_name":"Nutreact","article_modified_time":"2024-10-04T14:08:35+00:00","og_image":[{"url":"https:\/\/nutreact.eu\/wp-content\/uploads\/2024\/08\/Nutreact-container-1.jpg","type":"","width":"","height":""}],"twitter_card":"summary_large_image","twitter_misc":{"Dur\u00e9e de lecture estim\u00e9e":"2 minutes"},"schema":{"@context":"https:\/\/schema.org","@graph":[{"@type":"WebPage","@id":"https:\/\/nutreact.eu\/kenniscentrum\/","url":"https:\/\/nutreact.eu\/kenniscentrum\/","name":"Centre de connaissances - Nutreact","isPartOf":{"@id":"https:\/\/nutreact.eu\/#website"},"primaryImageOfPage":{"@id":"https:\/\/nutreact.eu\/kenniscentrum\/#primaryimage"},"image":{"@id":"https:\/\/nutreact.eu\/kenniscentrum\/#primaryimage"},"thumbnailUrl":"https:\/\/nutreact.eu\/wp-content\/uploads\/2024\/08\/Nutreact-container-1.jpg","datePublished":"2024-08-12T09:54:59+00:00","dateModified":"2024-10-04T14:08:35+00:00","breadcrumb":{"@id":"https:\/\/nutreact.eu\/kenniscentrum\/#breadcrumb"},"inLanguage":"fr-FR","potentialAction":[{"@type":"ReadAction","target":["https:\/\/nutreact.eu\/kenniscentrum\/"]}]},{"@type":"ImageObject","inLanguage":"fr-FR","@id":"https:\/\/nutreact.eu\/kenniscentrum\/#primaryimage","url":"https:\/\/nutreact.eu\/wp-content\/uploads\/2024\/08\/Nutreact-container-1.jpg","contentUrl":"https:\/\/nutreact.eu\/wp-content\/uploads\/2024\/08\/Nutreact-container-1.jpg"},{"@type":"BreadcrumbList","@id":"https:\/\/nutreact.eu\/kenniscentrum\/#breadcrumb","itemListElement":[{"@type":"ListItem","position":1,"name":"Home","item":"https:\/\/nutreact.eu\/"},{"@type":"ListItem","position":2,"name":"Kenniscentrum"}]},{"@type":"WebSite","@id":"https:\/\/nutreact.eu\/#website","url":"https:\/\/nutreact.eu\/","name":"Nutreact","description":"Eutrofi&euml;ring Aangepakt met Nutreact Technologie","potentialAction":[{"@type":"SearchAction","target":{"@type":"EntryPoint","urlTemplate":"https:\/\/nutreact.eu\/?s={search_term_string}"},"query-input":{"@type":"PropertyValueSpecification","valueRequired":true,"valueName":"search_term_string"}}],"inLanguage":"fr-FR"}]}},"_links":{"self":[{"href":"https:\/\/nutreact.eu\/fr\/wp-json\/wp\/v2\/pages\/15","targetHints":{"allow":["GET"]}}],"collection":[{"href":"https:\/\/nutreact.eu\/fr\/wp-json\/wp\/v2\/pages"}],"about":[{"href":"https:\/\/nutreact.eu\/fr\/wp-json\/wp\/v2\/types\/page"}],"author":[{"embeddable":true,"href":"https:\/\/nutreact.eu\/fr\/wp-json\/wp\/v2\/users\/1"}],"replies":[{"embeddable":true,"href":"https:\/\/nutreact.eu\/fr\/wp-json\/wp\/v2\/comments?post=15"}],"version-history":[{"count":10,"href":"https:\/\/nutreact.eu\/fr\/wp-json\/wp\/v2\/pages\/15\/revisions"}],"predecessor-version":[{"id":252,"href":"https:\/\/nutreact.eu\/fr\/wp-json\/wp\/v2\/pages\/15\/revisions\/252"}],"wp:attachment":[{"href":"https:\/\/nutreact.eu\/fr\/wp-json\/wp\/v2\/media?parent=15"}],"curies":[{"name":"wp","href":"https:\/\/api.w.org\/{rel}","templated":true}]}}