{"id":21,"date":"2024-08-12T09:56:52","date_gmt":"2024-08-12T09:56:52","guid":{"rendered":"https:\/\/nutreact.eu\/?page_id=21"},"modified":"2024-10-02T08:31:17","modified_gmt":"2024-10-02T08:31:17","slug":"stowa-prix-innovation","status":"publish","type":"page","link":"https:\/\/nutreact.eu\/fr\/stowa-prix-innovation\/","title":{"rendered":"Prix de l'innovation STOWA"},"content":{"rendered":"<div data-elementor-type=\"wp-page\" data-elementor-id=\"21\" class=\"elementor elementor-21\" data-elementor-post-type=\"page\">\n\t\t\t\t<div class=\"elementor-element elementor-element-517f5e9 e-con-full e-flex e-con e-parent\" data-id=\"517f5e9\" data-element_type=\"container\" data-settings=\"{&quot;background_background&quot;:&quot;classic&quot;}\">\n\t\t\t\t<div class=\"elementor-element elementor-element-579d026 elementor-icon-list--layout-inline elementor-list-item-link-full_width elementor-widget elementor-widget-icon-list\" data-id=\"579d026\" data-element_type=\"widget\" data-widget_type=\"icon-list.default\">\n\t\t\t\t<div class=\"elementor-widget-container\">\n\t\t\t\t\t\t\t<ul class=\"elementor-icon-list-items elementor-inline-items\">\n\t\t\t\t\t\t\t<li class=\"elementor-icon-list-item elementor-inline-item\">\n\t\t\t\t\t\t\t\t\t\t\t<a href=\"https:\/\/nutreact.eu\/fr\">\n\n\t\t\t\t\t\t\t\t\t\t\t<span class=\"elementor-icon-list-text\">Home<\/span>\n\t\t\t\t\t\t\t\t\t\t\t<\/a>\n\t\t\t\t\t\t\t\t\t<\/li>\n\t\t\t\t\t\t\t\t<li class=\"elementor-icon-list-item elementor-inline-item\">\n\t\t\t\t\t\t\t\t\t\t\t<span class=\"elementor-icon-list-icon\">\n\t\t\t\t\t\t\t<svg aria-hidden=\"true\" class=\"e-font-icon-svg e-fas-slash\" viewbox=\"0 0 640 512\" xmlns=\"http:\/\/www.w3.org\/2000\/svg\"><path d=\"M594.53 508.63L6.18 53.9c-6.97-5.42-8.23-15.47-2.81-22.45L23.01 6.18C28.43-.8 38.49-2.06 45.47 3.37L633.82 458.1c6.97 5.42 8.23 15.47 2.81 22.45l-19.64 25.27c-5.42 6.98-15.48 8.23-22.46 2.81z\"><\/path><\/svg>\t\t\t\t\t\t<\/span>\n\t\t\t\t\t\t\t\t\t\t<span class=\"elementor-icon-list-text\">Prix de l'innovation STOWA<\/span>\n\t\t\t\t\t\t\t\t\t<\/li>\n\t\t\t\t\t\t<\/ul>\n\t\t\t\t\t\t<\/div>\n\t\t\t\t<\/div>\n\t\t\t\t<div class=\"elementor-element elementor-element-bfd9ab7 elementor-widget elementor-widget-heading\" data-id=\"bfd9ab7\" data-element_type=\"widget\" data-widget_type=\"heading.default\">\n\t\t\t\t<div class=\"elementor-widget-container\">\n\t\t\t\t\t<h1 class=\"elementor-heading-title elementor-size-default\">Prix de l'innovation STOWA<\/h1>\t\t\t\t<\/div>\n\t\t\t\t<\/div>\n\t\t\t\t<\/div>\n\t\t<div class=\"elementor-element elementor-element-4a1c6af e-flex e-con-boxed e-con e-parent\" data-id=\"4a1c6af\" data-element_type=\"container\">\n\t\t\t\t\t<div class=\"e-con-inner\">\n\t\t<div class=\"elementor-element elementor-element-8a1f89f e-con-full e-flex e-con e-child\" data-id=\"8a1f89f\" data-element_type=\"container\">\n\t\t\t\t<div class=\"elementor-element elementor-element-9fc54dd elementor-widget elementor-widget-heading\" data-id=\"9fc54dd\" data-element_type=\"widget\" data-widget_type=\"heading.default\">\n\t\t\t\t<div class=\"elementor-widget-container\">\n\t\t\t\t\t<h2 class=\"elementor-heading-title elementor-size-default\">Prix de l'innovation STOWA<\/h2>\t\t\t\t<\/div>\n\t\t\t\t<\/div>\n\t\t\t\t<div class=\"elementor-element elementor-element-dba0206 elementor-widget elementor-widget-text-editor\" data-id=\"dba0206\" data-element_type=\"widget\" data-widget_type=\"text-editor.default\">\n\t\t\t\t<div class=\"elementor-widget-container\">\n\t\t\t\t\t\t\t\t\t<p>Nutreact remporte une premi\u00e8re place partag\u00e9e \u00e0 l'occasion de l'assembl\u00e9e g\u00e9n\u00e9rale de l'Union europ\u00e9enne<\/p><p>Le STOWA est le centre de connaissances pour les gestionnaires r\u00e9gionaux de l'eau aux Pays-Bas, principalement pour les agences de l'eau. Le STOWA a organis\u00e9 un concours d'innovation en 2021. Ce concours portait sur la combinaison de la TEO (r\u00e9cup\u00e9ration d'\u00e9nergie \u00e0 partir des eaux de surface) et de la lutte contre l'eutrophisation.\u00a0<\/p>\t\t\t\t\t\t\t\t<\/div>\n\t\t\t\t<\/div>\n\t\t<div class=\"elementor-element elementor-element-7eaa812 e-con-full e-flex e-con e-child\" data-id=\"7eaa812\" data-element_type=\"container\">\n\t\t<div class=\"elementor-element elementor-element-7f49635 e-con-full e-flex e-con e-child\" data-id=\"7f49635\" data-element_type=\"container\">\n\t\t\t\t<div class=\"elementor-element elementor-element-c30d300 elementor-widget elementor-widget-image\" data-id=\"c30d300\" data-element_type=\"widget\" data-widget_type=\"image.default\">\n\t\t\t\t<div class=\"elementor-widget-container\">\n\t\t\t\t\t\t\t\t\t\t\t\t\t\t\t<img fetchpriority=\"high\" decoding=\"async\" width=\"330\" height=\"273\" src=\"https:\/\/nutreact.eu\/wp-content\/uploads\/2024\/08\/20210709-STOWA-Winnovatie-Mark-den-Dubbelden.png\" class=\"attachment-large size-large wp-image-29\" alt=\"\" srcset=\"https:\/\/nutreact.eu\/wp-content\/uploads\/2024\/08\/20210709-STOWA-Winnovatie-Mark-den-Dubbelden.png 330w, https:\/\/nutreact.eu\/wp-content\/uploads\/2024\/08\/20210709-STOWA-Winnovatie-Mark-den-Dubbelden-300x248.png 300w\" sizes=\"(max-width: 330px) 100vw, 330px\" \/>\t\t\t\t\t\t\t\t\t\t\t\t\t\t\t<\/div>\n\t\t\t\t<\/div>\n\t\t\t\t<div class=\"elementor-element elementor-element-3e670a3 elementor-widget elementor-widget-text-editor\" data-id=\"3e670a3\" data-element_type=\"widget\" data-widget_type=\"text-editor.default\">\n\t\t\t\t<div class=\"elementor-widget-container\">\n\t\t\t\t\t\t\t\t\t<p><em>Chiel van de Voorde (\u00e0 droite), \u00e9tudiant en gestion de l'eau, a soumis une id\u00e9e gagnante avec le soutien de Mark den Dubbelden (\u00e0 gauche) de Dutch Water Tech.<\/em><\/p><p>(Photo : STOWA)<\/p>\t\t\t\t\t\t\t\t<\/div>\n\t\t\t\t<\/div>\n\t\t\t\t<\/div>\n\t\t<div class=\"elementor-element elementor-element-b0a01ae e-con-full e-flex e-con e-child\" data-id=\"b0a01ae\" data-element_type=\"container\">\n\t\t\t\t<div class=\"elementor-element elementor-element-a8477b7 elementor-widget elementor-widget-text-editor\" data-id=\"a8477b7\" data-element_type=\"widget\" data-widget_type=\"text-editor.default\">\n\t\t\t\t<div class=\"elementor-widget-container\">\n\t\t\t\t\t\t\t\t\t<p>Chiel van de Voorde, alors stagiaire au Brabantse Delta Water Board, a introduit la technologie Nutreact avec notre soutien. Cela a abouti \u00e0 une premi\u00e8re place partag\u00e9e.\u00a0<\/p><p>Le STOWA et l'Universit\u00e9 de Wageningen ont \u00e9tudi\u00e9 la question plus en d\u00e9tail et ont produit un rapport volumineux. En comparaison avec les deux autres participants, Nutreact ressort tr\u00e8s bien de l'\u00e9tude. Vous pouvez consulter ce rapport en format pdf en cliquant sur le bouton ci-dessous.\u00a0<\/p>\t\t\t\t\t\t\t\t<\/div>\n\t\t\t\t<\/div>\n\t\t\t\t<div class=\"elementor-element elementor-element-001b416 elementor-align-center elementor-widget elementor-widget-button\" data-id=\"001b416\" data-element_type=\"widget\" data-widget_type=\"button.default\">\n\t\t\t\t<div class=\"elementor-widget-container\">\n\t\t\t\t\t\t\t\t\t<div class=\"elementor-button-wrapper\">\n\t\t\t\t\t<a class=\"elementor-button elementor-button-link elementor-size-md\" href=\"https:\/\/edepot.wur.nl\/577412\">\n\t\t\t\t\t\t<span class=\"elementor-button-content-wrapper\">\n\t\t\t\t\t\t\t\t\t<span class=\"elementor-button-text\">Cliquez ici pour t\u00e9l\u00e9charger le rapport<\/span>\n\t\t\t\t\t<\/span>\n\t\t\t\t\t<\/a>\n\t\t\t\t<\/div>\n\t\t\t\t\t\t\t\t<\/div>\n\t\t\t\t<\/div>\n\t\t\t\t<\/div>\n\t\t\t\t<\/div>\n\t\t\t\t<div class=\"elementor-element elementor-element-30947cd elementor-widget elementor-widget-text-editor\" data-id=\"30947cd\" data-element_type=\"widget\" data-widget_type=\"text-editor.default\">\n\t\t\t\t<div class=\"elementor-widget-container\">\n\t\t\t\t\t\t\t\t\t<p>Plus d'informations sur Nutreact ou sa combinaison avec TEO ? Veuillez prendre <a href=\"https:\/\/nutreact.eu\/fr\/contact\/\">contact<\/a> avec nous.<\/p>\t\t\t\t\t\t\t\t<\/div>\n\t\t\t\t<\/div>\n\t\t\t\t<\/div>\n\t\t<div class=\"elementor-element elementor-element-7c88dfc e-con-full elementor-hidden-tablet elementor-hidden-mobile e-flex e-con e-child\" data-id=\"7c88dfc\" data-element_type=\"container\">\n\t\t<div class=\"elementor-element elementor-element-6a23cc0 e-con-full e-flex e-con e-child\" data-id=\"6a23cc0\" data-element_type=\"container\" data-settings=\"{&quot;background_background&quot;:&quot;classic&quot;}\">\n\t\t\t\t<div class=\"elementor-element elementor-element-ead2773 elementor-widget elementor-widget-text-editor\" data-id=\"ead2773\" data-element_type=\"widget\" data-widget_type=\"text-editor.default\">\n\t\t\t\t<div class=\"elementor-widget-container\">\n\t\t\t\t\t\t\t\t\t<p>Traitement durable de l'eau pour une eau claire et saine. \u00c9limine efficacement le phosphore et l'azote sans produits chimiques.<\/p>\t\t\t\t\t\t\t\t<\/div>\n\t\t\t\t<\/div>\n\t\t\t\t<div class=\"elementor-element elementor-element-79156f4 elementor-widget-divider--view-line elementor-widget elementor-widget-divider\" data-id=\"79156f4\" data-element_type=\"widget\" data-widget_type=\"divider.default\">\n\t\t\t\t<div class=\"elementor-widget-container\">\n\t\t\t\t\t\t\t<div class=\"elementor-divider\">\n\t\t\t<span class=\"elementor-divider-separator\">\n\t\t\t\t\t\t<\/span>\n\t\t<\/div>\n\t\t\t\t\t\t<\/div>\n\t\t\t\t<\/div>\n\t\t\t\t<div class=\"elementor-element elementor-element-5067a19 elementor-view-framed elementor-position-left elementor-shape-circle elementor-mobile-position-top elementor-widget elementor-widget-icon-box\" data-id=\"5067a19\" data-element_type=\"widget\" data-widget_type=\"icon-box.default\">\n\t\t\t\t<div class=\"elementor-widget-container\">\n\t\t\t\t\t\t\t<div class=\"elementor-icon-box-wrapper\">\n\n\t\t\t\t\t\t<div class=\"elementor-icon-box-icon\">\n\t\t\t\t<a href=\"https:\/\/nutreact.eu\/fr\/contact\/\" class=\"elementor-icon\" tabindex=\"-1\" aria-label=\"Prendre contact\">\n\t\t\t\t<svg aria-hidden=\"true\" class=\"e-font-icon-svg e-fas-phone-alt\" viewbox=\"0 0 512 512\" xmlns=\"http:\/\/www.w3.org\/2000\/svg\"><path d=\"M497.39 361.8l-112-48a24 24 0 0 0-28 6.9l-49.6 60.6A370.66 370.66 0 0 1 130.6 204.11l60.6-49.6a23.94 23.94 0 0 0 6.9-28l-48-112A24.16 24.16 0 0 0 122.6.61l-104 24A24 24 0 0 0 0 48c0 256.5 207.9 464 464 464a24 24 0 0 0 23.4-18.6l24-104a24.29 24.29 0 0 0-14.01-27.6z\"><\/path><\/svg>\t\t\t\t<\/a>\n\t\t\t<\/div>\n\t\t\t\n\t\t\t\t\t\t<div class=\"elementor-icon-box-content\">\n\n\t\t\t\t\t\t\t\t\t<h3 class=\"elementor-icon-box-title\">\n\t\t\t\t\t\t<a href=\"https:\/\/nutreact.eu\/fr\/contact\/\" >\n\t\t\t\t\t\t\tPrendre contact\t\t\t\t\t\t<\/a>\n\t\t\t\t\t<\/h3>\n\t\t\t\t\n\t\t\t\t\t\t\t\t\t<p class=\"elementor-icon-box-description\">\n\t\t\t\t\t\tBesoin d'aide ?\t\t\t\t\t<\/p>\n\t\t\t\t\n\t\t\t<\/div>\n\t\t\t\n\t\t<\/div>\n\t\t\t\t\t\t<\/div>\n\t\t\t\t<\/div>\n\t\t\t\t<\/div>\n\t\t\t\t<\/div>\n\t\t\t\t\t<\/div>\n\t\t\t\t<\/div>\n\t\t\t\t<\/div>","protected":false},"excerpt":{"rendered":"<p>Home Nutreact behaalt een gedeeld eerste plaats bij de STOWA Innovatieprijs! STOWA is het kenniscentrum voor de regionale waterbeheerders in Nederland, voornamelijk voor de waterschappen. STOWA heeft in 2021 een innovatiewedstrijd georganiseerd. Dit ging over de combinatie van TEO (energieterugwinning uit oppervlaktewater) en het tegengaan van eutrofi\u00ebring.\u00a0 Student Watermanagement Chiel van de Voorde (r) diende [&hellip;]<\/p>","protected":false},"author":1,"featured_media":0,"parent":0,"menu_order":0,"comment_status":"closed","ping_status":"closed","template":"elementor_header_footer","meta":{"iawp_total_views":19,"footnotes":""},"class_list":["post-21","page","type-page","status-publish","hentry"],"yoast_head":"<!-- This site is optimized with the Yoast SEO plugin v26.6 - https:\/\/yoast.com\/wordpress\/plugins\/seo\/ -->\n<title>STOWA innovatieprijs - Nutreact<\/title>\n<meta name=\"description\" content=\"STOWA innovatieprijs: Nutreact wint met innovatieve waterbehandeling. De combinatie van TEO en eutrofi\u00ebringbestrijding overtuigt jury.\" \/>\n<meta name=\"robots\" content=\"index, follow, max-snippet:-1, max-image-preview:large, max-video-preview:-1\" \/>\n<link rel=\"canonical\" href=\"https:\/\/nutreact.eu\/fr\/stowa-prix-innovation\/\" \/>\n<meta property=\"og:locale\" content=\"fr_FR\" \/>\n<meta property=\"og:type\" content=\"article\" \/>\n<meta property=\"og:title\" content=\"STOWA innovatieprijs - Nutreact\" \/>\n<meta property=\"og:description\" content=\"STOWA innovatieprijs: Nutreact wint met innovatieve waterbehandeling. De combinatie van TEO en eutrofi\u00ebringbestrijding overtuigt jury.\" \/>\n<meta property=\"og:url\" content=\"https:\/\/nutreact.eu\/fr\/stowa-prix-innovation\/\" \/>\n<meta property=\"og:site_name\" content=\"Nutreact\" \/>\n<meta property=\"article:modified_time\" content=\"2024-10-02T08:31:17+00:00\" \/>\n<meta property=\"og:image\" content=\"https:\/\/nutreact.eu\/wp-content\/uploads\/2024\/08\/20210709-STOWA-Winnovatie-Mark-den-Dubbelden.png\" \/>\n<meta name=\"twitter:card\" content=\"summary_large_image\" \/>\n<meta name=\"twitter:label1\" content=\"Dur\u00e9e de lecture estim\u00e9e\" \/>\n\t<meta name=\"twitter:data1\" content=\"2 minutes\" \/>\n<script type=\"application\/ld+json\" class=\"yoast-schema-graph\">{\"@context\":\"https:\/\/schema.org\",\"@graph\":[{\"@type\":\"WebPage\",\"@id\":\"https:\/\/nutreact.eu\/stowa-innovatieprijs\/\",\"url\":\"https:\/\/nutreact.eu\/stowa-innovatieprijs\/\",\"name\":\"STOWA innovatieprijs - Nutreact\",\"isPartOf\":{\"@id\":\"https:\/\/nutreact.eu\/#website\"},\"primaryImageOfPage\":{\"@id\":\"https:\/\/nutreact.eu\/stowa-innovatieprijs\/#primaryimage\"},\"image\":{\"@id\":\"https:\/\/nutreact.eu\/stowa-innovatieprijs\/#primaryimage\"},\"thumbnailUrl\":\"https:\/\/nutreact.eu\/wp-content\/uploads\/2024\/08\/20210709-STOWA-Winnovatie-Mark-den-Dubbelden.png\",\"datePublished\":\"2024-08-12T09:56:52+00:00\",\"dateModified\":\"2024-10-02T08:31:17+00:00\",\"description\":\"STOWA innovatieprijs: Nutreact wint met innovatieve waterbehandeling. De combinatie van TEO en eutrofi\u00ebringbestrijding overtuigt jury.\",\"breadcrumb\":{\"@id\":\"https:\/\/nutreact.eu\/stowa-innovatieprijs\/#breadcrumb\"},\"inLanguage\":\"fr-FR\",\"potentialAction\":[{\"@type\":\"ReadAction\",\"target\":[\"https:\/\/nutreact.eu\/stowa-innovatieprijs\/\"]}]},{\"@type\":\"ImageObject\",\"inLanguage\":\"fr-FR\",\"@id\":\"https:\/\/nutreact.eu\/stowa-innovatieprijs\/#primaryimage\",\"url\":\"https:\/\/nutreact.eu\/wp-content\/uploads\/2024\/08\/20210709-STOWA-Winnovatie-Mark-den-Dubbelden.png\",\"contentUrl\":\"https:\/\/nutreact.eu\/wp-content\/uploads\/2024\/08\/20210709-STOWA-Winnovatie-Mark-den-Dubbelden.png\"},{\"@type\":\"BreadcrumbList\",\"@id\":\"https:\/\/nutreact.eu\/stowa-innovatieprijs\/#breadcrumb\",\"itemListElement\":[{\"@type\":\"ListItem\",\"position\":1,\"name\":\"Home\",\"item\":\"https:\/\/nutreact.eu\/\"},{\"@type\":\"ListItem\",\"position\":2,\"name\":\"STOWA innovatieprijs\"}]},{\"@type\":\"WebSite\",\"@id\":\"https:\/\/nutreact.eu\/#website\",\"url\":\"https:\/\/nutreact.eu\/\",\"name\":\"Nutreact\",\"description\":\"Eutrofi&euml;ring Aangepakt met Nutreact Technologie\",\"potentialAction\":[{\"@type\":\"SearchAction\",\"target\":{\"@type\":\"EntryPoint\",\"urlTemplate\":\"https:\/\/nutreact.eu\/?s={search_term_string}\"},\"query-input\":{\"@type\":\"PropertyValueSpecification\",\"valueRequired\":true,\"valueName\":\"search_term_string\"}}],\"inLanguage\":\"fr-FR\"}]}<\/script>\n<!-- \/ Yoast SEO plugin. -->","yoast_head_json":{"title":"Prix de l'innovation STOWA","description":"Prix de l'innovation STOWA : Nutreact remporte le prix du traitement innovant de l'eau. La combinaison de la TEO et du contr\u00f4le de l'eutrophisation a convaincu le jury.","robots":{"index":"index","follow":"follow","max-snippet":"max-snippet:-1","max-image-preview":"max-image-preview:large","max-video-preview":"max-video-preview:-1"},"canonical":"https:\/\/nutreact.eu\/fr\/stowa-prix-innovation\/","og_locale":"fr_FR","og_type":"article","og_title":"STOWA innovatieprijs - Nutreact","og_description":"STOWA innovatieprijs: Nutreact wint met innovatieve waterbehandeling. De combinatie van TEO en eutrofi\u00ebringbestrijding overtuigt jury.","og_url":"https:\/\/nutreact.eu\/fr\/stowa-prix-innovation\/","og_site_name":"Nutreact","article_modified_time":"2024-10-02T08:31:17+00:00","og_image":[{"url":"https:\/\/nutreact.eu\/wp-content\/uploads\/2024\/08\/20210709-STOWA-Winnovatie-Mark-den-Dubbelden.png","type":"","width":"","height":""}],"twitter_card":"summary_large_image","twitter_misc":{"Dur\u00e9e de lecture estim\u00e9e":"2 minutes"},"schema":{"@context":"https:\/\/schema.org","@graph":[{"@type":"WebPage","@id":"https:\/\/nutreact.eu\/stowa-innovatieprijs\/","url":"https:\/\/nutreact.eu\/stowa-innovatieprijs\/","name":"Prix de l'innovation STOWA","isPartOf":{"@id":"https:\/\/nutreact.eu\/#website"},"primaryImageOfPage":{"@id":"https:\/\/nutreact.eu\/stowa-innovatieprijs\/#primaryimage"},"image":{"@id":"https:\/\/nutreact.eu\/stowa-innovatieprijs\/#primaryimage"},"thumbnailUrl":"https:\/\/nutreact.eu\/wp-content\/uploads\/2024\/08\/20210709-STOWA-Winnovatie-Mark-den-Dubbelden.png","datePublished":"2024-08-12T09:56:52+00:00","dateModified":"2024-10-02T08:31:17+00:00","description":"Prix de l'innovation STOWA : Nutreact remporte le prix du traitement innovant de l'eau. La combinaison de la TEO et du contr\u00f4le de l'eutrophisation a convaincu le jury.","breadcrumb":{"@id":"https:\/\/nutreact.eu\/stowa-innovatieprijs\/#breadcrumb"},"inLanguage":"fr-FR","potentialAction":[{"@type":"ReadAction","target":["https:\/\/nutreact.eu\/stowa-innovatieprijs\/"]}]},{"@type":"ImageObject","inLanguage":"fr-FR","@id":"https:\/\/nutreact.eu\/stowa-innovatieprijs\/#primaryimage","url":"https:\/\/nutreact.eu\/wp-content\/uploads\/2024\/08\/20210709-STOWA-Winnovatie-Mark-den-Dubbelden.png","contentUrl":"https:\/\/nutreact.eu\/wp-content\/uploads\/2024\/08\/20210709-STOWA-Winnovatie-Mark-den-Dubbelden.png"},{"@type":"BreadcrumbList","@id":"https:\/\/nutreact.eu\/stowa-innovatieprijs\/#breadcrumb","itemListElement":[{"@type":"ListItem","position":1,"name":"Home","item":"https:\/\/nutreact.eu\/"},{"@type":"ListItem","position":2,"name":"STOWA innovatieprijs"}]},{"@type":"WebSite","@id":"https:\/\/nutreact.eu\/#website","url":"https:\/\/nutreact.eu\/","name":"Nutreact","description":"Eutrofi&euml;ring Aangepakt met Nutreact Technologie","potentialAction":[{"@type":"SearchAction","target":{"@type":"EntryPoint","urlTemplate":"https:\/\/nutreact.eu\/?s={search_term_string}"},"query-input":{"@type":"PropertyValueSpecification","valueRequired":true,"valueName":"search_term_string"}}],"inLanguage":"fr-FR"}]}},"_links":{"self":[{"href":"https:\/\/nutreact.eu\/fr\/wp-json\/wp\/v2\/pages\/21","targetHints":{"allow":["GET"]}}],"collection":[{"href":"https:\/\/nutreact.eu\/fr\/wp-json\/wp\/v2\/pages"}],"about":[{"href":"https:\/\/nutreact.eu\/fr\/wp-json\/wp\/v2\/types\/page"}],"author":[{"embeddable":true,"href":"https:\/\/nutreact.eu\/fr\/wp-json\/wp\/v2\/users\/1"}],"replies":[{"embeddable":true,"href":"https:\/\/nutreact.eu\/fr\/wp-json\/wp\/v2\/comments?post=21"}],"version-history":[{"count":13,"href":"https:\/\/nutreact.eu\/fr\/wp-json\/wp\/v2\/pages\/21\/revisions"}],"predecessor-version":[{"id":125,"href":"https:\/\/nutreact.eu\/fr\/wp-json\/wp\/v2\/pages\/21\/revisions\/125"}],"wp:attachment":[{"href":"https:\/\/nutreact.eu\/fr\/wp-json\/wp\/v2\/media?parent=21"}],"curies":[{"name":"wp","href":"https:\/\/api.w.org\/{rel}","templated":true}]}}